{"id":8334,"date":"2025-06-16T02:13:39","date_gmt":"2025-06-16T02:13:39","guid":{"rendered":"https:\/\/www.largepillow.com\/product\/stylish-bedroom-wedge-pillow-with-ergonomic-neck-rest"},"modified":"2025-06-17T02:29:59","modified_gmt":"2025-06-17T02:29:59","slug":"stylovy-klinovy-vankus-do-spalne-s-ergonomickou-opierkou-krku","status":"publish","type":"product","link":"https:\/\/www.largepillow.com\/sk\/product\/stylish-bedroom-wedge-pillow-with-ergonomic-neck-rest","title":{"rendered":"\u0160t\u00fdlov\u00fd klinov\u00fd vank\u00fa\u0161 do sp\u00e1lne s ergonomickou opierkou krku"},"content":{"rendered":"[zc_getpagecontent mb=&#8221;mb_aplus&#8221; apid=&#8221;118&#8243;]\n","protected":false},"excerpt":{"rendered":"<ul>\n<li>Inovat\u00edvny dvojdielny dizajn \u2013 Tento vank\u00fa\u0161 na \u010delo postele vynik\u00e1 jedine\u010dn\u00fdm dizajnom. Horn\u00e1 biela opierka hlavy poskytuje o\u00e1zu pohodlia ako v oblaku, zatia\u013e \u010do spodn\u00e1, \u0161ir\u0161ia modr\u00e1 opierka chrbta pon\u00faka robustn\u00fa oporu pre v\u00e1\u0161 chrb\u00e1t, \u010do prin\u00e1\u0161a harmonick\u00fa kombin\u00e1ciu funk\u010dnosti a \u0161t\u00fdlu do va\u0161ej sp\u00e1lne.<\/li>\n<li>Nekone\u010dn\u00e9 mo\u017enosti pou\u017eitia \u2013 \u010ci u\u017e sa pon\u00e1rate do p\u00fatav\u00e9ho rom\u00e1nu, sledujete svoje ob\u013e\u00faben\u00e9 rel\u00e1cie alebo si jednoducho u\u017e\u00edvate chv\u00ed\u013eku pokoja, tento vank\u00fa\u0161 je va\u0161\u00edm dokonal\u00fdm partnerom; Ide\u00e1lny na leniv\u00e9 nede\u013en\u00e9 r\u00e1na, popolud\u0148aj\u0161ie siesty alebo neskor\u00e9 no\u010dn\u00e9 \u010d\u00edtanie, pozdvihne v\u00e1\u0161 relaxa\u010dn\u00fd z\u00e1\u017eitok v posteli.<\/li>\n<li>Pre pohodlie ka\u017ed\u00e9ho \u2013 N\u00e1\u0161 vank\u00fa\u0161 bol navrhnut\u00fd s oh\u013eadom na inkl\u00faziu a je vhodn\u00fd pre ka\u017ed\u00e9ho. \u0160tudenti si m\u00f4\u017eu odd\u00fdchnu\u0165 po dlh\u00fdch \u0161tudijn\u00fdch hodin\u00e1ch, profesion\u00e1li po n\u00e1ro\u010dnom dni a seniori n\u00e1jdu pri odpo\u010dinku v\u00e4\u010d\u0161ie pohodlie. Jeho ergonomick\u00fd dizajn zaru\u010duje, \u017ee si jeho vynikaj\u00facu oporu a pohodlie m\u00f4\u017eu vychutna\u0165 \u013eudia v\u0161etk\u00fdch vekov\u00fdch kateg\u00f3ri\u00ed a typov post\u00e1v.<\/li>\n<li>V\u00fdhoda prisp\u00f4sobite\u013enej v\u00fd\u0161ky \u2013 Funkcia prisp\u00f4sobite\u013enej v\u00fd\u0161ky je prevratn\u00e1. V\u010faka praktick\u00e9mu lepiacemu popruhu si m\u00f4\u017eete bez n\u00e1mahy nastavi\u0165 polohu opierky hlavy, zdvihn\u00fa\u0165 ju pre lep\u0161iu oporu krku alebo ju spusti\u0165 pre uvo\u013enenej\u0161iu polohu, \u010d\u00edm si prisp\u00f4sob\u00edte pohodlie presne pod\u013ea svojich preferenci\u00ed.<\/li>\n<li>Najvy\u0161\u0161ia kvalita materi\u00e1lu \u2013 N\u00e1\u0161 vank\u00fa\u0161 na \u010delo postele s\u013eubuje kvalitu a pohodlie. V\u00fdpl\u0148 opierky hlavy z polypropyl\u00e9novej bavlny a zamatov\u00fd po\u0165ah pon\u00fakaj\u00fa luxusn\u00fd a \u0161etrn\u00fd dotyk na poko\u017eke. Po\u0165ah opierky chrbta z polypropyl\u00e9novej bavlny a polyesterov\u00e9ho \u013eanu je priedu\u0161n\u00fd a odoln\u00fd, \u010do zais\u0165uje dlhotrvaj\u00face pohodlie a jednoduch\u00fa \u00fadr\u017ebu.<\/li>\n<\/ul>","protected":false},"featured_media":8323,"comment_status":"open","ping_status":"closed","template":"","meta":[],"product_brand":[],"product_cat":[228],"product_tag":[],"class_list":{"0":"post-8334","1":"product","2":"type-product","3":"status-publish","4":"has-post-thumbnail","6":"product_cat-cushions","8":"first","9":"instock","10":"sold-individually","11":"shipping-taxable","12":"purchasable","13":"product-type-variable","14":"has-default-attributes"},"_links":{"self":[{"href":"https:\/\/www.largepillow.com\/sk\/wp-json\/wp\/v2\/product\/8334","targetHints":{"allow":["GET"]}}],"collection":[{"href":"https:\/\/www.largepillow.com\/sk\/wp-json\/wp\/v2\/product"}],"about":[{"href":"https:\/\/www.largepillow.com\/sk\/wp-json\/wp\/v2\/types\/product"}],"replies":[{"embeddable":true,"href":"https:\/\/www.largepillow.com\/sk\/wp-json\/wp\/v2\/comments?post=8334"}],"wp:featuredmedia":[{"embeddable":true,"href":"https:\/\/www.largepillow.com\/sk\/wp-json\/wp\/v2\/media\/8323"}],"wp:attachment":[{"href":"https:\/\/www.largepillow.com\/sk\/wp-json\/wp\/v2\/media?parent=8334"}],"wp:term":[{"taxonomy":"product_brand","embeddable":true,"href":"https:\/\/www.largepillow.com\/sk\/wp-json\/wp\/v2\/product_brand?post=8334"},{"taxonomy":"product_cat","embeddable":true,"href":"https:\/\/www.largepillow.com\/sk\/wp-json\/wp\/v2\/product_cat?post=8334"},{"taxonomy":"product_tag","embeddable":true,"href":"https:\/\/www.largepillow.com\/sk\/wp-json\/wp\/v2\/product_tag?post=8334"}],"curies":[{"name":"wp","href":"https:\/\/api.w.org\/{rel}","templated":true}]}}