{"id":8343,"date":"2025-06-16T02:24:31","date_gmt":"2025-06-16T02:24:31","guid":{"rendered":"https:\/\/www.largepillow.com\/product\/indoor-kids-playroom-furniture-7pcs-modular-foam-sofa"},"modified":"2025-06-17T03:43:28","modified_gmt":"2025-06-17T03:43:28","slug":"7-dielna-modularna-penova-pohovka-pre-deti-do-herne","status":"publish","type":"product","link":"https:\/\/www.largepillow.com\/sk\/product\/indoor-kids-playroom-furniture-7pcs-modular-foam-sofa\/","title":{"rendered":"N\u00e1bytok do detskej herne, 7-dielna modul\u00e1rna penov\u00e1 pohovka"},"content":{"rendered":"[zc_getpagecontent mb=&#8221;mb_aplus&#8221; apid=&#8221;114&#8243;]\n","protected":false},"excerpt":{"rendered":"<ul>\n<li>Popus\u0165te uzdu a stimulujte predstavivos\u0165: Predstavujeme na\u0161u v\u0161estrann\u00fa modul\u00e1rnu detsk\u00fa pohovku, navrhnut\u00fa zo 7 flexibiln\u00fdch penov\u00fdch blokov, ktor\u00e9 sa daj\u00fa premeni\u0165 na nekone\u010dn\u00e9 mno\u017estvo hern\u00fdch \u0161trukt\u00far. Od \u00fatuln\u00fdch pohoviek, \u0161m\u00fdka\u010diek a hradov a\u017e po jamy s lopti\u010dkami a mini prek\u00e1\u017ekov\u00e9 dr\u00e1hy, tento multifunk\u010dn\u00fd dizajn nielen\u017ee podporuje kreativitu, ale tie\u017e umo\u017e\u0148uje de\u0165om vybudova\u0165 si vlastn\u00e9 n\u00e1padit\u00e9 hern\u00e9 priestory. Na\u0161a hern\u00e1 pohovka je ide\u00e1lna na podporu predstavivosti, kreativity a rozvoj soci\u00e1lnych a motorick\u00fdch zru\u010dnost\u00ed a je dokonal\u00fdm n\u00e1strojom na lezenie, rozpr\u00e1vanie, odpo\u010dinok a u\u017e\u00edvanie si interakt\u00edvnej hry.\u00a0<\/li>\n<li>Zv\u00fd\u0161en\u00e9 pohodlie, bezpe\u010dnos\u0165 a odolnos\u0165: Na\u0161a detsk\u00e1 pohovka je vyroben\u00e1 s oh\u013eadom na bezpe\u010dnos\u0165 a pohodlie det\u00ed a m\u00e1 jadro z peny s vysokou hustotou a je vyplnen\u00e1 vysoko elastickou \u0161pongiou, ktor\u00e1 vydr\u017e\u00ed roky intenz\u00edvnej hry. M\u00e4kk\u00fd povrch odoln\u00fd vo\u010di n\u00e1razom zais\u0165uje bezpe\u010dn\u00e9 prostredie na sk\u00e1kanie a lezenie bez ostr\u00fdch hr\u00e1n alebo tvrd\u00fdch rohov. Na\u0161a detsk\u00e1 pohovka je potiahnut\u00e1 vodeodolnou a odolnou umelou ko\u017eou pre jednoduch\u00e9 \u010distenie a je navrhnut\u00e1 v neutr\u00e1lnej farebnej sch\u00e9me, ktor\u00e1 odol\u00e1va \u0161kvrn\u00e1m, \u010d\u00edm sa zabezpe\u010d\u00ed, \u017ee si zachov\u00e1 svoj nedotknut\u00fd vzh\u013ead po mnoho rokov.<\/li>\n<li>P\u00fatav\u00e9 z\u00e1\u017eitky z budovania v\u00e4zieb medzi rodi\u010dom a die\u0165a\u0165om: Za\u017eite neocenite\u013en\u00e9 chv\u00edle spojenia so svojimi de\u0165mi pomocou na\u0161ej modul\u00e1rnej hracej pohovky. Sl\u00fa\u017ei ako \u00fatuln\u00e9 prostredie pre kvalitn\u00e9 interakcie medzi rodi\u010dom a die\u0165a\u0165om, podporuje hru, relax\u00e1ciu a vytv\u00e1ra pr\u00edjemn\u00e9 prostredie. Je ide\u00e1lna do sp\u00e1ln\u00ed, hern\u00ed, detsk\u00fdch izieb alebo ob\u00fdvac\u00edch izieb a je tie\u017e fantastick\u00fdm dar\u010dekom k narodenin\u00e1m, Vianociam alebo oslave narodenia die\u0165a\u0165a, ktor\u00fd prinesie do v\u00e1\u0161ho domova rados\u0165 a smiech.<\/li>\n<li>Pohodln\u00e1 \u00fadr\u017eba a skladovanie: Na\u0161a detsk\u00e1 pohovka m\u00e1 odn\u00edmate\u013en\u00fd po\u0165ah, ktor\u00fd je mo\u017en\u00e9 pra\u0165 v pr\u00e1\u010dke, v\u010faka \u010domu je jej \u00fadr\u017eba hra\u010dkou. Jej zv\u00e4\u010d\u0161en\u00e1 ve\u013ekos\u0165 a \u013eahk\u00e1 kon\u0161trukcia umo\u017e\u0148uj\u00fa jednoduch\u00fa mobilitu a skladovanie, \u010do de\u0165om umo\u017e\u0148uje bez n\u00e1mahy pres\u00fava\u0165 a meni\u0165 konfigur\u00e1ciu zostavy z jednej miestnosti do druhej. Ka\u017ed\u00fd modul je vybaven\u00fd zipsami pre jednoduch\u00e9 \u010distenie, \u010do zais\u0165uje dlhotrvaj\u00facu \u010distotu a pote\u0161enie.<\/li>\n<li>Jednoduch\u00e1 in\u0161tal\u00e1cia a okam\u017eit\u00e1 z\u00e1bava: Na\u0161a detsk\u00e1 pohovka je zabalen\u00e1 pomocou v\u00e1kuovej kompresie pre efekt\u00edvnu prepravu, tak\u017ee sa m\u00f4\u017ee po otvoren\u00ed zda\u0165 zdeformovan\u00e1 alebo ten\u0161ia. Nie je to v\u0161ak probl\u00e9m s kvalitou. Sta\u010d\u00ed necha\u0165 48 \u2013 72 hod\u00edn, aby sa pena \u00faplne roztiahla a znovu nadobudla svoju norm\u00e1lnu ve\u013ekos\u0165 a hr\u00fabku. Bez nutnosti mont\u00e1\u017ee sa deti m\u00f4\u017eu okam\u017eite ponori\u0165 do tvorenia a objavovania svojho vlastn\u00e9ho mal\u00e9ho sveta, \u010do im poskytne okam\u017eit\u00fa z\u00e1bavu a funk\u010dnos\u0165. Pre v\u00e4\u010d\u0161iu stabilitu pri pou\u017eit\u00ed ako be\u017enej pohovky sa odpor\u00fa\u010da umiestni\u0165 ju k stene.<\/li>\n<li>Hmotnos\u0165: 17 libier, rozmery: 13\u2033H x 39\u2033\u0160 x 19\u2033V.<\/li>\n<\/ul>","protected":false},"featured_media":8337,"comment_status":"open","ping_status":"closed","template":"","meta":[],"product_brand":[],"product_cat":[228],"product_tag":[],"class_list":{"0":"post-8343","1":"product","2":"type-product","3":"status-publish","4":"has-post-thumbnail","6":"product_cat-cushions","8":"first","9":"instock","10":"sold-individually","11":"shipping-taxable","12":"purchasable","13":"product-type-simple"},"_links":{"self":[{"href":"https:\/\/www.largepillow.com\/sk\/wp-json\/wp\/v2\/product\/8343","targetHints":{"allow":["GET"]}}],"collection":[{"href":"https:\/\/www.largepillow.com\/sk\/wp-json\/wp\/v2\/product"}],"about":[{"href":"https:\/\/www.largepillow.com\/sk\/wp-json\/wp\/v2\/types\/product"}],"replies":[{"embeddable":true,"href":"https:\/\/www.largepillow.com\/sk\/wp-json\/wp\/v2\/comments?post=8343"}],"wp:featuredmedia":[{"embeddable":true,"href":"https:\/\/www.largepillow.com\/sk\/wp-json\/wp\/v2\/media\/8337"}],"wp:attachment":[{"href":"https:\/\/www.largepillow.com\/sk\/wp-json\/wp\/v2\/media?parent=8343"}],"wp:term":[{"taxonomy":"product_brand","embeddable":true,"href":"https:\/\/www.largepillow.com\/sk\/wp-json\/wp\/v2\/product_brand?post=8343"},{"taxonomy":"product_cat","embeddable":true,"href":"https:\/\/www.largepillow.com\/sk\/wp-json\/wp\/v2\/product_cat?post=8343"},{"taxonomy":"product_tag","embeddable":true,"href":"https:\/\/www.largepillow.com\/sk\/wp-json\/wp\/v2\/product_tag?post=8343"}],"curies":[{"name":"pracovn\u00fd list","href":"https:\/\/api.w.org\/{rel}","templated":true}]}}