{"id":8359,"date":"2025-06-16T03:20:34","date_gmt":"2025-06-16T03:20:34","guid":{"rendered":"https:\/\/www.largepillow.com\/product\/unique-relaxing-human-dog-bed-multi-use-anti-anxiety-floor-cushion"},"modified":"2025-06-16T03:40:23","modified_gmt":"2025-06-16T03:40:23","slug":"unikatny-relaxacny-pelech-pre-psov-s-viacucelovym-anti-anxioznym-podlahovym-vankusom","status":"publish","type":"product","link":"https:\/\/www.largepillow.com\/sk\/product\/unique-relaxing-human-dog-bed-multi-use-anti-anxiety-floor-cushion\/","title":{"rendered":"Jedine\u010dn\u00fd relaxa\u010dn\u00fd pelech pre \u010dloveka a psa: Viac\u00fa\u010delov\u00fd podlahov\u00fd vank\u00fa\u0161 proti \u00fazkosti"},"content":{"rendered":"[zc_getpagecontent mb=&#8221;mb_aplus&#8221; apid=&#8221;137&#8243;]\n","protected":false},"excerpt":{"rendered":"<ul>\n<li><strong>Inovat\u00edvny dizajn:<\/strong> Za\u017eite pohodlie a bezpe\u010die n\u00e1\u0161ho bezr\u00e1mov\u00e9ho sedenia na podlahe, ktor\u00e9 v\u00e1s obklop\u00ed ako \u00fatuln\u00e9 hniezdo\u010dko, podporuje relax\u00e1ciu a zmier\u0148uje \u00fazkos\u0165. Bez akejko\u013evek r\u00e1movej kon\u0161trukcie si sta\u010d\u00ed \u013eahn\u00fa\u0165 na toto sedadlo na podlahe a spo\u013eahn\u00fa\u0165 sa na svoje telo.<\/li>\n<li><strong>Ide\u00e1lne pre v\u00e1s a v\u00e1\u0161ho dom\u00e1ceho mazn\u00e1\u010dika:<\/strong> \u010ci u\u017e sami alebo so svoj\u00edm chlpat\u00fdm kamar\u00e1tom, tento \u013eudsk\u00fd pelech pre psov v\u00e1m obom umo\u017en\u00ed natiahnu\u0165 sa a spoji\u0165 sa, v\u010faka \u010domu je ide\u00e1lnym miestom na pr\u00e1cu alebo relax.<\/li>\n<li><strong>\u013dahk\u00fd a prenosn\u00fd:<\/strong> Na rozdiel od tradi\u010dn\u00fdch postel\u00ed alebo pohoviek je tento podlahov\u00fd vank\u00fa\u0161 neuverite\u013ene \u013eahk\u00fd, v\u010faka \u010domu sa d\u00e1 \u013eahko premiest\u0148ova\u0165 po dome alebo si ho vzia\u0165 so sebou na cesty a pon\u00faka pocit bezpe\u010dia, nech ste kdeko\u013evek.<\/li>\n<li><strong>\u0160t\u00fdlov\u00e9 a pohodln\u00e9:<\/strong> T\u00e1to pelecha pre psov s trendov\u00fdmi geometrick\u00fdmi potla\u010dami v modrej, oran\u017eovej a \u010diernej farbe a m\u00e4kkou kr\u00e1tkou ply\u0161ovou pod\u0161\u00edvkou pon\u00faka jedine\u010dn\u00fd \u0161t\u00fdl spolu s bezkonkuren\u010dn\u00fdm pohodl\u00edm po\u010das hod\u00edn le\u0148o\u0161enia.<\/li>\n<li><strong>Ide\u00e1lna ve\u013ekos\u0165:<\/strong> V\u010faka priestrann\u00fdm rozmerom 52*32 palcov je toto sedenie na podlahe ide\u00e1lne pre dospel\u00fdch aj deti do 175 cm, je \u0161peci\u00e1lne prisp\u00f4soben\u00e9 pre pohodlie drobn\u00fdch pou\u017e\u00edvate\u013eov a poskytuje \u00fatuln\u00fd a relaxa\u010dn\u00fd z\u00e1\u017eitok.<\/li>\n<\/ul>","protected":false},"featured_media":8353,"comment_status":"open","ping_status":"closed","template":"","meta":[],"product_brand":[],"product_cat":[228],"product_tag":[],"class_list":{"0":"post-8359","1":"product","2":"type-product","3":"status-publish","4":"has-post-thumbnail","6":"product_cat-cushions","8":"first","9":"instock","10":"shipping-taxable","11":"purchasable","12":"product-type-simple"},"_links":{"self":[{"href":"https:\/\/www.largepillow.com\/sk\/wp-json\/wp\/v2\/product\/8359","targetHints":{"allow":["GET"]}}],"collection":[{"href":"https:\/\/www.largepillow.com\/sk\/wp-json\/wp\/v2\/product"}],"about":[{"href":"https:\/\/www.largepillow.com\/sk\/wp-json\/wp\/v2\/types\/product"}],"replies":[{"embeddable":true,"href":"https:\/\/www.largepillow.com\/sk\/wp-json\/wp\/v2\/comments?post=8359"}],"wp:featuredmedia":[{"embeddable":true,"href":"https:\/\/www.largepillow.com\/sk\/wp-json\/wp\/v2\/media\/8353"}],"wp:attachment":[{"href":"https:\/\/www.largepillow.com\/sk\/wp-json\/wp\/v2\/media?parent=8359"}],"wp:term":[{"taxonomy":"product_brand","embeddable":true,"href":"https:\/\/www.largepillow.com\/sk\/wp-json\/wp\/v2\/product_brand?post=8359"},{"taxonomy":"product_cat","embeddable":true,"href":"https:\/\/www.largepillow.com\/sk\/wp-json\/wp\/v2\/product_cat?post=8359"},{"taxonomy":"product_tag","embeddable":true,"href":"https:\/\/www.largepillow.com\/sk\/wp-json\/wp\/v2\/product_tag?post=8359"}],"curies":[{"name":"pracovn\u00fd list","href":"https:\/\/api.w.org\/{rel}","templated":true}]}}