{"id":845,"date":"2022-09-17T14:14:51","date_gmt":"2022-09-17T14:14:51","guid":{"rendered":"https:\/\/www.largepillow.com\/product\/wedge-pillow-for-acid-reflux_37_38_39_40_41_42"},"modified":"2024-12-04T12:25:24","modified_gmt":"2024-12-04T12:25:24","slug":"dekoracne-vankuse-do-postele","status":"publish","type":"product","link":"https:\/\/www.largepillow.com\/sk\/product\/decorative-pillows-for-bed","title":{"rendered":"Dekorat\u00edvne vank\u00fa\u0161e do postele"},"content":{"rendered":"<p>Doprajte si bezkonkuren\u010dn\u00e9 pohodlie s na\u0161imi dekorat\u00edvnymi vank\u00fa\u0161mi do postele<\/p>\n<p>Preme\u0148te svoj z\u00e1\u017eitok pred span\u00edm s na\u0161imi starostlivo vyroben\u00fdmi dekorat\u00edvnymi vank\u00fa\u0161mi do postele, ktor\u00e9 s\u00fa navrhnut\u00e9 tak, aby zv\u00fd\u0161ili va\u0161e pohodlie a relax\u00e1ciu.<\/p>\n<p>Maxim\u00e1lne pohodlie a podpora<\/p>\n<p>Na\u0161e vank\u00fa\u0161e maj\u00fa zaoblen\u00fd tvar, ktor\u00fd sa prisp\u00f4sob\u00ed kont\u00faram v\u00e1\u0161ho tela a poskytuje bezkonkuren\u010dn\u00e9 pohodlie. \u010ci u\u017e le\u0148o\u0161\u00edte v posteli, relaxujete na pohovke alebo sn\u00edvate na gau\u010di, n\u00e1\u0161 \u010ditate\u013esk\u00fd vank\u00fa\u0161 s \u010delom postele v\u00e1m poskytne oporu a uvo\u013en\u00ed v\u00e1s od nap\u00e4tia.<\/p>\n<p>Zv\u00fd\u0161en\u00e9 operadlo pre optim\u00e1lnu oporu<\/p>\n<p>Doprajte si luxus n\u00e1\u0161ho dvojradov\u00e9ho vyv\u00fd\u0161en\u00e9ho operadla, ktor\u00e9 je odborne vyroben\u00e9 tak, aby poskytovalo v\u00fdnimo\u010dn\u00fa oporu pre v\u00e1\u0161 krk a chrb\u00e1t. Ponorte sa do svojej ob\u013e\u00fabenej knihy alebo sa nechajte strhn\u00fa\u0165 p\u00fatav\u00fdm filmom bez ak\u00e9hoko\u013evek nepohodlia alebo nap\u00e4tia.<\/p>\n<p>V\u0161estrann\u00e1 funk\u010dnos\u0165<\/p>\n<p>Vychutnajte si v\u0161estrannos\u0165 n\u00e1\u0161ho vank\u00fa\u0161a s jeho tromi r\u00f4znymi sp\u00f4sobmi pou\u017eitia. Postavte ho vzpriamene ako vank\u00fa\u0161 na chrb\u00e1t, podoprite si ho ako klinov\u00fd vank\u00fa\u0161 alebo si zdvihnite nohy pre v\u00e4\u010d\u0161ie pohodlie. Je to perfektn\u00fd doplnok na pohodlie a relax.<\/p>\n<p>Pr\u00e9miov\u00e9 remeseln\u00e9 spracovanie a odolnos\u0165<\/p>\n<p>Na\u0161e vank\u00fa\u0161e na \u010delo postele s\u00fa starostlivo vyroben\u00e9 z vysoko kvalitnej l\u00e1tky s imit\u00e1ciou \u013eanu, ktor\u00e1 sa sklad\u00e1 z polyesteru 100% pre dlh\u00fa \u017eivotnos\u0165 a jednoduch\u00fa \u00fadr\u017ebu. Ekologick\u00e1 a odoln\u00e1 v\u00fdpl\u0148 z polyesterov\u00fdch vl\u00e1kien zais\u0165uje dlhotrvaj\u00face pohodlie. Navy\u0161e, odn\u00edmate\u013en\u00fd vank\u00fa\u0161 na poste\u013e u\u013eah\u010duje \u010distenie.<\/p>\n<p>Bezprobl\u00e9mov\u00e9 \u010distenie<\/p>\n<p>Udr\u017eujte svoj vank\u00fa\u0161 v perfektnom stave bez n\u00e1mahy. Po\u0165ah na \u010delo postele sa prip\u00edna gomb\u00edkmi, \u010do umo\u017e\u0148uje jednoduch\u00e9 s\u0148atie. Pre r\u00fdchle osvie\u017eenie jednoducho rozopnite po\u0165ah a vho\u010fte ho do pr\u00e1\u010dky.<\/p>\n<p>Mo\u017enosti prisp\u00f4sobenia ve\u013ekosti<\/p>\n<p>Vyberte si perfektn\u00fa ve\u013ekos\u0165 pre va\u0161u poste\u013e z na\u0161ej \u0161irokej ponuky mo\u017enost\u00ed:<\/p>\n<p>* 100 cm (D 100 x \u0160 26 x V 55)<br \/>\n* 120 cm (D 120 x \u0160 26 x V 55)<br \/>\n* 140 cm (D 140 x \u0160 26 x V 55)<br \/>\n* 160 cm (D 160 x \u0160 26 x V 55)<br \/>\n* 180 cm (D 180 x \u0160 26 x V 55)<br \/>\n* 200 cm (D 200 x \u0160 26 x V 55)<\/p>\n<p>Referencie z\u00e1kazn\u00edkov<\/p>\n<p>Na\u0161i spokojn\u00ed z\u00e1kazn\u00edci nad\u0161ene hovoria o v\u00fdnimo\u010dnej kvalite na\u0161ich dekorat\u00edvnych vank\u00fa\u0161ov do postele:<\/p>\n<p>* \u201cTento trojuholn\u00edkov\u00fd vank\u00fa\u0161 je nielen pohodln\u00fd, ale aj ve\u013emi praktick\u00fd. Som s n\u00edm naozaj spokojn\u00e1!\u201d<br \/>\n* \u201cMilujem \u013eanov\u00fd materi\u00e1l. Je m\u00e4kk\u00fd a priedu\u0161n\u00fd a farba je kr\u00e1sna.\u201d<br \/>\n* \u201cTento vank\u00fa\u0161 som k\u00fapila pre svoju mamu, ktor\u00e1 m\u00e1 bolesti chrbta. Ve\u013emi jej pomohol c\u00edti\u0165 sa pohodlnej\u0161ie.\u201d<\/p>\n<p>Doprajte si maxim\u00e1lne pohodlie a relax\u00e1ciu s na\u0161imi dekorat\u00edvnymi vank\u00fa\u0161mi do postele. Objednajte si svoj e\u0161te dnes a za\u017eite bezkonkuren\u010dn\u00fa oporu a luxus, ktor\u00fd si zasl\u00fa\u017eite.<\/p>","protected":false},"excerpt":{"rendered":"<ul>\n<li><strong>Maxim\u00e1lne pohodlie:<\/strong> Tento vank\u00fa\u0161 s vyv\u00fd\u0161en\u00fdm \u010delom XL pon\u00faka vynikaj\u00face pohodlie v\u010faka svojmu zaoblen\u00e9mu dizajnu. Tento \u010ditate\u013esk\u00fd vank\u00fa\u0161 s \u010delom v\u00e1m pom\u00f4\u017ee zosta\u0165 bez nap\u00e4tia na posteli, pohovke, dennej posteli alebo gau\u010di, \u010do je ide\u00e1lne pre no\u010dn\u00fdch sov, knihomo\u013eov a pozeranie telev\u00edzie v posteli.<\/li>\n<li><strong>Dizajn so zv\u00fd\u0161en\u00fdm operadlom:<\/strong> Vychutnajte si bezkonkuren\u010dn\u00e9 pohodlie s unik\u00e1tnym dvojradov\u00fdm dizajnom vyv\u00fd\u0161en\u00e9ho operadla n\u00e1\u0161ho vank\u00fa\u0161a na \u010delo postele. Zv\u00fd\u0161en\u00e9 operadlo na \u010delo postele poskytuje vynikaj\u00facu oporu pre v\u00e1\u0161 krk a chrb\u00e1t, v\u010faka \u010domu je ide\u00e1lnym miestom na relax\u00e1ciu a \u010d\u00edtanie v posteli.<\/li>\n<li><strong>Multifunk\u010dn\u00fd vank\u00fa\u0161:<\/strong> V\u010faka trom r\u00f4znym sp\u00f4sobom pou\u017eitia je n\u00e1\u0161 vank\u00fa\u0161 ide\u00e1lny pre ka\u017ed\u00fa situ\u00e1ciu. \u010ci u\u017e ho chcete pou\u017ei\u0165 ako vank\u00fa\u0161 na vzpriamen\u00fd chrb\u00e1t, klinov\u00fd vank\u00fa\u0161 alebo vank\u00fa\u0161 na nohy pre zv\u00fd\u0161en\u00fa oporu, je to ide\u00e1lny doplnok pre pohodln\u00fd odpo\u010dinok a relax\u00e1ciu.<\/li>\n<li><strong>Vynikaj\u00face remeseln\u00e9 spracovanie:<\/strong> N\u00e1\u0161 vank\u00fa\u0161 na \u010delo postele je vyroben\u00fd z l\u00e1tky s \u013eanov\u00fdm vzh\u013eadom, ktorej zlo\u017eenie je polyester 100%, a je vyplnen\u00fd ekologickou a vysoko odolnou polyesterovou v\u00fdpl\u0148ou. Odn\u00edmate\u013en\u00fd vank\u00fa\u0161 na podhlavn\u00edk sa \u013eahko pere v pr\u00e1\u010dke a mal\u00e9 bo\u010dn\u00e9 vreck\u00e1 dod\u00e1vaj\u00fa tomuto u\u017e aj tak luxusn\u00e9mu produktu praktickos\u0165.<\/li>\n<li><strong>\u013dahko sa um\u00fdva:<\/strong> Po\u0165ah na vank\u00fa\u0161 na \u010delo postele je pripevnen\u00fd k vn\u00fatornej strane vank\u00fa\u0161a pomocou gomb\u00edkov a d\u00e1 sa \u013eahko odstr\u00e1ni\u0165 pomocou zipsu. V\u010faka tomu je jeho \u010distenie bezprobl\u00e9mov\u00e9. Sta\u010d\u00ed po\u0165ah odstr\u00e1ni\u0165 a r\u00fdchlo vypra\u0165 v pr\u00e1\u010dke, aby v\u00e1\u0161 vank\u00fa\u0161 vyzeral ako nov\u00fd.<\/li>\n<li><strong>Ve\u013ekos\u0165:<\/strong> 100 cm (D100 x \u016026 x V55 | 3 st\u013apce s tla\u010didlami), 120 cm (D120 x \u016026 x V55 | 4 st\u013apce s tla\u010didlami), 140 cm (D140 x \u016026 x V55 | 4 st\u013apce s tla\u010didlami), 160 cm (D160 x \u016026 x V55 | 5 st\u013apcov s tla\u010didlami), 180 cm (D180 x \u016026 x V55 | 6 st\u013apcov s tla\u010didlami), 200 cm (D200 x \u016026 x V55 | 7 st\u013apcov s tla\u010didlami).<\/li>\n<\/ul>","protected":false},"featured_media":830,"comment_status":"open","ping_status":"closed","template":"","meta":[],"product_brand":[],"product_cat":[15],"product_tag":[145,165,164,161,143,162,65],"class_list":{"0":"post-845","1":"product","2":"type-product","3":"status-publish","4":"has-post-thumbnail","6":"product_cat-large-wedge-pillow","7":"product_tag-decorative-pillow","8":"product_tag-detachable-bolster","9":"product_tag-detachable-bolster-bed-cushion","10":"product_tag-elevated-headboard-pillow","11":"product_tag-multifunctional-pillow","12":"product_tag-upright-back-pillow","13":"product_tag-wedge-pillow","15":"first","16":"instock","17":"featured","18":"shipping-taxable","19":"purchasable","20":"product-type-variable"},"_links":{"self":[{"href":"https:\/\/www.largepillow.com\/sk\/wp-json\/wp\/v2\/product\/845","targetHints":{"allow":["GET"]}}],"collection":[{"href":"https:\/\/www.largepillow.com\/sk\/wp-json\/wp\/v2\/product"}],"about":[{"href":"https:\/\/www.largepillow.com\/sk\/wp-json\/wp\/v2\/types\/product"}],"replies":[{"embeddable":true,"href":"https:\/\/www.largepillow.com\/sk\/wp-json\/wp\/v2\/comments?post=845"}],"wp:featuredmedia":[{"embeddable":true,"href":"https:\/\/www.largepillow.com\/sk\/wp-json\/wp\/v2\/media\/830"}],"wp:attachment":[{"href":"https:\/\/www.largepillow.com\/sk\/wp-json\/wp\/v2\/media?parent=845"}],"wp:term":[{"taxonomy":"product_brand","embeddable":true,"href":"https:\/\/www.largepillow.com\/sk\/wp-json\/wp\/v2\/product_brand?post=845"},{"taxonomy":"product_cat","embeddable":true,"href":"https:\/\/www.largepillow.com\/sk\/wp-json\/wp\/v2\/product_cat?post=845"},{"taxonomy":"product_tag","embeddable":true,"href":"https:\/\/www.largepillow.com\/sk\/wp-json\/wp\/v2\/product_tag?post=845"}],"curies":[{"name":"wp","href":"https:\/\/api.w.org\/{rel}","templated":true}]}}