{"id":866,"date":"2022-09-17T14:44:55","date_gmt":"2022-09-17T14:44:55","guid":{"rendered":"https:\/\/www.largepillow.com\/product\/wedge-pillow-for-acid-reflux_37_38_39_40_41_42_43"},"modified":"2025-04-18T01:36:58","modified_gmt":"2025-04-18T01:36:58","slug":"chrbtovy-vankus-na-spanie","status":"publish","type":"product","link":"https:\/\/www.largepillow.com\/sk\/product\/back-pillow-for-sleeping","title":{"rendered":"Vank\u00fa\u0161 na spanie"},"content":{"rendered":"<p>Vank\u00fa\u0161 na spanie: Dokonal\u00fd doplnok pohodlia<\/p>\n<p>U\u017e v\u00e1s nebav\u00ed c\u00edti\u0165 nepohodlie pri relax\u00e1cii v posteli, na pohovke, dennom l\u00f4\u017eku alebo gau\u010di? \u010casto sa stret\u00e1vate s probl\u00e9mami s pohodln\u00fdm usaden\u00edm pri \u010d\u00edtan\u00ed, sledovan\u00ed telev\u00edzie alebo pr\u00e1ci v posteli? Ak \u00e1no, potom je pre v\u00e1s vank\u00fa\u0161 na spanie perfektn\u00fdm doplnkom!<\/p>\n<p>Jednou z vynikaj\u00facich vlastnost\u00ed tohto produktu je jeho zaoblen\u00fd tvar, ktor\u00fd pon\u00faka vynikaj\u00face pohodlie. Tento \u010ditate\u013esk\u00fd vank\u00fa\u0161 s \u010delom postele v\u00e1m pom\u00f4\u017ee zosta\u0165 bez nap\u00e4tia, bez oh\u013eadu na to, kde sa nach\u00e1dzate. \u010ci u\u017e ste no\u010dn\u00e1 sova, ktor\u00e1 rada pracuje dlho do noci, knihomo\u013e, ktor\u00fd miluje \u010d\u00edtanie v posteli, alebo niekto, kto si jednoducho u\u017e\u00edva sledovanie telev\u00edzie v posteli, tento vank\u00fa\u0161 v\u00e1m pom\u00f4\u017ee.<\/p>\n<p>\u010eal\u0161ou unik\u00e1tnou vlastnos\u0165ou vank\u00fa\u0161a na spanie je jeho vyv\u00fd\u0161en\u00fd dizajn operadla. V\u010faka dvojradov\u00e9mu zv\u00fd\u0161en\u00e9mu operadlu poskytuje tento vank\u00fa\u0161 vynikaj\u00facu oporu pre krk a chrb\u00e1t. V\u010faka tomu je ide\u00e1lnym doplnkom pre t\u00fdch, ktor\u00ed trpia boles\u0165ami chrbta alebo krku, alebo pre kohoko\u013evek, kto si chce jednoducho odd\u00fdchnu\u0165 a \u010d\u00edta\u0165 v posteli.<\/p>\n<p>Multifunk\u010dn\u00fd dizajn vank\u00fa\u0161a na spanie je \u010fal\u0161\u00edm d\u00f4le\u017eit\u00fdm predajn\u00fdm argumentom. V\u010faka trom r\u00f4znym sp\u00f4sobom pou\u017eitia je tento vank\u00fa\u0161 ide\u00e1lny pre ka\u017ed\u00fa situ\u00e1ciu. \u010ci u\u017e ho rad\u0161ej pou\u017e\u00edvate ako vzpriamen\u00fd chrbtov\u00fd vank\u00fa\u0161, klinov\u00fd vank\u00fa\u0161 alebo vank\u00fa\u0161 na nohy pre zv\u00fd\u0161en\u00fa oporu, je to ide\u00e1lny doplnok pre pohodln\u00fd odpo\u010dinok a relax\u00e1ciu.<\/p>\n<p>Pokia\u013e ide o remeseln\u00e9 spracovanie, vank\u00fa\u0161 na spanie je vyroben\u00fd z vysoko kvalitn\u00fdch materi\u00e1lov. L\u00e1tka s \u013eanov\u00fdm vzh\u013eadom je vyroben\u00e1 z polyesteru 100% a vank\u00fa\u0161 je vyplnen\u00fd ekologickou a vysoko odolnou polyesterovou v\u00fdpl\u0148ou. Odn\u00edmate\u013en\u00fd vank\u00fa\u0161 na spanie sa navy\u0161e \u013eahko pere v pr\u00e1\u010dke a mal\u00e9 bo\u010dn\u00e9 vreck\u00e1 dod\u00e1vaj\u00fa tomuto u\u017e aj tak luxusn\u00e9mu produktu praktickos\u0165.<\/p>\n<p>Jedn\u00fdm z najpr\u00ed\u0165a\u017elivej\u0161\u00edch aspektov tohto vank\u00fa\u0161a je jeho jednoduch\u00e9 pou\u017e\u00edvanie a \u00fadr\u017eba. Po\u0165ah na \u010delo postele je pripevnen\u00fd k vn\u00fatornej strane vank\u00fa\u0161a pomocou gomb\u00edkov a d\u00e1 sa \u013eahko odstr\u00e1ni\u0165 jednoduch\u00fdm zipsom. V\u010faka tomu je \u010distenie bezprobl\u00e9mov\u00e9. Sta\u010d\u00ed odstr\u00e1ni\u0165 po\u0165ah a r\u00fdchlo ho vypra\u0165 v pr\u00e1\u010dke, aby v\u00e1\u0161 vank\u00fa\u0161 vyzeral ako nov\u00fd.<\/p>\n<p>Vank\u00fa\u0161 na spanie na chrb\u00e1t je dostupn\u00fd v r\u00f4znych ve\u013ekostiach, aby vyhovoval ka\u017edej ve\u013ekosti postele: 100 cm, 120 cm, 140 cm, 160 cm, 180 cm a 200 cm. V\u010faka tomu si \u013eahko n\u00e1jdete ten prav\u00fd pre va\u0161e \u0161pecifick\u00e9 potreby.<\/p>\n<p>Ako p\u00ed\u0161e jeden spokojn\u00fd z\u00e1kazn\u00edk: \u201cTento vank\u00fa\u0161 je prevratn\u00fd! Pon\u00faka to\u013eko podpory a pohodlia a v\u010faka r\u00f4znym sp\u00f4sobom pou\u017eitia je ide\u00e1lny pre ka\u017ed\u00fa situ\u00e1ciu. Vrelo ho odpor\u00fa\u010dam ka\u017ed\u00e9mu, kto si chce zlep\u0161i\u0165 sp\u00e1nok a relax\u00e1ciu.\u201d<\/p>\n<p>Celkovo je vank\u00fa\u0161 na spanie vynikaj\u00facou invest\u00edciou pre ka\u017ed\u00e9ho, kto si chce zlep\u0161i\u0165 pohodlie a relaxa\u010dn\u00fd z\u00e1\u017eitok. V\u010faka vysoko kvalitn\u00e9mu spracovaniu, multifunk\u010dn\u00e9mu dizajnu a jednoduch\u00e9mu pou\u017e\u00edvaniu a \u00fadr\u017ebe sa tento vank\u00fa\u0161 ur\u010dite stane ob\u013e\u00faben\u00fdm doplnkom na dlh\u00e9 roky.<\/p>","protected":false},"excerpt":{"rendered":"<ul>\n<li><strong>Maxim\u00e1lne pohodlie:<\/strong> Tento vank\u00fa\u0161 s vyv\u00fd\u0161en\u00fdm \u010delom XL pon\u00faka vynikaj\u00face pohodlie v\u010faka svojmu zaoblen\u00e9mu dizajnu. Tento \u010ditate\u013esk\u00fd vank\u00fa\u0161 s \u010delom v\u00e1m pom\u00f4\u017ee zosta\u0165 bez nap\u00e4tia na posteli, pohovke, dennej posteli alebo gau\u010di, \u010do je ide\u00e1lne pre no\u010dn\u00fdch sov, knihomo\u013eov a pozeranie telev\u00edzie v posteli.<\/li>\n<li><strong>Dizajn so zv\u00fd\u0161en\u00fdm operadlom:<\/strong> Vychutnajte si bezkonkuren\u010dn\u00e9 pohodlie s unik\u00e1tnym dvojradov\u00fdm dizajnom vyv\u00fd\u0161en\u00e9ho operadla n\u00e1\u0161ho vank\u00fa\u0161a na \u010delo postele. Zv\u00fd\u0161en\u00e9 operadlo na \u010delo postele poskytuje vynikaj\u00facu oporu pre v\u00e1\u0161 krk a chrb\u00e1t, v\u010faka \u010domu je ide\u00e1lnym miestom na relax\u00e1ciu a \u010d\u00edtanie v posteli.<\/li>\n<li><strong>Multifunk\u010dn\u00fd vank\u00fa\u0161:<\/strong> V\u010faka trom r\u00f4znym sp\u00f4sobom pou\u017eitia je n\u00e1\u0161 vank\u00fa\u0161 ide\u00e1lny pre ka\u017ed\u00fa situ\u00e1ciu. \u010ci u\u017e ho chcete pou\u017ei\u0165 ako vank\u00fa\u0161 na vzpriamen\u00fd chrb\u00e1t, klinov\u00fd vank\u00fa\u0161 alebo vank\u00fa\u0161 na nohy pre zv\u00fd\u0161en\u00fa oporu, je to ide\u00e1lny doplnok pre pohodln\u00fd odpo\u010dinok a relax\u00e1ciu.<\/li>\n<li><strong>Vynikaj\u00face remeseln\u00e9 spracovanie:<\/strong> N\u00e1\u0161 vank\u00fa\u0161 na \u010delo postele je vyroben\u00fd z l\u00e1tky s \u013eanov\u00fdm vzh\u013eadom, ktorej zlo\u017eenie je polyester 100%, a je vyplnen\u00fd ekologickou a vysoko odolnou polyesterovou v\u00fdpl\u0148ou. Odn\u00edmate\u013en\u00fd vank\u00fa\u0161 na podhlavn\u00edk sa \u013eahko pere v pr\u00e1\u010dke a mal\u00e9 bo\u010dn\u00e9 vreck\u00e1 dod\u00e1vaj\u00fa tomuto u\u017e aj tak luxusn\u00e9mu produktu praktickos\u0165.<\/li>\n<li><strong>\u013dahko sa um\u00fdva:<\/strong> Po\u0165ah na vank\u00fa\u0161 na \u010delo postele je pripevnen\u00fd k vn\u00fatornej strane vank\u00fa\u0161a pomocou gomb\u00edkov a d\u00e1 sa \u013eahko odstr\u00e1ni\u0165 pomocou zipsu. V\u010faka tomu je jeho \u010distenie bezprobl\u00e9mov\u00e9. Sta\u010d\u00ed po\u0165ah odstr\u00e1ni\u0165 a r\u00fdchlo vypra\u0165 v pr\u00e1\u010dke, aby v\u00e1\u0161 vank\u00fa\u0161 vyzeral ako nov\u00fd.<\/li>\n<li><strong>Ve\u013ekos\u0165:<\/strong> 100 cm (D100 x \u016026 x V55 | 3 st\u013apce s tla\u010didlami), 120 cm (D120 x \u016026 x V55 | 4 st\u013apce s tla\u010didlami), 140 cm (D140 x \u016026 x V55 | 4 st\u013apce s tla\u010didlami), 160 cm (D160 x \u016026 x V55 | 5 st\u013apcov s tla\u010didlami), 180 cm (D180 x \u016026 x V55 | 6 st\u013apcov s tla\u010didlami), 200 cm (D200 x \u016026 x V55 | 7 st\u013apcov s tla\u010didlami).<\/li>\n<\/ul>","protected":false},"featured_media":852,"comment_status":"open","ping_status":"closed","template":"","meta":[],"product_brand":[],"product_cat":[15],"product_tag":[160,66,164,161,163,143,162,65],"class_list":{"0":"post-866","1":"product","2":"type-product","3":"status-publish","4":"has-post-thumbnail","6":"product_cat-large-wedge-pillow","7":"product_tag-back-pillow-for-sleeping","8":"product_tag-back-support-pillow","9":"product_tag-detachable-bolster-bed-cushion","10":"product_tag-elevated-headboard-pillow","11":"product_tag-leg-pillow","12":"product_tag-multifunctional-pillow","13":"product_tag-upright-back-pillow","14":"product_tag-wedge-pillow","16":"first","17":"instock","18":"featured","19":"shipping-taxable","20":"purchasable","21":"product-type-variable"},"_links":{"self":[{"href":"https:\/\/www.largepillow.com\/sk\/wp-json\/wp\/v2\/product\/866","targetHints":{"allow":["GET"]}}],"collection":[{"href":"https:\/\/www.largepillow.com\/sk\/wp-json\/wp\/v2\/product"}],"about":[{"href":"https:\/\/www.largepillow.com\/sk\/wp-json\/wp\/v2\/types\/product"}],"replies":[{"embeddable":true,"href":"https:\/\/www.largepillow.com\/sk\/wp-json\/wp\/v2\/comments?post=866"}],"wp:featuredmedia":[{"embeddable":true,"href":"https:\/\/www.largepillow.com\/sk\/wp-json\/wp\/v2\/media\/852"}],"wp:attachment":[{"href":"https:\/\/www.largepillow.com\/sk\/wp-json\/wp\/v2\/media?parent=866"}],"wp:term":[{"taxonomy":"product_brand","embeddable":true,"href":"https:\/\/www.largepillow.com\/sk\/wp-json\/wp\/v2\/product_brand?post=866"},{"taxonomy":"product_cat","embeddable":true,"href":"https:\/\/www.largepillow.com\/sk\/wp-json\/wp\/v2\/product_cat?post=866"},{"taxonomy":"product_tag","embeddable":true,"href":"https:\/\/www.largepillow.com\/sk\/wp-json\/wp\/v2\/product_tag?post=866"}],"curies":[{"name":"wp","href":"https:\/\/api.w.org\/{rel}","templated":true}]}}