{"id":946,"date":"2022-09-18T08:36:16","date_gmt":"2022-09-18T08:36:16","guid":{"rendered":"https:\/\/www.largepillow.com\/product\/wedge-pillow-for-acid-reflux_37_38_39_40_41_42_43_44_45_46_47_48"},"modified":"2024-10-03T16:31:35","modified_gmt":"2024-10-03T16:31:35","slug":"vankus-na-podpieranie-postele","status":"publish","type":"product","link":"https:\/\/www.largepillow.com\/sk\/product\/bolster-cushion-for-bed","title":{"rendered":"Vank\u00fa\u0161 na poste\u013e"},"content":{"rendered":"<p>Maxim\u00e1lne pohodlie a podpora: Podlo\u017en\u00fd vank\u00fa\u0161 do postele<\/p>\n<p>U\u017e v\u00e1s nebavia nepohodln\u00e9 a nepodporuj\u00face vank\u00fa\u0161e, ktor\u00e9 v\u00e1s unavuj\u00fa a sp\u00f4sobuj\u00fa v\u00e1m boles\u0165? Neh\u013eadajte ni\u010d in\u00e9 ako vank\u00fa\u0161 do postele Bolster, rie\u0161enie v\u0161etk\u00fdch va\u0161ich probl\u00e9mov pred span\u00edm.<\/p>\n<p>Bezkonkuren\u010dn\u00e9 pohodlie a podpora chrbta<\/p>\n<p>Tento vank\u00fa\u0161 s vyv\u00fd\u0161en\u00fdm \u010delom postele sa vyzna\u010duje zaoblen\u00fdm dizajnom, ktor\u00fd sa prisp\u00f4sob\u00ed v\u00e1\u0161mu telu a poskytuje v\u00fdnimo\u010dn\u00e9 pohodlie. Jeho jedine\u010dn\u00e9 dvojradov\u00e9 vyv\u00fd\u0161en\u00e9 operadlo pon\u00faka bezkonkuren\u010dn\u00fa oporu pre krk a chrb\u00e1t, v\u010faka \u010domu je ide\u00e1lny pre knihomo\u013eov, no\u010dn\u00fdch sovy a telev\u00edznych nad\u0161encov.<\/p>\n<p>Multifunk\u010dn\u00fd a v\u0161estrann\u00fd<\/p>\n<p>V\u010faka trom v\u0161estrann\u00fdm sp\u00f4sobom pou\u017eitia je vank\u00fa\u0161 Bolster dokonal\u00fdm spolo\u010dn\u00edkom v ka\u017edej situ\u00e1cii. Pou\u017eite ho ako vzpriamen\u00fd vank\u00fa\u0161 na \u010d\u00edtanie, ako klinov\u00fd vank\u00fa\u0161 na zv\u00fd\u0161en\u00fa oporu n\u00f4h alebo ako vank\u00fa\u0161 na nohy pre v\u00e4\u010d\u0161ie pohodlie.<\/p>\n<p>V\u00fdnimo\u010dn\u00e9 remeseln\u00e9 spracovanie a materi\u00e1ly<\/p>\n<p>V\u00fdpl\u0148 vank\u00fa\u0161a Bolster Cushion z ekologick\u00e9ho polyesterov\u00e9ho vl\u00e1kna zais\u0165uje vysok\u00fa odolnos\u0165 a oporu. Jeho odn\u00edmate\u013en\u00fd vank\u00fa\u0161 sa d\u00e1 neuverite\u013ene \u013eahko pra\u0165 v pr\u00e1\u010dke a mal\u00e9 bo\u010dn\u00e9 vreck\u00e1 zvy\u0161uj\u00fa funk\u010dnos\u0165.<\/p>\n<p>Jednoduch\u00e1 \u00fadr\u017eba<\/p>\n<p>\u00dadr\u017eba vank\u00fa\u0161a Bolster je hra\u010dka. Jeho po\u0165ah na \u010delo postele sa zap\u00edna na gomb\u00edky a m\u00e1 praktick\u00fd zips pre jednoduch\u00e9 s\u0148atie. Jednoducho zlo\u017ete po\u0165ah a vho\u010fte ho do pr\u00e1\u010dky pre osvie\u017eenie.<\/p>\n<p>Dostupn\u00e9 v r\u00f4znych ve\u013ekostiach<\/p>\n<p>Vyberte si z r\u00f4znych ve\u013ekost\u00ed, ktor\u00e9 dokonale vyhovuj\u00fa va\u0161ej posteli a va\u0161im potreb\u00e1m: 100 cm, 120 cm, 140 cm, 160 cm, 180 cm a 200 cm.<\/p>\n<p>Referencie z\u00e1kazn\u00edkov<\/p>\n<p>Neverte n\u00e1m len tak na slovo. Tu je to, \u010do hovoria spokojn\u00ed z\u00e1kazn\u00edci:<\/p>\n<p>\u201eTento vank\u00fa\u0161 na spevnenie je prevratn\u00fd. \u00daplne zlep\u0161il kvalitu m\u00f4jho sp\u00e1nku a oporu chrbta.\u201c \u2013 Sarah J.<br \/>\n\u201eAko v\u00e1\u0161niv\u00fd \u010ditate\u013e, tento vank\u00fa\u0161 mi urobil z predspania skuto\u010dne relaxa\u010dn\u00fd z\u00e1\u017eitok. Je tak\u00fd pohodln\u00fd a poskytuje mi dostato\u010dn\u00fa oporu.\u201c \u2013 John F.<br \/>\n\u201eMilujem v\u0161estrannos\u0165 tohto vank\u00fa\u0161a. Je ide\u00e1lny na \u010d\u00edtanie, sledovanie telev\u00edzie alebo dokonca ako opierka na nohy.\u201c \u2013 Mary K.<\/p>\n<p>Vylep\u0161ite si ve\u010dern\u00fd ritu\u00e1l s vank\u00fa\u0161om Bolster<\/p>\n<p>Pozdvihnite z\u00e1\u017eitok zo svojej sp\u00e1lne s vank\u00fa\u0161om Bolster do postele. Jeho v\u00fdnimo\u010dn\u00e9 pohodlie, opora, v\u0161estrannos\u0165 a jednoduch\u00e1 \u00fadr\u017eba premenia va\u0161e noci na raj relax\u00e1cie a regener\u00e1cie.<\/p>","protected":false},"excerpt":{"rendered":"<ul>\n<li><strong>Maxim\u00e1lne pohodlie:<\/strong> Tento vank\u00fa\u0161 s vyv\u00fd\u0161en\u00fdm \u010delom XL pon\u00faka vynikaj\u00face pohodlie v\u010faka svojmu zaoblen\u00e9mu dizajnu. Tento \u010ditate\u013esk\u00fd vank\u00fa\u0161 s \u010delom v\u00e1m pom\u00f4\u017ee zosta\u0165 bez nap\u00e4tia na posteli, pohovke, dennej posteli alebo gau\u010di, \u010do je ide\u00e1lne pre no\u010dn\u00fdch sov, knihomo\u013eov a pozeranie telev\u00edzie v posteli.<\/li>\n<li><strong>Dizajn so zv\u00fd\u0161en\u00fdm operadlom:<\/strong> Vychutnajte si bezkonkuren\u010dn\u00e9 pohodlie s unik\u00e1tnym dvojradov\u00fdm dizajnom vyv\u00fd\u0161en\u00e9ho operadla n\u00e1\u0161ho vank\u00fa\u0161a na \u010delo postele. Zv\u00fd\u0161en\u00e9 operadlo na \u010delo postele poskytuje vynikaj\u00facu oporu pre v\u00e1\u0161 krk a chrb\u00e1t, v\u010faka \u010domu je ide\u00e1lnym miestom na relax\u00e1ciu a \u010d\u00edtanie v posteli.<\/li>\n<li><strong>Multifunk\u010dn\u00fd vank\u00fa\u0161:<\/strong> V\u010faka trom r\u00f4znym sp\u00f4sobom pou\u017eitia je n\u00e1\u0161 vank\u00fa\u0161 ide\u00e1lny pre ka\u017ed\u00fa situ\u00e1ciu. \u010ci u\u017e ho chcete pou\u017ei\u0165 ako vank\u00fa\u0161 na vzpriamen\u00fd chrb\u00e1t, klinov\u00fd vank\u00fa\u0161 alebo vank\u00fa\u0161 na nohy pre zv\u00fd\u0161en\u00fa oporu, je to ide\u00e1lny doplnok pre pohodln\u00fd odpo\u010dinok a relax\u00e1ciu.<\/li>\n<li><strong>Vynikaj\u00face remeseln\u00e9 spracovanie:<\/strong> N\u00e1\u0161 vank\u00fa\u0161 na \u010delo postele je vyroben\u00fd z l\u00e1tky s imit\u00e1ciou zamatu, ktorej zlo\u017eenie je polyester 100%, a je vyplnen\u00fd ekologickou a vysoko odolnou polyesterovou v\u00fdpl\u0148ou. Odn\u00edmate\u013en\u00fd vank\u00fa\u0161 na podhlavn\u00edk sa \u013eahko pere v pr\u00e1\u010dke a mal\u00e9 bo\u010dn\u00e9 vreck\u00e1 dod\u00e1vaj\u00fa tomuto u\u017e aj tak luxusn\u00e9mu produktu praktickos\u0165.<\/li>\n<li><strong>\u013dahko sa um\u00fdva:<\/strong> Po\u0165ah na vank\u00fa\u0161 na \u010delo postele je pripevnen\u00fd k vn\u00fatornej strane vank\u00fa\u0161a pomocou gomb\u00edkov a d\u00e1 sa \u013eahko odstr\u00e1ni\u0165 pomocou zipsu. V\u010faka tomu je jeho \u010distenie bezprobl\u00e9mov\u00e9. Sta\u010d\u00ed po\u0165ah odstr\u00e1ni\u0165 a r\u00fdchlo vypra\u0165 v pr\u00e1\u010dke, aby v\u00e1\u0161 vank\u00fa\u0161 vyzeral ako nov\u00fd.<\/li>\n<li><strong>Ve\u013ekos\u0165:<\/strong> 100 cm (D100 x \u016026 x V55 | 3 st\u013apce s tla\u010didlami), 120 cm (D120 x \u016026 x V55 | 4 st\u013apce s tla\u010didlami), 140 cm (D140 x \u016026 x V55 | 4 st\u013apce s tla\u010didlami), 160 cm (D160 x \u016026 x V55 | 5 st\u013apcov s tla\u010didlami), 180 cm (D180 x \u016026 x V55 | 6 st\u013apcov s tla\u010didlami), 200 cm (D200 x \u016026 x V55 | 7 st\u013apcov s tla\u010didlami).<\/li>\n<\/ul>","protected":false},"featured_media":937,"comment_status":"open","ping_status":"closed","template":"","meta":[],"product_brand":[],"product_cat":[15],"product_tag":[108,173,161,168,143,120,65],"class_list":{"0":"post-946","1":"product","2":"type-product","3":"status-publish","4":"has-post-thumbnail","6":"product_cat-large-wedge-pillow","7":"product_tag-bed-cushion","8":"product_tag-bolster-cushion","9":"product_tag-elevated-headboard-pillow","10":"product_tag-headboard-pillow","11":"product_tag-multifunctional-pillow","12":"product_tag-velvet-pillow","13":"product_tag-wedge-pillow","15":"first","16":"instock","17":"shipping-taxable","18":"purchasable","19":"product-type-variable"},"_links":{"self":[{"href":"https:\/\/www.largepillow.com\/sk\/wp-json\/wp\/v2\/product\/946","targetHints":{"allow":["GET"]}}],"collection":[{"href":"https:\/\/www.largepillow.com\/sk\/wp-json\/wp\/v2\/product"}],"about":[{"href":"https:\/\/www.largepillow.com\/sk\/wp-json\/wp\/v2\/types\/product"}],"replies":[{"embeddable":true,"href":"https:\/\/www.largepillow.com\/sk\/wp-json\/wp\/v2\/comments?post=946"}],"wp:featuredmedia":[{"embeddable":true,"href":"https:\/\/www.largepillow.com\/sk\/wp-json\/wp\/v2\/media\/937"}],"wp:attachment":[{"href":"https:\/\/www.largepillow.com\/sk\/wp-json\/wp\/v2\/media?parent=946"}],"wp:term":[{"taxonomy":"product_brand","embeddable":true,"href":"https:\/\/www.largepillow.com\/sk\/wp-json\/wp\/v2\/product_brand?post=946"},{"taxonomy":"product_cat","embeddable":true,"href":"https:\/\/www.largepillow.com\/sk\/wp-json\/wp\/v2\/product_cat?post=946"},{"taxonomy":"product_tag","embeddable":true,"href":"https:\/\/www.largepillow.com\/sk\/wp-json\/wp\/v2\/product_tag?post=946"}],"curies":[{"name":"wp","href":"https:\/\/api.w.org\/{rel}","templated":true}]}}