{"id":1020,"date":"2022-09-19T02:04:52","date_gmt":"2022-09-19T02:04:52","guid":{"rendered":"https:\/\/www.largepillow.com\/product\/wedge-bolster-cushion"},"modified":"2025-10-10T20:34:10","modified_gmt":"2025-10-10T20:34:10","slug":"velika-blazina-za-telo-2","status":"publish","type":"product","link":"https:\/\/www.largepillow.com\/sl\/product\/large-body-cushion","title":{"rendered":"Velika blazina za telo"},"content":{"rendered":"<p>Poi\u0161\u010dite popolno blazino za branje in sprostitev<\/p>\n<p>I\u0161\u010dete idealno blazino, v katero bi se zleknili med branjem dobre knjige ali gledanjem najljub\u0161ih televizijskih oddaj? Naj vam predstavimo na\u0161o veliko blazino za telo \u2013 popolno blazino za podporo hrbta, izjemno udobno branje in sprostitev. <\/p>\n<p>Z mehko, a hkrati oporno pravokotno obliko se ta blazina lepo prilega va\u0161emu hrbtu in zagotavlja ravno prav\u0161njo mero ledvene opore, ne glede na to, ali sedite v postelji, na kav\u010du ali kjer koli se radi sprostite. Trpe\u017eno polnilo iz mikro poliestra dosega popolno ravnovesje med mehkobo in strukturo, ki ohranja obliko. <\/p>\n<p>Kot je dejala ena zadovoljna stranka: \u201cTa blazina je narejena iz zra\u010dnega bomba\u017ea in lanenega materiala, ki ostane hladen tudi v vro\u010dih poletnih dneh.\u201d <\/p>\n<p>Druga je pripomnila: \u201cV\u0161e\u010d mi je svetla, son\u010dno rumena barva te blazine. Resni\u010dno polep\u0161a mojo spalnico.\u201d<\/p>\n<p>Ta prevelika blazina ni odli\u010dna le za spro\u0161\u010danje. Nose\u010dnice jo lahko uporabljajo tudi kot blazino za nose\u010dnice, ki podpira rasto\u010di trebu\u0161\u010dek in laj\u0161a bole\u010dine. Ali pa jo polo\u017eite na tla za udobno jogo in vadbo na tleh. <\/p>\n<p>S klasi\u010dnimi taftanimi detajli in paleto barvnih mo\u017enosti, od enobarvnih do privla\u010dnih vzorcev, ta blazina za telo doda dekorativni poudarek vsaki sobi. Vzglavje postelje ni potrebno \u2013 blazino preprosto naslonite na steno za posteljo. Zaradi lepega videza jo lahko celo uporabite kot improvizirano le\u017ei\u0161\u010de za goste.<\/p>\n<p>Nega te blazine je izjemno preprosta, saj jo je mogo\u010de enostavno odpeti in oprati v pralnem stroju. <\/p>\n<p>Zakaj bi torej \u010dakali? Pridobite si svojo veliko blazino za telo \u0161e danes in u\u017eivajte v mehkem udobju in oporo pri branju, spro\u0161\u010danju, pri\u010dakovanju in vsem vmes!<\/p>","protected":false},"excerpt":{"rendered":"<ul>\n<li><strong>POPOLNA BRALNA VZGLAVINA:<\/strong> Ta udobna bralna blazina ob postelji s pravokotno obliko odli\u010dno slu\u017ei kot mehka opora za hrbet in ledvena blazina, ko sedite na postelji med branjem, gledanjem televizije, brskanjem po telefonu, brskanjem po tablici, igranjem video iger, vadbo joge, dojenjem in po\u010ditkom po operaciji.<\/li>\n<li><strong>UDOBNA BLAZINA ZA TELO:<\/strong> Kot velika blazina za telo nadome\u0161\u010da vse obi\u010dajne blazine za posteljo ali ledveni del, omogo\u010da ve\u010d polo\u017eajev kot pozicionirna blazina za podporo hrbta, ramen, hrbtenice, trebuha, nog in omogo\u010da, da va\u0161e mi\u0161ice ostanejo spro\u0161\u010dene. Spodbuja poravnano hrbtenico za vsakega spe\u010dega, ne glede na to, ali potrebujete oblazinjeno blazino za posteljo ali veliko blazino za oporo hrbta, \u010de potrebujete le ve\u010d ali manj vi\u0161ine. Uporabite jo lahko tudi kot blazino za nose\u010dnice, ki nudi oporo razli\u010dnim delom telesa in laj\u0161a bole\u010dine med nose\u010dnostjo.<\/li>\n<li><strong>PRVOTNO ZASNOVANO Z VISOKO KAKOVOSTNIMI MATERIALI:<\/strong> Pravokotna bralna blazina s tridimenzionalnimi \u010drtami, gumbi iz blaga in popolnoma zarobljenimi robovi se zelo razlikuje od vseh obi\u010dajnih blazin za hrbet. \u010ceprav je okrasna blazina za hrbet mehka, ohranja svojo podporno obliko, saj v celoti izkori\u0161\u010da prednosti pro\u017enega in fleksibilnega polnila iz mikro poliestrskih vlaken. Dvosmerna zadrga na no\u010dni blazini je zelo mo\u010dna in vzdr\u017eljiva za dolgotrajno uporabo.<\/li>\n<li><strong>\u010cUDOVITA DEKORATIVNA BLAZINA ZA NO\u010cNO POSTELJO:<\/strong> \u010ce potrebujete hitro in enostavno vzglavje, lahko to oblazinjeno bralno blazino za vzglavje uporabite kot alternativo, hkrati pa je tudi \u010dudovit okras za posteljo. Njena elegantna oblika bo va\u0161i spalnici dodala privla\u010den videz. S svojim privla\u010dnim videzom je ta originalna blazina za naslonjalo za posteljo nastavljiva za spalnico, hotel, bolni\u0161nico, sede\u017e ob oknu, kav\u010d, dnevno posteljo, pograd, posteljo v \u0161tudentskem domu ali posteljo s podstavkom.<\/li>\n<li><strong>SNEMLJIVA PREVLEKA ZA LEDVENO REGIJO IN ENOSTAVNO PRALNA:<\/strong> Prevleko za bralno blazino lahko preprosto odstranite tako, da odprete zadrgo in odpnete gumbe, nato pa jo operete v pralnem stroju.<\/li>\n<li><strong>Blago:<\/strong> Me\u0161anica poliestra in lana.<\/li>\n<li><strong>Velikost:<\/strong> 100x50x8cm (3 gumbi), 120x50x8cm (4 gumbi), 140x50x8cm (4 gumbi), 160x50x8cm (5 gumbov), 180x50x8cm (6 gumbov), 200x50x8cm (7 gumbov)<\/li>\n<\/ul>","protected":false},"featured_media":1005,"comment_status":"open","ping_status":"closed","template":"","meta":[],"product_brand":[],"product_cat":[28],"product_tag":[66,133,124,115,155,79,144,118,59,125,123],"class_list":{"0":"post-1020","1":"product","2":"type-product","3":"status-publish","4":"has-post-thumbnail","6":"product_cat-large-body-pillow","7":"product_tag-back-support-pillow","8":"product_tag-bedroom-decor-pillow","9":"product_tag-bedside-decorative-pillow","10":"product_tag-comfortable-body-pillow","11":"product_tag-large-body-cushion","12":"product_tag-lumbar-pillow","13":"product_tag-positioner-pillow","14":"product_tag-pregnancy-pillow","15":"product_tag-reading-pillow","16":"product_tag-removable-pillow-cover","17":"product_tag-upholstered-bedrest-pillow","19":"first","20":"instock","21":"featured","22":"shipping-taxable","23":"purchasable","24":"product-type-variable"},"_links":{"self":[{"href":"https:\/\/www.largepillow.com\/sl\/wp-json\/wp\/v2\/product\/1020","targetHints":{"allow":["GET"]}}],"collection":[{"href":"https:\/\/www.largepillow.com\/sl\/wp-json\/wp\/v2\/product"}],"about":[{"href":"https:\/\/www.largepillow.com\/sl\/wp-json\/wp\/v2\/types\/product"}],"replies":[{"embeddable":true,"href":"https:\/\/www.largepillow.com\/sl\/wp-json\/wp\/v2\/comments?post=1020"}],"wp:featuredmedia":[{"embeddable":true,"href":"https:\/\/www.largepillow.com\/sl\/wp-json\/wp\/v2\/media\/1005"}],"wp:attachment":[{"href":"https:\/\/www.largepillow.com\/sl\/wp-json\/wp\/v2\/media?parent=1020"}],"wp:term":[{"taxonomy":"product_brand","embeddable":true,"href":"https:\/\/www.largepillow.com\/sl\/wp-json\/wp\/v2\/product_brand?post=1020"},{"taxonomy":"product_cat","embeddable":true,"href":"https:\/\/www.largepillow.com\/sl\/wp-json\/wp\/v2\/product_cat?post=1020"},{"taxonomy":"product_tag","embeddable":true,"href":"https:\/\/www.largepillow.com\/sl\/wp-json\/wp\/v2\/product_tag?post=1020"}],"curies":[{"name":"wp","href":"https:\/\/api.w.org\/{rel}","templated":true}]}}