{"id":10581,"date":"2025-07-29T03:16:04","date_gmt":"2025-07-29T03:16:04","guid":{"rendered":"https:\/\/www.largepillow.com\/product\/folding-floor-sofa-bed-soft-corduroy-convertible-sleeper-chair"},"modified":"2025-07-29T12:28:41","modified_gmt":"2025-07-29T12:28:41","slug":"zlozljiv-kavc-na-tleh-mehak-zamet-raztegljiv-naslanjac","status":"publish","type":"product","link":"https:\/\/www.largepillow.com\/sl\/product\/folding-floor-sofa-bed-soft-corduroy-convertible-sleeper-chair\/","title":{"rendered":"Zlo\u017eljiv kav\u010d na tla \u2013 mehak \u017eamet, ki se lahko raztegne v le\u017ei\u0161\u010de"},"content":{"rendered":"[zc_getpagecontent mb=&#8221;mb_aplus&#8221; apid=&#8221;138&#8243;]\n","protected":false},"excerpt":{"rendered":"<ul>\n<li>3-delna pametna zlo\u017eljiva zasnova: Podlaga iz trde pene + segmentirana blazina iz PP bomba\u017ea omogo\u010data takoj\u0161njo pretvorbo kav\u010da\/postelje. Blazine se v na\u010dinu kav\u010da zataknejo v naslonjalo; v na\u010dinu postelje popolnoma prekrijejo \u0161ive pene za udobje brez vrzeli.<\/li>\n<li>Dvoslojni sistem udobja: Okvir iz pene visoke gostote zagotavlja trdno oporo, prevle\u010den s pli\u0161astim PP bomba\u017eem za mehkobo, podobno oblaku. Zra\u010dna \u017eametna tkanina doda razko\u0161je z \u017eametnim otipom.<\/li>\n<li>Polna velikost, ki prihrani prostor: Raztegne se v prostorno posteljo polne velikosti (122 x 204 cm); zlo\u017ei se v kav\u010d z nizkim naslonjalom (122 x 96 x 76 cm). Zasnova brez nog se prilega tlom, idealna za majhne prostore.<\/li>\n<li>Ne glede na to, ali gre za goste, ki preno\u010dujejo, garsonjere ali otro\u0161ke sobe, je ta zlo\u017eljiva sede\u017ena garnitura nepogre\u0161ljiv pripomo\u010dek, ki prihrani prostor in je ve\u010dnamenska. Odli\u010dna za sobe za goste, spalnice in majhne prostore.<\/li>\n<li>Zaobljeni robovi za varnost in moderne krivulje se dopolnjujejo z vsakim dekorjem. Globok sede\u017e \u0161irine 96 cm (39&quot;) ponuja izjemno udobje.<\/li>\n<\/ul>","protected":false},"featured_media":10558,"comment_status":"open","ping_status":"closed","template":"","meta":[],"product_brand":[],"product_cat":[228],"product_tag":[],"class_list":{"0":"post-10581","1":"product","2":"type-product","3":"status-publish","4":"has-post-thumbnail","6":"product_cat-cushions","8":"first","9":"instock","10":"sold-individually","11":"shipping-taxable","12":"purchasable","13":"product-type-simple"},"_links":{"self":[{"href":"https:\/\/www.largepillow.com\/sl\/wp-json\/wp\/v2\/product\/10581","targetHints":{"allow":["GET"]}}],"collection":[{"href":"https:\/\/www.largepillow.com\/sl\/wp-json\/wp\/v2\/product"}],"about":[{"href":"https:\/\/www.largepillow.com\/sl\/wp-json\/wp\/v2\/types\/product"}],"replies":[{"embeddable":true,"href":"https:\/\/www.largepillow.com\/sl\/wp-json\/wp\/v2\/comments?post=10581"}],"wp:featuredmedia":[{"embeddable":true,"href":"https:\/\/www.largepillow.com\/sl\/wp-json\/wp\/v2\/media\/10558"}],"wp:attachment":[{"href":"https:\/\/www.largepillow.com\/sl\/wp-json\/wp\/v2\/media?parent=10581"}],"wp:term":[{"taxonomy":"product_brand","embeddable":true,"href":"https:\/\/www.largepillow.com\/sl\/wp-json\/wp\/v2\/product_brand?post=10581"},{"taxonomy":"product_cat","embeddable":true,"href":"https:\/\/www.largepillow.com\/sl\/wp-json\/wp\/v2\/product_cat?post=10581"},{"taxonomy":"product_tag","embeddable":true,"href":"https:\/\/www.largepillow.com\/sl\/wp-json\/wp\/v2\/product_tag?post=10581"}],"curies":[{"name":"wp","href":"https:\/\/api.w.org\/{rel}","templated":true}]}}