{"id":10595,"date":"2025-07-29T06:53:48","date_gmt":"2025-07-29T06:53:48","guid":{"rendered":"https:\/\/www.largepillow.com\/product\/bean-bag-lounger-sofa-giant-floor-couch-for-adults"},"modified":"2025-07-29T12:28:41","modified_gmt":"2025-07-29T12:28:41","slug":"lezalnik-vreca-za-sedenje-velikanski-kavc-za-odrasle","status":"publish","type":"product","link":"https:\/\/www.largepillow.com\/sl\/product\/bean-bag-lounger-sofa-giant-floor-couch-for-adults","title":{"rendered":"Le\u017ealnik v obliki vre\u010de za sedenje \u2013 velikanski kav\u010d za odrasle"},"content":{"rendered":"[zc_getpagecontent mb=&#8221;mb_aplus&#8221; apid=&#8221;139&#8243;]\n","protected":false},"excerpt":{"rendered":"<ul>\n<li>Prostorna zasnova za dva (ali ve\u010d!): Z dimenzijami 167 cm * 137 cm * 43 cm (66\u2033 x 54\u2033 x 17\u2033) ta prevelika sede\u017ena vre\u010da udobno sprejme 2-3 odrasle osebe \u2013 idealna za pare, dru\u017eine ali prijatelje. Ne glede na to, ali gre za dnevno sobo, spalnico, igralnico ali pisarno, ta le\u017ealnik za spalnico zagotavlja prijetno in spro\u0161\u010deno sedenje, kjer koli ga potrebujete.<\/li>\n<li>Izjemno udobno in podporno polnilo: Poslovite se od hrupnih in pove\u0161enih vre\u010d za sedenje! Ta vre\u010da za sedenje za odrasle je polnjena s premium puhastimi poliestrskimi vlakni, ki ponujajo bolj\u0161o oporo in vrhunsko ohranjanje oblike v primerjavi s tradicionalnimi polnili za sedenje. U\u017eivajte v pli\u0161astem udobju brez mote\u010dega \u0161kripanja.<\/li>\n<li>Elegantna nadgradnja na klasi\u010dno velikansko vre\u010do za sedenje: S svojo moderno obliko in prostornimi sede\u017ei to ni povpre\u010dna vre\u010da za sedenje. Edinstveno oblikovana oblika udobno sprejme 2-3 osebe in ustvari zasebno izku\u0161njo po\u010ditka, ki vas vabi k sprostitvi, odklopu in ob\u010dutku popolne podpore.<\/li>\n<li>Razko\u0161no mehka pli\u0161asta tkanina: Ta dvosed, ovita v kratko pli\u0161asto tkanino s \u0161irokimi \u010drtami, je hkrati mehka in elegantna. Teksturirana tkanina ponuja izjemno mehkobo in pridih elegance. (Opomba: Lahko pride do minimalnega lu\u0161\u010denja, vendar to ne vpliva na funkcionalnost ali udobje.)<\/li>\n<li>Enostavna namestitev in vzdr\u017eevanje: Dostavljeno v 1 paketu za la\u017eji transport. Velika spodnja zadrga omogo\u010da enostavno odstranitev, prevleko pa je mogo\u010de prati v pralnem stroju za enostavno vzdr\u017eevanje.<\/li>\n<\/ul>","protected":false},"featured_media":10582,"comment_status":"open","ping_status":"closed","template":"","meta":[],"product_brand":[],"product_cat":[228],"product_tag":[],"class_list":{"0":"post-10595","1":"product","2":"type-product","3":"status-publish","4":"has-post-thumbnail","6":"product_cat-cushions","8":"first","9":"instock","10":"sold-individually","11":"shipping-taxable","12":"purchasable","13":"product-type-simple"},"_links":{"self":[{"href":"https:\/\/www.largepillow.com\/sl\/wp-json\/wp\/v2\/product\/10595","targetHints":{"allow":["GET"]}}],"collection":[{"href":"https:\/\/www.largepillow.com\/sl\/wp-json\/wp\/v2\/product"}],"about":[{"href":"https:\/\/www.largepillow.com\/sl\/wp-json\/wp\/v2\/types\/product"}],"replies":[{"embeddable":true,"href":"https:\/\/www.largepillow.com\/sl\/wp-json\/wp\/v2\/comments?post=10595"}],"wp:featuredmedia":[{"embeddable":true,"href":"https:\/\/www.largepillow.com\/sl\/wp-json\/wp\/v2\/media\/10582"}],"wp:attachment":[{"href":"https:\/\/www.largepillow.com\/sl\/wp-json\/wp\/v2\/media?parent=10595"}],"wp:term":[{"taxonomy":"product_brand","embeddable":true,"href":"https:\/\/www.largepillow.com\/sl\/wp-json\/wp\/v2\/product_brand?post=10595"},{"taxonomy":"product_cat","embeddable":true,"href":"https:\/\/www.largepillow.com\/sl\/wp-json\/wp\/v2\/product_cat?post=10595"},{"taxonomy":"product_tag","embeddable":true,"href":"https:\/\/www.largepillow.com\/sl\/wp-json\/wp\/v2\/product_tag?post=10595"}],"curies":[{"name":"wp","href":"https:\/\/api.w.org\/{rel}","templated":true}]}}