{"id":1103,"date":"2022-09-19T02:27:32","date_gmt":"2022-09-19T02:27:32","guid":{"rendered":"https:\/\/www.largepillow.com\/product\/backrest-wedge-pillow"},"modified":"2025-09-19T02:32:32","modified_gmt":"2025-09-19T02:32:32","slug":"oporo-za-telo","status":"publish","type":"product","link":"https:\/\/www.largepillow.com\/sl\/product\/body-bolster\/","title":{"rendered":"Opora za telo"},"content":{"rendered":"<p>Do\u017eivite vrhunsko udobje z bralno blazino Body Bolster<\/p>\n<p>Ste naveli\u010dani napenjanja hrbta in vratu med branjem ali delom v postelji? Pravokotna bralna blazina Body Bolster ponuja popolno alternativo vzglavju in oporo za hrbet za udobno spro\u0161\u010danje. <\/p>\n<p>Z mehkim, a hkrati podpornim polnilom iz mikro poliestrskih vlaken se ta mehka blazina prilagodi va\u0161emu telesu za popolno udobje. Tridimenzionalni vzorec \u010drt in okrasni gumbi iz blaga dodajo pridih stila tudi dekorju va\u0161e spalnice. Kot je dejal eden od recenzentov: \u201cBlago blazine je zelo mehko in se ne splo\u0161\u010di.\u201d.<\/p>\n<p>Body Bolster je odli\u010den za branje, gledanje televizije, brskanje po telefonu ali preprosto spro\u0161\u010danje v postelji. Ena od strank je pripomnila: \u201cOdli\u010den je za uporabo v spalnici, lahko se uporablja kot naslonjalo ali ledvena opora.\u201d.<\/p>\n<p>Z ve\u010d mo\u017enostmi velikosti od 100 do 200 cm lahko najdete popolno prileganje svojemu telesu. Preprosto prilagodite blazino za hrbtom, da si zagotovite prilagojeno ledveno oporo in laj\u0161ate bole\u010dine v hrbtu. Dvosmerna zadrga omogo\u010da tudi enostavno odstranitev in pranje mehke \u017eametne prevleke v pralnem stroju, ko je to potrebno.<\/p>\n<p>Po\u017eivite dekoracijo svojega hrbta in spalnice z udobno bralno in ledveno oporo Body Bolster. Do\u017eivite vrhunsko sprostitev in stil \u0161e danes!<\/p>","protected":false},"excerpt":{"rendered":"<ul>\n<li><strong>POPOLNA BRALNA VZGLAVINA:<\/strong> Ta udobna bralna blazina ob postelji s pravokotno obliko odli\u010dno slu\u017ei kot mehka opora za hrbet in ledvena blazina, ko sedite na postelji med branjem, gledanjem televizije, brskanjem po telefonu, brskanjem po tablici, igranjem video iger, vadbo joge, dojenjem in po\u010ditkom po operaciji.<\/li>\n<li><strong>UDOBNA BLAZINA ZA TELO:<\/strong> Kot velika blazina za telo nadome\u0161\u010da vse obi\u010dajne blazine za posteljo ali ledveni del, omogo\u010da ve\u010d polo\u017eajev kot pozicionirna blazina za podporo hrbta, ramen, hrbtenice, trebuha, nog in omogo\u010da, da va\u0161e mi\u0161ice ostanejo spro\u0161\u010dene. Spodbuja poravnano hrbtenico za vsakega spe\u010dega, ne glede na to, ali potrebujete oblazinjeno blazino za posteljo ali veliko blazino za oporo hrbta, \u010de potrebujete le ve\u010d ali manj vi\u0161ine. Uporabite jo lahko tudi kot blazino za nose\u010dnice, ki nudi oporo razli\u010dnim delom telesa in laj\u0161a bole\u010dine med nose\u010dnostjo.<\/li>\n<li><strong>PRVOTNO ZASNOVANO Z VISOKO KAKOVOSTNIMI MATERIALI:<\/strong> Pravokotna bralna blazina s tridimenzionalnimi \u010drtami, gumbi iz blaga in popolnoma zarobljenimi robovi se zelo razlikuje od vseh obi\u010dajnih blazin za hrbet. \u010ceprav je okrasna blazina za hrbet mehka, ohranja svojo podporno obliko, saj v celoti izkori\u0161\u010da prednosti pro\u017enega in fleksibilnega polnila iz mikro poliestrskih vlaken. Dvosmerna zadrga na no\u010dni blazini je zelo mo\u010dna in vzdr\u017eljiva za dolgotrajno uporabo.<\/li>\n<li><strong>\u010cUDOVITA DEKORATIVNA BLAZINA ZA NO\u010cNO POSTELJO:<\/strong> \u010ce potrebujete hitro in enostavno vzglavje, lahko to oblazinjeno bralno blazino za vzglavje uporabite kot alternativo, hkrati pa je tudi \u010dudovit okras za posteljo. Njena elegantna oblika bo va\u0161i spalnici dodala privla\u010den videz. S svojim privla\u010dnim videzom je ta originalna blazina za naslonjalo za posteljo nastavljiva za spalnico, hotel, bolni\u0161nico, sede\u017e ob oknu, kav\u010d, dnevno posteljo, pograd, posteljo v \u0161tudentskem domu ali posteljo s podstavkom.<\/li>\n<li><strong>SNEMLJIVA PREVLEKA ZA LEDVENO REGIJO IN ENOSTAVNO PRALNA:<\/strong> Prevleko za bralno blazino lahko preprosto odstranite tako, da odprete zadrgo in odpnete gumbe, nato pa jo operete v pralnem stroju.<\/li>\n<li><strong>Blago:<\/strong> \u017damet (100% poliester).<\/li>\n<li><strong>Velikost:<\/strong> 100x50x8cm (3 gumbi), 120x50x8cm (4 gumbi), 140x50x8cm (4 gumbi), 160x50x8cm (5 gumbov), 180x50x8cm (6 gumbov), 200x50x8cm (7 gumbov)<\/li>\n<\/ul>","protected":false},"featured_media":1090,"comment_status":"open","ping_status":"closed","template":"","meta":[],"product_brand":[],"product_cat":[28],"product_tag":[66,77,133,136,122,137,102,138,79,139,118,59,84],"class_list":{"0":"post-1103","1":"product","2":"type-product","3":"status-publish","4":"has-post-thumbnail","6":"product_cat-large-body-pillow","7":"product_tag-back-support-pillow","8":"product_tag-bed-rest-pillow","9":"product_tag-bedroom-decor-pillow","10":"product_tag-body-bolster","11":"product_tag-body-pillow","12":"product_tag-bunk-bed-pillow","13":"product_tag-couch-pillow","14":"product_tag-dorm-bed-pillow","15":"product_tag-lumbar-pillow","16":"product_tag-platform-bed-pillow","17":"product_tag-pregnancy-pillow","18":"product_tag-reading-pillow","19":"product_tag-sofa-pillow","21":"first","22":"instock","23":"shipping-taxable","24":"purchasable","25":"product-type-variable"},"_links":{"self":[{"href":"https:\/\/www.largepillow.com\/sl\/wp-json\/wp\/v2\/product\/1103","targetHints":{"allow":["GET"]}}],"collection":[{"href":"https:\/\/www.largepillow.com\/sl\/wp-json\/wp\/v2\/product"}],"about":[{"href":"https:\/\/www.largepillow.com\/sl\/wp-json\/wp\/v2\/types\/product"}],"replies":[{"embeddable":true,"href":"https:\/\/www.largepillow.com\/sl\/wp-json\/wp\/v2\/comments?post=1103"}],"wp:featuredmedia":[{"embeddable":true,"href":"https:\/\/www.largepillow.com\/sl\/wp-json\/wp\/v2\/media\/1090"}],"wp:attachment":[{"href":"https:\/\/www.largepillow.com\/sl\/wp-json\/wp\/v2\/media?parent=1103"}],"wp:term":[{"taxonomy":"product_brand","embeddable":true,"href":"https:\/\/www.largepillow.com\/sl\/wp-json\/wp\/v2\/product_brand?post=1103"},{"taxonomy":"product_cat","embeddable":true,"href":"https:\/\/www.largepillow.com\/sl\/wp-json\/wp\/v2\/product_cat?post=1103"},{"taxonomy":"product_tag","embeddable":true,"href":"https:\/\/www.largepillow.com\/sl\/wp-json\/wp\/v2\/product_tag?post=1103"}],"curies":[{"name":"wp","href":"https:\/\/api.w.org\/{rel}","templated":true}]}}