{"id":1209,"date":"2022-09-19T03:31:40","date_gmt":"2022-09-19T03:31:40","guid":{"rendered":"https:\/\/www.largepillow.com\/product\/back-support-pillow"},"modified":"2025-12-11T13:44:46","modified_gmt":"2025-12-11T13:44:46","slug":"velika-vzglavna-blazina-za-posteljo","status":"publish","type":"product","link":"https:\/\/www.largepillow.com\/sl\/product\/large-bed-bolster-pillow","title":{"rendered":"Velika blazina za posteljo"},"content":{"rendered":"<p>Poi\u0161\u010dite popolno bralno blazino z veliko blazino za posteljo<\/p>\n<p>\u010ce radi berete, gledate televizijo ali delate v postelji, vendar potrebujete dodatno oporo za hrbet, je blazina Large Bed Bolster Pillow idealna re\u0161itev. Ta pravokotna blazina nudi nastavljivo ledveno oporo, tako da lahko udobno sedite v postelji. <\/p>\n<p>Vzglavnik, izdelan iz mehkega, pro\u017enega polnila iz mikro poliestrskih vlaken, ohrani svojo obliko in se hkrati prilagodi va\u0161emu telesu. Dvosmerna zadrga omogo\u010da tudi enostavno snemanje in pranje v pralnem stroju snemljive \u017eametne prevleke. Z v\u0161itimi gumbi in lepo obrobljenimi robovi ta blazina doda preprosto eleganco dekorju katere koli spalnice. <\/p>\n<p>Stranke rade uporabljajo to vsestransko blazino na ve\u010d na\u010dinov:<\/p>\n<p>\u201cPrvotno sem jo kupila kot bralno blazino, vendar je tako udobna, da jo uporabljam tudi, ko ne berem. Je popolna blazina za hrbet, ne glede na to, ali delam na prenosniku v postelji ali se samo spro\u0161\u010dam ob gledanju televizije.\u201d<\/p>\n<p>\u201cKot vzglavnik za nose\u010dnice je bil dovolj nastavljiv, da je podpiral moj hrbet ali se podal pod trebuh. In zdaj, ko dojim, je \u0161e vedno uporaben, \u010de ga naslonim za hrbet, ko sedim v postelji.\u201d  <\/p>\n<p>\u201cTo je odli\u010dna blazina za podporo ledvenega dela po operaciji. Lahko prilagodim vi\u0161ino in ostane za mojim hrbtom, medtem ko okrevam.\u201d<\/p>\n<p>S \u0161estimi na voljo velikostmi boste zagotovo na\u0161li popolno dimenzijo za svoje potrebe. Cene se gibljejo od $XX.XX do $XX.XX, odvisno od velikosti. Z vsestransko oporo blazine Large Bed Bolster v svojo spalnico vnesite lahkotno udobje in slog.<\/p>","protected":false},"excerpt":{"rendered":"<ul>\n<li><strong>POPOLNA BRALNA VZGLAVINA:<\/strong> Ta udobna bralna blazina ob postelji s pravokotno obliko odli\u010dno slu\u017ei kot mehka opora za hrbet in ledvena blazina, ko sedite na postelji med branjem, gledanjem televizije, brskanjem po telefonu, brskanjem po tablici, igranjem video iger, vadbo joge, dojenjem in po\u010ditkom po operaciji.<\/li>\n<li><strong>UDOBNA BLAZINA ZA TELO:<\/strong> Kot velika blazina za telo nadome\u0161\u010da vse obi\u010dajne blazine za posteljo ali ledveni del, omogo\u010da ve\u010d polo\u017eajev kot pozicionirna blazina za podporo hrbta, ramen, hrbtenice, trebuha, nog in omogo\u010da, da va\u0161e mi\u0161ice ostanejo spro\u0161\u010dene. Spodbuja poravnano hrbtenico za vsakega spe\u010dega, ne glede na to, ali potrebujete oblazinjeno blazino za posteljo ali veliko blazino za oporo hrbta, \u010de potrebujete le ve\u010d ali manj vi\u0161ine. Uporabite jo lahko tudi kot blazino za nose\u010dnice, ki nudi oporo razli\u010dnim delom telesa in laj\u0161a bole\u010dine med nose\u010dnostjo.<\/li>\n<li><strong>PRVOTNO ZASNOVANO Z VISOKO KAKOVOSTNIMI MATERIALI:<\/strong> Pravokotna bralna blazina s tridimenzionalnimi \u010drtami, gumbi iz blaga in popolnoma zarobljenimi robovi se zelo razlikuje od vseh obi\u010dajnih blazin za hrbet. \u010ceprav je okrasna blazina za hrbet mehka, ohranja svojo podporno obliko, saj v celoti izkori\u0161\u010da prednosti pro\u017enega in fleksibilnega polnila iz mikro poliestrskih vlaken. Dvosmerna zadrga na no\u010dni blazini je zelo mo\u010dna in vzdr\u017eljiva za dolgotrajno uporabo.<\/li>\n<li><strong>\u010cUDOVITA DEKORATIVNA BLAZINA ZA NO\u010cNO POSTELJO:<\/strong> \u010ce potrebujete hitro in enostavno vzglavje, lahko to oblazinjeno bralno blazino za vzglavje uporabite kot alternativo, hkrati pa je tudi \u010dudovit okras za posteljo. Njena elegantna oblika bo va\u0161i spalnici dodala privla\u010den videz. S svojim privla\u010dnim videzom je ta originalna blazina za naslonjalo za posteljo nastavljiva za spalnico, hotel, bolni\u0161nico, sede\u017e ob oknu, kav\u010d, dnevno posteljo, pograd, posteljo v \u0161tudentskem domu ali posteljo s podstavkom.<\/li>\n<li><strong>SNEMLJIVA PREVLEKA ZA LEDVENO REGIJO IN ENOSTAVNO PRALNA:<\/strong> Prevleko za bralno blazino lahko preprosto odstranite tako, da odprete zadrgo in odpnete gumbe, nato pa jo operete v pralnem stroju.<\/li>\n<li><strong>Blago:<\/strong> \u017damet (100% poliester).<\/li>\n<li><strong>Velikost:<\/strong> 100x50x8cm (3 gumbi), 120x50x8cm (4 gumbi), 140x50x8cm (4 gumbi), 160x50x8cm (5 gumbov), 180x50x8cm (6 gumbov), 200x50x8cm (7 gumbov)<\/li>\n<\/ul>","protected":false},"featured_media":1194,"comment_status":"open","ping_status":"closed","template":"","meta":[],"product_brand":[],"product_cat":[28],"product_tag":[117,60,116,115,114,79,118,59,119,120],"class_list":{"0":"post-1209","1":"product","2":"type-product","3":"status-publish","4":"has-post-thumbnail","6":"product_cat-large-body-pillow","7":"product_tag-back-support-cushion","8":"product_tag-backrest-pillow","9":"product_tag-bed-rest","10":"product_tag-comfortable-body-pillow","11":"product_tag-large-bed-bolster-pillow","12":"product_tag-lumbar-pillow","13":"product_tag-pregnancy-pillow","14":"product_tag-reading-pillow","15":"product_tag-rectangular-reading-pillow","16":"product_tag-velvet-pillow","18":"first","19":"instock","20":"featured","21":"shipping-taxable","22":"purchasable","23":"product-type-variable"},"_links":{"self":[{"href":"https:\/\/www.largepillow.com\/sl\/wp-json\/wp\/v2\/product\/1209","targetHints":{"allow":["GET"]}}],"collection":[{"href":"https:\/\/www.largepillow.com\/sl\/wp-json\/wp\/v2\/product"}],"about":[{"href":"https:\/\/www.largepillow.com\/sl\/wp-json\/wp\/v2\/types\/product"}],"replies":[{"embeddable":true,"href":"https:\/\/www.largepillow.com\/sl\/wp-json\/wp\/v2\/comments?post=1209"}],"wp:featuredmedia":[{"embeddable":true,"href":"https:\/\/www.largepillow.com\/sl\/wp-json\/wp\/v2\/media\/1194"}],"wp:attachment":[{"href":"https:\/\/www.largepillow.com\/sl\/wp-json\/wp\/v2\/media?parent=1209"}],"wp:term":[{"taxonomy":"product_brand","embeddable":true,"href":"https:\/\/www.largepillow.com\/sl\/wp-json\/wp\/v2\/product_brand?post=1209"},{"taxonomy":"product_cat","embeddable":true,"href":"https:\/\/www.largepillow.com\/sl\/wp-json\/wp\/v2\/product_cat?post=1209"},{"taxonomy":"product_tag","embeddable":true,"href":"https:\/\/www.largepillow.com\/sl\/wp-json\/wp\/v2\/product_tag?post=1209"}],"curies":[{"name":"wp","href":"https:\/\/api.w.org\/{rel}","templated":true}]}}