{"id":1238,"date":"2022-09-19T05:36:36","date_gmt":"2022-09-19T05:36:36","guid":{"rendered":"https:\/\/www.largepillow.com\/product\/back-cushion-for-sofa"},"modified":"2026-02-06T13:51:15","modified_gmt":"2026-02-06T13:51:15","slug":"vzglavnik-za-pocitek-v-postelji","status":"publish","type":"product","link":"https:\/\/www.largepillow.com\/sl\/product\/bedrest-pillow\/","title":{"rendered":"Vzglavnik za posteljo"},"content":{"rendered":"<p>Privo\u0161\u010dite si udobje in oporo z na\u0161o vzglavno blazino<\/p>\n<p>I\u0161\u010dete popoln vzglavnik za bolj\u0161o sprostitev in dobro po\u010dutje? Ne i\u0161\u010dite dlje od na\u0161e vrhunske blazine za posteljo, ki je skrbno zasnovana za zagotavljanje neprimerljive opore in udobja.<\/p>\n<p>Neprekosljiva kakovost in udobje<\/p>\n<p>Na\u0161a vzglavna blazina za posteljo, izdelana z izjemno natan\u010dnostjo, je napolnjena s premium poliestrskimi vlakni, ki se brezhibno prilegajo va\u0161emu telesu in zagotavljajo neomajno oporo za hrbet ter mehak ob\u010dutek. Obdana z razko\u0161no mehko \u017eametno tkanino je odporna na deformacije in luskanje ter obljublja dolgotrajno udobje.<\/p>\n<p>Vsestranska nastavitev in udobje<\/p>\n<p>Na\u0161a blazina je nastavljiva in ima majhno blazino v obliki zvitka, ki jo je mogo\u010de strate\u0161ko namestiti za ciljno usmerjeno podporo. Omogo\u010da poravnavo hrbtenice in prepre\u010duje sklanjanje za zdravo dr\u017eo. Poleg tega snemljiva in pralna prevleka za blazino zagotavlja dodatno plast higiene in enostavno vzdr\u017eevanje. Za dodatno udobje dva prakti\u010dna stranska \u017eepa omogo\u010data shranjevanje manj\u0161ih predmetov, tako da so va\u0161i najljub\u0161i predmeti vedno pri roki.<\/p>\n<p>Znanstvena podpora za hrbet<\/p>\n<p>Na\u0161a ergonomsko zasnovana blazina za po\u010ditek nudi neprimerljivo oporo za hrbet, laj\u0161a bole\u010dine v ledvenem in vratnem delu hrbta, spodbuja pravilno dr\u017eo in prepre\u010duje nelagodje zaradi dolgotrajnega sedenja ali le\u017eanja.<\/p>\n<p>Ve\u010dnamensko udobje<\/p>\n<p>Na\u0161a vsestranska in prilagodljiva blazina za posteljo presega meje spalnice. Je idealen spremljevalec za zofe, dnevne postelje, stole in kav\u010de, saj vam omogo\u010da vrhunsko udobje in oporo hrbtenice v katerem koli okolju. Ne glede na to, ali berete o\u010darljiv roman, gledate svoje najljub\u0161e oddaje ali se preprosto spro\u0161\u010date po dolgem dnevu, na\u0161a blazina zagotavlja pomlajevalno izku\u0161njo.<\/p>\n<p>Priporo\u010dila strank<\/p>\n<p>\u201cTa trikotna blazina je izjemno udobna. Nizozemska \u017eametna tkanina je tako mehka na otip, valjasta blazina pa je odli\u010dna za oporo vratu.\u201d \u2013 Zadovoljna stranka<\/p>\n<p>\u201cV\u0161e\u010d so mi prostorni stranski \u017eepi. V njih imam telefon, bele\u017eko in druge potreb\u0161\u010dine organizirane in pri roki.\u201d \u2013 Navdu\u0161ena uporabnica<\/p>\n<p>Specifikacije<\/p>\n<p>* Blago: 100% poliestrski \u017eamet<br \/>\n* Velikost: 60x50x22 cm<\/p>\n<p>Investirajte v vrhunsko re\u0161itev za sprostitev in oporo \u0161e danes z na\u0161o izjemno blazino za posteljo. Njeno vrhunsko udobje, vsestranskost in vzdr\u017eljivost bodo revolucionarno spremenile va\u0161 dom in izbolj\u0161ale va\u0161e po\u010dutje.<\/p>","protected":false},"excerpt":{"rendered":"<ul>\n<li><strong>Kvalificirana klinasta blazina:<\/strong> Ta vzglavnik s klinastim vzorcem je polnjen s premium poliestrskimi vlakni, ki zagotavljajo stabilno oporo za hrbet in vam omogo\u010dajo udobje med branjem, po\u010ditkom ali gledanjem televizije na postelji ali kav\u010du. Visokokakovostna \u017eametna tkanina je na otip zelo mehka, trpe\u017ena in se ne deformira ali lu\u0161\u010di.<\/li>\n<li><strong>Nastavljiva klinasta blazina:<\/strong> Okrasna blazina ima majhno blazino v obliki rola. Po potrebi jo je mogo\u010de prilagoditi. Pomaga ohranjati hrbet raven, da se ne boste sklanjali. Prevleka za bralno hrbtno blazino je snemljiva in pralna. Ob strani sta 2 majhna \u017eepa za shranjevanje manj\u0161ih predmetov, kot so pisalo, mobilni telefon, daljinski upravljalnik za televizor itd.<\/li>\n<li><strong>Odli\u010dna podpora hrbta:<\/strong> Velika podporna blazina je ergonomsko oblikovana in nudi znanstveno oporo hrbtu ter izbolj\u0161a dr\u017eo med sedenjem. Ta blazina za kav\u010d zagotavlja udobno oporo za pas, hrbet in vrat. Prav tako lahko prepre\u010di in laj\u0161a bolezni ledvenega in vratnega dela hrbta ter laj\u0161a bole\u010dine v hrbtu.<\/li>\n<li><strong>\u0160irok spekter uporabe:<\/strong> Klinasta blazina ima razli\u010dne na\u010dine uporabe, zato je zelo primerna za uporabo na postelji, kav\u010du, naslanja\u010du in kav\u010du. Popolno darilo zase, za prijatelje ali dru\u017eino.<\/li>\n<li><strong>Enostavno \u010di\u0161\u010denje:<\/strong> Ta podporna blazina ima zadrgo, ki omogo\u010da enostavno odstranitev prevleke in pranje v pralnem stroju.<\/li>\n<li><strong>Blago:<\/strong> \u017damet (100% poliester).<\/li>\n<li><strong>Velikost:<\/strong>\u00a060x50x22 cm.<\/li>\n<\/ul>","protected":false},"featured_media":1228,"comment_status":"open","ping_status":"closed","template":"","meta":[],"product_brand":[],"product_cat":[29],"product_tag":[66,60,111,101,112,59,107,71,65],"class_list":{"0":"post-1238","1":"product","2":"type-product","3":"status-publish","4":"has-post-thumbnail","6":"product_cat-large-reading-pillow","7":"product_tag-back-support-pillow","8":"product_tag-backrest-pillow","9":"product_tag-bedrest-pillow","10":"product_tag-chair-cushion","11":"product_tag-lumbar-support-pillow","12":"product_tag-reading-pillow","13":"product_tag-sofa-cushion","14":"product_tag-tv-pillow","15":"product_tag-wedge-pillow","17":"first","18":"outofstock","19":"shipping-taxable","20":"purchasable","21":"product-type-simple"},"_links":{"self":[{"href":"https:\/\/www.largepillow.com\/sl\/wp-json\/wp\/v2\/product\/1238","targetHints":{"allow":["GET"]}}],"collection":[{"href":"https:\/\/www.largepillow.com\/sl\/wp-json\/wp\/v2\/product"}],"about":[{"href":"https:\/\/www.largepillow.com\/sl\/wp-json\/wp\/v2\/types\/product"}],"replies":[{"embeddable":true,"href":"https:\/\/www.largepillow.com\/sl\/wp-json\/wp\/v2\/comments?post=1238"}],"wp:featuredmedia":[{"embeddable":true,"href":"https:\/\/www.largepillow.com\/sl\/wp-json\/wp\/v2\/media\/1228"}],"wp:attachment":[{"href":"https:\/\/www.largepillow.com\/sl\/wp-json\/wp\/v2\/media?parent=1238"}],"wp:term":[{"taxonomy":"product_brand","embeddable":true,"href":"https:\/\/www.largepillow.com\/sl\/wp-json\/wp\/v2\/product_brand?post=1238"},{"taxonomy":"product_cat","embeddable":true,"href":"https:\/\/www.largepillow.com\/sl\/wp-json\/wp\/v2\/product_cat?post=1238"},{"taxonomy":"product_tag","embeddable":true,"href":"https:\/\/www.largepillow.com\/sl\/wp-json\/wp\/v2\/product_tag?post=1238"}],"curies":[{"name":"wp","href":"https:\/\/api.w.org\/{rel}","templated":true}]}}