{"id":1262,"date":"2022-09-19T05:37:03","date_gmt":"2022-09-19T05:37:03","guid":{"rendered":"https:\/\/www.largepillow.com\/product\/office-chair-cushion"},"modified":"2025-05-01T17:46:45","modified_gmt":"2025-05-01T17:46:45","slug":"bralni-klinasti-vzglavnik-2","status":"publish","type":"product","link":"https:\/\/www.largepillow.com\/sl\/product\/reading-wedge-pillow-2\/","title":{"rendered":"Vzglavnik za branje"},"content":{"rendered":"<p>Vrhunska bralna klinasta blazina: udobje in podpora za vse va\u0161e prijetne trenutke<\/p>\n<p>Prepustite se neprimerljivemu udobju z vzglavnikom Reading Wedge, ki je skrbno izdelan iz vrhunskih materialov in ima nastavljivo zasnovo za maksimalno vsestranskost in oporo.<\/p>\n<p>Izjemno udobje za branje in sprostitev<\/p>\n<p>Ta visokokakovostna klinasta blazina je skrbno napolnjena s premium poliestrskimi vlakni, kar zagotavlja neomajno oporo hrbtu in mehak ob\u010dutek, ki vas objame v udobje. Ne glede na to, ali se zvijete z o\u010darljivo knjigo, se spro\u0161\u010date pred spanjem ali pa preprosto i\u0161\u010dete sprostitev na kav\u010du, bo ta blazina brez napora izbolj\u0161ala va\u0161o izku\u0161njo.<\/p>\n<p>Nastavljivo za prilagojeno podporo<\/p>\n<p>Pametno zasnovana blazina z zaobljenim vzglavnikom vam omogo\u010da, da nastavite oporo natan\u010dno tam, kjer jo najbolj potrebujete. Ne glede na to, ali imate raje rahel naklon ali bolj izrazit kot, je ta blazina prava izbira za vas. Je popolna re\u0161itev za ohranjanje ravnega hrbta in prepre\u010devanje sklju\u010denosti, kar spodbuja bolj\u0161o dr\u017eo in splo\u0161no dobro po\u010dutje.<\/p>\n<p>Ergonomska oblika za optimalno oporo hrbta<\/p>\n<p>Ta podporna blazina, ki se dr\u017ei strogih ergonomskih na\u010del, se prilagaja naravnim krivuljam va\u0161ega hrbta in zagotavlja znanstveno utemeljeno oporo, ki laj\u0161a bole\u010dine v hrbtu in izbolj\u0161uje dr\u017eo med sedenjem. Njena prostorna velikost ponuja obilno oporo za pas, hrbet in vrat ter u\u010dinkovito prepre\u010duje te\u017eave z ledvenim in vratnim delom hrbta.<\/p>\n<p>Vsestranskost za \u0161irok spekter uporabe<\/p>\n<p>Zaradi vsestranskosti je vzglavnik Reading Wedge nepogre\u0161ljiv za vsak dom. Idealen je za uporabo na posteljah, zofah, le\u017ealnikih, stolih in kav\u010dih. Njegova prilagodljivost sega do razli\u010dnih dejavnosti, od branja in gledanja televizije do preprostega spro\u0161\u010danja in u\u017eivanja v udobju, ki ga nudi.<\/p>\n<p>Preprosto vzdr\u017eevanje za dolgotrajno udobje<\/p>\n<p>Ta podporna blazina je bila zasnovana z mislijo na udobje in ima zadrgo, ki omogo\u010da enostavno odstranitev prevleke, ki jo je mogo\u010de prati v pralnem stroju. Trpe\u017ena tkanina iz me\u0161anice poliestra in lana zagotavlja dolgotrajno udobje in ohranitev oblike, zaradi \u010desar je ta blazina dolgoro\u010dna nalo\u017eba v va\u0161e dobro po\u010dutje.<\/p>\n<p>Povratne informacije strank povedo veliko<\/p>\n<p>\u00bbTa klinasta blazina je odli\u010dna za branje v postelji. Zagotavlja odli\u010dno oporo za hrbet, nastavljiva blazina pa je prelomnica.\u00ab<\/p>\n<p>\u00bbTo blazino uporabljam \u017ee nekaj tednov in bole\u010dine v hrbtu so se znatno izbolj\u0161ale. Je tako udobna in me podpira na vseh pravih mestih.\u00ab<\/p>\n<p>&quot;Kakovost te blazine je neverjetna. Blago je mehko in trpe\u017eno, \u0161ivi pa so brezhibni. Zelo jo priporo\u010dam.&quot;<\/p>\n<p>Vzglavnik Reading Wedge je sinonim za udobje, oporo in vsestranskost. Njegova vrhunska konstrukcija, nastavljiva oblika in ergonomska opora bodo izbolj\u0161ale va\u0161e branje, sprostitev in splo\u0161no dobro po\u010dutje. Investirajte v ta izjemen vzglavnik \u0161e danes in dvignite svoje doma\u010de \u017eivljenje na nove vi\u0161ine udobja in u\u017eitka.<\/p>","protected":false},"excerpt":{"rendered":"<ul>\n<li><strong>Kvalificirana klinasta blazina:<\/strong> Ta vzglavnik s klinastim vzglavnikom je polnjen s premium poliestrskimi vlakni, ki zagotavljajo stabilno oporo za hrbet in vam omogo\u010dajo udobje med branjem, po\u010ditkom ali gledanjem televizije na postelji ali kav\u010du. Visokokakovostna lanena tkanina je na otip zelo mehka, trpe\u017ena in se ne deformira ali lu\u0161\u010di.<\/li>\n<li><strong>Nastavljiva klinasta blazina:<\/strong> Okrasna blazina ima majhno blazino v obliki rola. Po potrebi jo je mogo\u010de prilagoditi. Pomaga ohranjati hrbet raven, da se ne boste sklanjali. Prevleka za bralno hrbtno blazino je snemljiva in pralna. Ob strani sta 2 majhna \u017eepa za shranjevanje manj\u0161ih predmetov, kot so pisalo, mobilni telefon, daljinski upravljalnik za televizor itd.<\/li>\n<li><strong>Odli\u010dna podpora hrbta:<\/strong> Velika podporna blazina je ergonomsko oblikovana in nudi znanstveno oporo hrbtu ter izbolj\u0161a dr\u017eo med sedenjem. Ta blazina za kav\u010d zagotavlja udobno oporo za pas, hrbet in vrat. Prav tako lahko prepre\u010di in laj\u0161a bolezni ledvenega in vratnega dela hrbta ter laj\u0161a bole\u010dine v hrbtu.<\/li>\n<li><strong>\u0160irok spekter uporabe:<\/strong> Klinasta blazina ima razli\u010dne na\u010dine uporabe, zato je zelo primerna za uporabo na postelji, kav\u010du, naslanja\u010du in kav\u010du. Popolno darilo zase, za prijatelje ali dru\u017eino.<\/li>\n<li><strong>Enostavno \u010di\u0161\u010denje:<\/strong> Ta podporna blazina ima zadrgo, ki omogo\u010da enostavno odstranitev prevleke in pranje v pralnem stroju.<\/li>\n<li><strong>Blago:<\/strong>\u00a0Me\u0161anica poliestra in lana.<\/li>\n<li><strong>Velikost:<\/strong>\u00a060x50x22 cm.<\/li>\n<\/ul>","protected":false},"featured_media":1250,"comment_status":"open","ping_status":"closed","template":"","meta":[],"product_brand":[],"product_cat":[29],"product_tag":[92,60,99,101,102,96,105,89,59,104,95,98,100,90],"class_list":{"0":"post-1262","1":"product","2":"type-product","3":"status-publish","4":"has-post-thumbnail","6":"product_cat-large-reading-pillow","7":"product_tag-adjustable-wedge-pillow","8":"product_tag-backrest-pillow","9":"product_tag-bed-pillow","10":"product_tag-chair-cushion","11":"product_tag-couch-pillow","12":"product_tag-cushions-for-sofa","13":"product_tag-lumbar-support","14":"product_tag-qualified-wedge-pillow","15":"product_tag-reading-pillow","16":"product_tag-reading-wedge-pillow","17":"product_tag-scientific-back-support","18":"product_tag-small-roll-bolster-pillow","19":"product_tag-sofa-daybed-pillow","20":"product_tag-stable-back-support","22":"first","23":"outofstock","24":"featured","25":"shipping-taxable","26":"purchasable","27":"product-type-simple"},"_links":{"self":[{"href":"https:\/\/www.largepillow.com\/sl\/wp-json\/wp\/v2\/product\/1262","targetHints":{"allow":["GET"]}}],"collection":[{"href":"https:\/\/www.largepillow.com\/sl\/wp-json\/wp\/v2\/product"}],"about":[{"href":"https:\/\/www.largepillow.com\/sl\/wp-json\/wp\/v2\/types\/product"}],"replies":[{"embeddable":true,"href":"https:\/\/www.largepillow.com\/sl\/wp-json\/wp\/v2\/comments?post=1262"}],"wp:featuredmedia":[{"embeddable":true,"href":"https:\/\/www.largepillow.com\/sl\/wp-json\/wp\/v2\/media\/1250"}],"wp:attachment":[{"href":"https:\/\/www.largepillow.com\/sl\/wp-json\/wp\/v2\/media?parent=1262"}],"wp:term":[{"taxonomy":"product_brand","embeddable":true,"href":"https:\/\/www.largepillow.com\/sl\/wp-json\/wp\/v2\/product_brand?post=1262"},{"taxonomy":"product_cat","embeddable":true,"href":"https:\/\/www.largepillow.com\/sl\/wp-json\/wp\/v2\/product_cat?post=1262"},{"taxonomy":"product_tag","embeddable":true,"href":"https:\/\/www.largepillow.com\/sl\/wp-json\/wp\/v2\/product_tag?post=1262"}],"curies":[{"name":"wp","href":"https:\/\/api.w.org\/{rel}","templated":true}]}}