{"id":1286,"date":"2022-09-19T05:37:34","date_gmt":"2022-09-19T05:37:34","guid":{"rendered":"https:\/\/www.largepillow.com\/product\/custom-sofa-cushions"},"modified":"2026-01-20T07:53:44","modified_gmt":"2026-01-20T07:53:44","slug":"blazina-za-podporo-pri-branju","status":"publish","type":"product","link":"https:\/\/www.largepillow.com\/sl\/product\/reading-support-pillow\/","title":{"rendered":"Blazina za podporo pri branju"},"content":{"rendered":"<p>U\u017eivajte v vrhunski oporo za hrbet z vzglavnikom za podporo pri branju <\/p>\n<p>\u010ce radi berete ali gledate televizijo v postelji, a se te\u017eko udobno usedete, je vzglavnik za branje prava izbira za vas. Ta usposobljen klinast vzglavnik zagotavlja stabilno oporo za hrbet, tako da se lahko sprostite, ne da bi se sklanjali ali napenjali vrat.<\/p>\n<p>Izdelana iz mehke, trpe\u017ene lanene tkanine s polnilom iz vrhunskega poliestra, se blazina za podporo branju prilagaja naravnim krivuljam va\u0161ega telesa. Ergonomska oblika izbolj\u0161a dr\u017eo in laj\u0161a bole\u010dine v ledvenem delu, kar vam omogo\u010da, da se udobno namestite in u\u017eivate ure in ure. <\/p>\n<p>Kot je navdu\u0161eno povedala ena zadovoljna stranka: \u201cTa tristranska blazina je izdelana iz bomba\u017ea in lanenega materiala, ki je zelo mehak in udoben na otip. Zagotavlja lepo oporo za hrbet, ko berem ali uporabljam telefon v postelji.\u201d<\/p>\n<p>Klinasta blazina je popolnoma nastavljiva zaradi prilo\u017eene opore. Postavite jo kamor koli potrebujete dodatno oporo. Dva priro\u010dna stranska \u017eepa sta idealna za shranjevanje potreb\u0161\u010din, kot so telefoni, daljinski upravljalniki in knjige, pri roki.  <\/p>\n<p>Ne glede na to, ali \u017eelite prebrati najnovej\u0161o uspe\u0161nico, si ogledati najljub\u0161e oddaje ali se samo sprostiti s tablico, je vzglavnik za branje prava izbira za vas. Njegova vsestranska zasnova zagotavlja odli\u010dno oporo za hrbet na posteljah, kav\u010dih, le\u017ealnikih in celo stolih. Konec premetavanja in obra\u010danja ali bole\u010din v vratu!<\/p>\n<p>Kot je povedal drug recenzent: \u201cTa valjasta blazina se lahko nasloni pokonci na vzglavje postelje ali pa se polo\u017ei vzdol\u017eno za ledveno oporo. Je precej udobna in ravno prave velikosti.\u201d<\/p>\n<p>Enostavna za vzdr\u017eevanje, snemljiva prevleka se odpne z zadrgo za pranje v pralnem stroju. Blazina za branje, ki je na voljo v mehki me\u0161anici poliestra in lana, je idealno darilo. <\/p>\n<p>Privo\u0161\u010dite si odmor za hrbet in izbolj\u0161ajte svojo zabavo s to ergonomsko blazino za bralno podporo. Naro\u010dite blazino za podporo branja \u0161e danes!<\/p>","protected":false},"excerpt":{"rendered":"<ul>\n<li><strong>Kvalificirana klinasta blazina:<\/strong> Ta vzglavnik s klinastim vzglavnikom je polnjen s premium poliestrskimi vlakni, ki zagotavljajo stabilno oporo za hrbet in vam omogo\u010dajo udobje med branjem, po\u010ditkom ali gledanjem televizije na postelji ali kav\u010du. Visokokakovostna lanena tkanina je na otip zelo mehka, trpe\u017ena in se ne deformira ali lu\u0161\u010di.<\/li>\n<li><strong>Nastavljiva klinasta blazina:<\/strong> Okrasna blazina ima majhno blazino v obliki rola. Po potrebi jo je mogo\u010de prilagoditi. Pomaga ohranjati hrbet raven, da se ne boste sklanjali. Prevleka za bralno hrbtno blazino je snemljiva in pralna. Ob strani sta 2 majhna \u017eepa za shranjevanje manj\u0161ih predmetov, kot so pisalo, mobilni telefon, daljinski upravljalnik za televizor itd.<\/li>\n<li><strong>Odli\u010dna podpora hrbta:<\/strong> Velika podporna blazina je ergonomsko oblikovana in nudi znanstveno oporo hrbtu ter izbolj\u0161a dr\u017eo med sedenjem. Ta blazina za kav\u010d zagotavlja udobno oporo za pas, hrbet in vrat. Prav tako lahko prepre\u010di in laj\u0161a bolezni ledvenega in vratnega dela hrbta ter laj\u0161a bole\u010dine v hrbtu.<\/li>\n<li><strong>\u0160irok spekter uporabe:<\/strong> Klinasta blazina ima razli\u010dne na\u010dine uporabe, zato je zelo primerna za uporabo na postelji, kav\u010du, naslanja\u010du in kav\u010du. Popolno darilo zase, za prijatelje ali dru\u017eino.<\/li>\n<li><strong>Enostavno \u010di\u0161\u010denje:<\/strong> Ta podporna blazina ima zadrgo, ki omogo\u010da enostavno odstranitev prevleke in pranje v pralnem stroju.<\/li>\n<li><strong>Blago:<\/strong>\u00a0Me\u0161anica poliestra in lana.<\/li>\n<li><strong>Velikost:<\/strong>\u00a060x50x22 cm.<\/li>\n<\/ul>","protected":false},"featured_media":1275,"comment_status":"open","ping_status":"closed","template":"","meta":[],"product_brand":[],"product_cat":[29],"product_tag":[92,60,99,101,102,94,89,59,97,95,98,100,90],"class_list":{"0":"post-1286","1":"product","2":"type-product","3":"status-publish","4":"has-post-thumbnail","6":"product_cat-large-reading-pillow","7":"product_tag-adjustable-wedge-pillow","8":"product_tag-backrest-pillow","9":"product_tag-bed-pillow","10":"product_tag-chair-cushion","11":"product_tag-couch-pillow","12":"product_tag-excellent-back-support","13":"product_tag-qualified-wedge-pillow","14":"product_tag-reading-pillow","15":"product_tag-reading-support-pillow","16":"product_tag-scientific-back-support","17":"product_tag-small-roll-bolster-pillow","18":"product_tag-sofa-daybed-pillow","19":"product_tag-stable-back-support","21":"first","22":"outofstock","23":"featured","24":"shipping-taxable","25":"purchasable","26":"product-type-simple"},"_links":{"self":[{"href":"https:\/\/www.largepillow.com\/sl\/wp-json\/wp\/v2\/product\/1286","targetHints":{"allow":["GET"]}}],"collection":[{"href":"https:\/\/www.largepillow.com\/sl\/wp-json\/wp\/v2\/product"}],"about":[{"href":"https:\/\/www.largepillow.com\/sl\/wp-json\/wp\/v2\/types\/product"}],"replies":[{"embeddable":true,"href":"https:\/\/www.largepillow.com\/sl\/wp-json\/wp\/v2\/comments?post=1286"}],"wp:featuredmedia":[{"embeddable":true,"href":"https:\/\/www.largepillow.com\/sl\/wp-json\/wp\/v2\/media\/1275"}],"wp:attachment":[{"href":"https:\/\/www.largepillow.com\/sl\/wp-json\/wp\/v2\/media?parent=1286"}],"wp:term":[{"taxonomy":"product_brand","embeddable":true,"href":"https:\/\/www.largepillow.com\/sl\/wp-json\/wp\/v2\/product_brand?post=1286"},{"taxonomy":"product_cat","embeddable":true,"href":"https:\/\/www.largepillow.com\/sl\/wp-json\/wp\/v2\/product_cat?post=1286"},{"taxonomy":"product_tag","embeddable":true,"href":"https:\/\/www.largepillow.com\/sl\/wp-json\/wp\/v2\/product_tag?post=1286"}],"curies":[{"name":"wp","href":"https:\/\/api.w.org\/{rel}","templated":true}]}}