{"id":1315,"date":"2022-09-19T06:01:52","date_gmt":"2022-09-19T06:01:52","guid":{"rendered":"https:\/\/www.largepillow.com\/product\/bed-wedge-pillows-for-reading"},"modified":"2025-09-13T10:51:53","modified_gmt":"2025-09-13T10:51:53","slug":"blazina-za-branje-v-narocju","status":"publish","type":"product","link":"https:\/\/www.largepillow.com\/sl\/product\/lap-pillow-for-reading","title":{"rendered":"Blazina za branje v naro\u010dju"},"content":{"rendered":"<p>Predstavljamo vam vrhunskega spremljevalca za branje: ergonomsko blazino za naro\u010dje<\/p>\n<p>Ste navdu\u0161en bralec, ki pogosto ob\u010duti nelagodje med branjem v postelji? Predstavljamo vam inovativno blazino za branje v naro\u010dju, ki je zasnovana za izbolj\u0161anje va\u0161e bralne izku\u0161nje z neprimerljivim udobjem in oporo.<\/p>\n<p>Ergonomska oblika za optimalno dr\u017eo<\/p>\n<p>Ta ergonomsko oblikovana blazina se popolnoma prilega va\u0161emu telesu in zagotavlja idealno dr\u017eo pri branju. Poslovite se od bole\u010din v spodnjem in zgornjem delu hrbta, te\u017eav z vratom in rameni, ki vas lahko pestijo zaradi nepravilne dr\u017ee.<\/p>\n<p>Vrhunski materiali za udobje in vzdr\u017eljivost<\/p>\n<p>Prevleka za vzglavnik je skrbno izdelana iz visokokakovostnega platna, znanega po svoji izjemni vzdr\u017eljivosti in zra\u010dnosti. \u017divahne barve, dose\u017eene z reaktivno tehnologijo tiskanja in barvanja, bodo ostale \u017eivahne \u0161e vrsto let. Notranje jedro je napolnjeno s premium visokoelasti\u010dnim poliestrskim vlaknom, ki zagotavlja mehko, a hkrati podporno blazino, ki se s\u010dasoma ne bo zgrudila.<\/p>\n<p>Ve\u010dnamensko za razli\u010dne potrebe<\/p>\n<p>Poleg izjemne opore pri branju lahko ta vsestranska blazina laj\u0161a tudi zdravstvena stanja, kot sta smr\u010danje in refluks kisline. Ponuja udobno povr\u0161ino za nose\u010dnice, da lahko spijo na boku, ali pa se lahko uporablja kot ledvena blazina za zmanj\u0161anje pritiska na hrbet. Njena vsestranskost sega onkraj spalnice, zaradi \u010desar je idealen spremljevalec za kav\u010de, igralnice, vrtno pohi\u0161tvo in drugo.<\/p>\n<p>Privla\u010dni potiski za pridih stila<\/p>\n<p>Dodajte svoji spalnici pridih elegance z izvrstnimi potiski na blazini za naro\u010dje. Izbirate lahko med pomirjujo\u010do \u201cgozdno glasbo\u201d, retro \u201cstarim \u010dasopisom\u201d, o\u010darljivim \u201cmodrim metuljem\u201d ali o\u010darljivim \u201czemljevidom kamel\u201d. Na voljo je dizajn, ki ustreza vsaki osebnosti in dekorju.<\/p>\n<p>Priro\u010dne funkcije za enostavno uporabo<\/p>\n<p>Prevleko za vzglavnik lahko brez te\u017eav odstranite in zamenjate z nevidno kovinsko zadrgo. Pralna v pralnem stroju zagotavlja, da bo va\u0161 vzglavnik ostal sve\u017e in higieni\u010den. Priro\u010den stranski \u017eep ponuja priro\u010den prostor za shranjevanje telefona, o\u010dal ali drugih manj\u0161ih predmetov.<\/p>\n<p>Pri\u010devanja strank<\/p>\n<p>\u201cKot izku\u0161ena bralka ne morem verjeti, da sem bila tako dolgo brez te blazine. Je kot uresni\u010ditev sanj, ki nudi oporo in udobje za ure bla\u017eenega branja.\u201d<\/p>\n<p>\u201cPlatno se odli\u010dno obnese na moji ko\u017ei, potisk pa je preprosto \u010dudovit. Ni le funkcionalno, ampak tudi doda pridih stila moji spalnici.\u201d<\/p>\n<p>Dimenzije: 60x20x50cm<\/p>\n<p>Investirajte v bolj\u0161o bralno izku\u0161njo z vzglavnikom za branje. Njegova ergonomska oblika, vrhunski materiali, ve\u010dnamenska narava in osupljivi potiski bodo va\u0161 \u010das branja spremenili v resni\u010dno udobno in prijetno opravilo. Naro\u010dite ga \u0161e danes in dvignite svojo bralno izku\u0161njo na nove vi\u0161ine!<\/p>","protected":false},"excerpt":{"rendered":"<ul>\n<li><strong>Ergonomska blazina:<\/strong>\u00a0\u010ce vi in va\u0161i prijatelji radi berete v postelji, vendar imate zaradi nepravilne dr\u017ee razli\u010dne te\u017eave: bole\u010dine v spodnjem in zgornjem delu hrbta, te\u017eave z vratom in rameni itd., potem uporabite to ergonomsko blazino, ki vam bo pomagala pri branju z ergonomsko dr\u017eo. Ta bralna blazina ni le mehka in udobna, ampak je tudi dovolj \u010dvrsta, da nudi bla\u017eenje in oporo.<\/li>\n<li><strong>Visokokakovostni materiali:<\/strong>\u00a0Prevleka za klinasto blazino je izdelana iz visokokakovostnega platna, ki je mo\u010dno in vzdr\u017eljivo ter ima zelo dobro prepustnost zraka; uporablja reaktivno tehnologijo tiskanja in barvanja, ki ne bo zbledela; notranje jedro je napolnjeno z visokokakovostnim visokoelasti\u010dnim poliestrskim vlaknom, ki lahko ohrani stabilno obliko, ne da bi se zru\u0161ilo.<\/li>\n<li><strong>Ve\u010dnamenska uporaba:<\/strong>\u00a0Ta ukrivljena blazina lahko nekatere dele telesa dr\u017ei dvignjene. Zato pomaga pri laj\u0161anju dolo\u010denih zdravstvenih te\u017eav, kot sta smr\u010danje ali refluks kisline. Poleg tega lahko nose\u010dnicam pomaga, da se izognejo obra\u010danju in ohranijo bo\u010dni spanec, ali pa jo uporabijo kot ledveno blazino za zmanj\u0161anje pritiska na ledveno hrbtenico. Poleg uporabe te hrbtne blazine na postelji jo lahko uporabljate tudi na kav\u010du, na tleh otro\u0161kega igri\u0161\u010da ali na vrtnem pohi\u0161tvu.<\/li>\n<li><strong>Odli\u010dno oblikovanje tiska:<\/strong>\u00a0Ta serija blazin za pozicioniranje je okra\u0161ena z \u017eivahnimi barvami, ki bodo va\u0161i spalnici dodale sijaj. Pastoralni slog \u00bbgozdna glasba\u00ab, retro slog \u00bbstari \u010dasopis\u00ab, literarni slog \u00bbmodri metulj\u00ab, realisti\u010dni slog \u00bbzemljevid kamel\u00ab \u2013 zagotovo boste na\u0161li barvo, ki ustreza va\u0161i osebnosti. To je dobra bralna blazina za fante in dekleta ali odrasle. Prav tako je odli\u010dno darilo za otroke, ki radi berejo, in bo njihovo sobo polep\u0161alo.<\/li>\n<li><strong>Snemljiva prevleka za vzglavnik:<\/strong>\u00a0Prevleko za vzglavnik z nevidno kovinsko zadrgo je mogo\u010de enostavno odstraniti in namestiti na vzglavnik; je enostavna za \u010di\u0161\u010denje in primerna za pranje v pralnem stroju; v priro\u010den stranski \u017eep lahko kadar koli shranite manj\u0161e predmete, kot so mobilni telefoni in o\u010dala.<\/li>\n<li><strong>Velikost:<\/strong>\u00a060x20x50cm.<\/li>\n<\/ul>","protected":false},"featured_media":1308,"comment_status":"open","ping_status":"closed","template":"","meta":[],"product_brand":[],"product_cat":[29],"product_tag":[60,81,86,78,85,79,80,59,65],"class_list":{"0":"post-1315","1":"product","2":"type-product","3":"status-publish","4":"has-post-thumbnail","6":"product_cat-large-reading-pillow","7":"product_tag-backrest-pillow","8":"product_tag-curved-shape-pillow","9":"product_tag-detachable-pillow-cover","10":"product_tag-ergonomic-pillow","11":"product_tag-lap-pillow-for-reading","12":"product_tag-lumbar-pillow","13":"product_tag-positioning-pillow","14":"product_tag-reading-pillow","15":"product_tag-wedge-pillow","17":"first","18":"instock","19":"featured","20":"shipping-taxable","21":"purchasable","22":"product-type-simple"},"_links":{"self":[{"href":"https:\/\/www.largepillow.com\/sl\/wp-json\/wp\/v2\/product\/1315","targetHints":{"allow":["GET"]}}],"collection":[{"href":"https:\/\/www.largepillow.com\/sl\/wp-json\/wp\/v2\/product"}],"about":[{"href":"https:\/\/www.largepillow.com\/sl\/wp-json\/wp\/v2\/types\/product"}],"replies":[{"embeddable":true,"href":"https:\/\/www.largepillow.com\/sl\/wp-json\/wp\/v2\/comments?post=1315"}],"wp:featuredmedia":[{"embeddable":true,"href":"https:\/\/www.largepillow.com\/sl\/wp-json\/wp\/v2\/media\/1308"}],"wp:attachment":[{"href":"https:\/\/www.largepillow.com\/sl\/wp-json\/wp\/v2\/media?parent=1315"}],"wp:term":[{"taxonomy":"product_brand","embeddable":true,"href":"https:\/\/www.largepillow.com\/sl\/wp-json\/wp\/v2\/product_brand?post=1315"},{"taxonomy":"product_cat","embeddable":true,"href":"https:\/\/www.largepillow.com\/sl\/wp-json\/wp\/v2\/product_cat?post=1315"},{"taxonomy":"product_tag","embeddable":true,"href":"https:\/\/www.largepillow.com\/sl\/wp-json\/wp\/v2\/product_tag?post=1315"}],"curies":[{"name":"wp","href":"https:\/\/api.w.org\/{rel}","templated":true}]}}