{"id":1323,"date":"2022-09-19T06:02:03","date_gmt":"2022-09-19T06:02:03","guid":{"rendered":"https:\/\/www.largepillow.com\/product\/reading-wedges"},"modified":"2024-10-03T16:31:26","modified_gmt":"2024-10-03T16:31:26","slug":"branje-klinov","status":"publish","type":"product","link":"https:\/\/www.largepillow.com\/sl\/product\/reading-wedges","title":{"rendered":"Reading Wedges"},"content":{"rendered":"<p>Ste knji\u017eni molj, ki rad bere v postelji, a trpi zaradi nelagodja in bole\u010din zaradi slabe dr\u017ee? \u010ce je odgovor pritrdilen, imamo za vas popolno re\u0161itev \u2013 bralne kline!<\/p>\n<p>Ta ergonomska blazina je zasnovana tako, da nudi oporo in bla\u017eenje spodnjemu in zgornjemu delu hrbta, vratu in ramen, kar zagotavlja, da lahko berete v postelji z ergonomsko dr\u017eo. Blazina je mehka in udobna, hkrati pa dovolj \u010dvrsta, da ohrani svojo obliko in nudi ustrezno oporo.<\/p>\n<p>Prevleka za vzglavnik v obliki klina je izdelana iz visokokakovostnega platna, ki je trpe\u017eno in ima odli\u010dno prepustnost zraka. Notranje jedro je napolnjeno z visokoelasti\u010dnim poliestrskim polnilom, ki zagotavlja, da se vzglavnik ne zme\u010dka in ohrani svojo obliko. Prevleka za vzglavnik je tudi snemljiva in pralna v pralnem stroju, zaradi \u010desar je enostavna za \u010di\u0161\u010denje in vzdr\u017eevanje.<\/p>\n<p>Zaradi ukrivljene oblike je vzglavnik idealen za dvigovanje dolo\u010denih delov telesa, kar pomaga pri laj\u0161anju zdravstvenih te\u017eav, kot sta smr\u010danje ali refluks kisline. Nose\u010dnice ga lahko uporabljajo za vzdr\u017eevanje bo\u010dne lege za spanje ali kot ledveni vzglavnik za zmanj\u0161anje pritiska na ledveno hrbtenico. Uporabite ga lahko tudi na kav\u010du ali tleh, zaradi \u010desar je ve\u010dnamenski.<\/p>\n<p>Bralne blazine so na voljo v razli\u010dnih dizajnih, vklju\u010dno z &quot;gozdna glasba&quot;, &quot;star \u010dasopis&quot;, &quot;modri metulj&quot; in &quot;zemljevid kamel&quot;. S temi \u017eivahnimi barvami lahko najdete tak\u0161no, ki odmeva z va\u0161o osebnostjo in va\u0161i spalnici doda nekaj \u017eivahnosti. Je popolna bralna blazina za odrasle, fante in dekleta, zaradi \u010desar je odli\u010dno darilo za otroke, ki radi berejo.<\/p>\n<p>Ne verjemite nam kar na besedo; tukaj je nekaj komentarjev na\u0161ih strank:<\/p>\n<p>\u201cObo\u017eujem svoje bralne kline; pomagali so mi ubla\u017eiti bole\u010dine v hrbtu med branjem v postelji.\u201d<\/p>\n<p>\u201c&quot;Oblikovanje blazine je odli\u010dno, barve pa moji sobi dodajo pridih elegance.&quot;\u201d<\/p>\n<p>\u201cBralni klini so ve\u010dnamenski in jih uporabljam tudi kot naslonjalo, ko sedim na kav\u010du.\u201d<\/p>\n<p>\u201cSnemljiva prevleka za vzglavnik je prelomnica, saj mi olaj\u0161a vzdr\u017eevanje \u010disto\u010de vzglavnika.\u201d<\/p>\n<p>Skratka, bralni klini so popolni za knji\u017ene molje, ki u\u017eivajo v branju v postelji. So udobni, \u010dvrsti in ve\u010dnamenski, zato jih morate imeti. Pridobite si svojega \u0161e danes in se poslovite od bole\u010din v hrbtu in nelagodja med branjem v postelji.<\/p>","protected":false},"excerpt":{"rendered":"<ul>\n<li><strong>Ergonomska blazina:<\/strong>\u00a0\u010ce vi in va\u0161i prijatelji radi berete v postelji, vendar imate zaradi nepravilne dr\u017ee razli\u010dne te\u017eave: bole\u010dine v spodnjem in zgornjem delu hrbta, te\u017eave z vratom in rameni itd., potem uporabite to ergonomsko blazino, ki vam bo pomagala pri branju z ergonomsko dr\u017eo. Ta bralna blazina ni le mehka in udobna, ampak je tudi dovolj \u010dvrsta, da nudi bla\u017eenje in oporo.<\/li>\n<li><strong>Visokokakovostni materiali:<\/strong>\u00a0Prevleka za klinasto blazino je izdelana iz visokokakovostnega platna, ki je mo\u010dno in vzdr\u017eljivo ter ima zelo dobro prepustnost zraka; uporablja reaktivno tehnologijo tiskanja in barvanja, ki ne bo zbledela; notranje jedro je napolnjeno z visokokakovostnim visokoelasti\u010dnim poliestrskim vlaknom, ki lahko ohrani stabilno obliko, ne da bi se zru\u0161ilo.<\/li>\n<li><strong>Ve\u010dnamenska uporaba:<\/strong>\u00a0Ta ukrivljena blazina lahko nekatere dele telesa dr\u017ei dvignjene. Zato pomaga pri laj\u0161anju dolo\u010denih zdravstvenih te\u017eav, kot sta smr\u010danje ali refluks kisline. Poleg tega lahko nose\u010dnicam pomaga, da se izognejo obra\u010danju in ohranijo bo\u010dni spanec, ali pa jo uporabijo kot ledveno blazino za zmanj\u0161anje pritiska na ledveno hrbtenico. Poleg uporabe te hrbtne blazine na postelji jo lahko uporabljate tudi na kav\u010du, na tleh otro\u0161kega igri\u0161\u010da ali na vrtnem pohi\u0161tvu.<\/li>\n<li><strong>Odli\u010dno oblikovanje tiska:<\/strong>\u00a0Ta serija blazin za pozicioniranje je okra\u0161ena z \u017eivahnimi barvami, ki bodo va\u0161i spalnici dodale sijaj. Pastoralni slog \u00bbgozdna glasba\u00ab, retro slog \u00bbstari \u010dasopis\u00ab, literarni slog \u00bbmodri metulj\u00ab, realisti\u010dni slog \u00bbzemljevid kamel\u00ab \u2013 zagotovo boste na\u0161li barvo, ki ustreza va\u0161i osebnosti. To je dobra bralna blazina za fante in dekleta ali odrasle. Prav tako je odli\u010dno darilo za otroke, ki radi berejo, in bo njihovo sobo polep\u0161alo.<\/li>\n<li><strong>Snemljiva prevleka za vzglavnik:<\/strong>\u00a0Prevleko za vzglavnik z nevidno kovinsko zadrgo je mogo\u010de enostavno odstraniti in namestiti na vzglavnik; je enostavna za \u010di\u0161\u010denje in primerna za pranje v pralnem stroju; v priro\u010den stranski \u017eep lahko kadar koli shranite manj\u0161e predmete, kot so mobilni telefoni in o\u010dala.<\/li>\n<li><strong>Velikost:<\/strong>\u00a060x20x50cm.<\/li>\n<\/ul>","protected":false},"featured_media":1316,"comment_status":"open","ping_status":"closed","template":"","meta":[],"product_brand":[],"product_cat":[29],"product_tag":[60,81,78,79,59,83,84],"class_list":{"0":"post-1323","1":"product","2":"type-product","3":"status-publish","4":"has-post-thumbnail","6":"product_cat-large-reading-pillow","7":"product_tag-backrest-pillow","8":"product_tag-curved-shape-pillow","9":"product_tag-ergonomic-pillow","10":"product_tag-lumbar-pillow","11":"product_tag-reading-pillow","12":"product_tag-reading-wedges","13":"product_tag-sofa-pillow","15":"first","16":"instock","17":"featured","18":"shipping-taxable","19":"purchasable","20":"product-type-simple"},"_links":{"self":[{"href":"https:\/\/www.largepillow.com\/sl\/wp-json\/wp\/v2\/product\/1323","targetHints":{"allow":["GET"]}}],"collection":[{"href":"https:\/\/www.largepillow.com\/sl\/wp-json\/wp\/v2\/product"}],"about":[{"href":"https:\/\/www.largepillow.com\/sl\/wp-json\/wp\/v2\/types\/product"}],"replies":[{"embeddable":true,"href":"https:\/\/www.largepillow.com\/sl\/wp-json\/wp\/v2\/comments?post=1323"}],"wp:featuredmedia":[{"embeddable":true,"href":"https:\/\/www.largepillow.com\/sl\/wp-json\/wp\/v2\/media\/1316"}],"wp:attachment":[{"href":"https:\/\/www.largepillow.com\/sl\/wp-json\/wp\/v2\/media?parent=1323"}],"wp:term":[{"taxonomy":"product_brand","embeddable":true,"href":"https:\/\/www.largepillow.com\/sl\/wp-json\/wp\/v2\/product_brand?post=1323"},{"taxonomy":"product_cat","embeddable":true,"href":"https:\/\/www.largepillow.com\/sl\/wp-json\/wp\/v2\/product_cat?post=1323"},{"taxonomy":"product_tag","embeddable":true,"href":"https:\/\/www.largepillow.com\/sl\/wp-json\/wp\/v2\/product_tag?post=1323"}],"curies":[{"name":"wp","href":"https:\/\/api.w.org\/{rel}","templated":true}]}}