{"id":1354,"date":"2022-09-19T06:09:59","date_gmt":"2022-09-19T06:09:59","guid":{"rendered":"https:\/\/www.largepillow.com\/product\/bed-wedge-pillow"},"modified":"2024-10-03T16:31:26","modified_gmt":"2024-10-03T16:31:26","slug":"vzglavnik-za-posteljo","status":"publish","type":"product","link":"https:\/\/www.largepillow.com\/sl\/product\/bed-wedge-pillow\/","title":{"rendered":"Vzglavnik za posteljo"},"content":{"rendered":"<p>Odkrijte vrhunsko udobje z na\u0161o blazino Bed Wedge \u2013 va\u0161im popolnim spremljevalcem za sprostitev<\/p>\n<p>V dana\u0161njem hitrem \u017eivljenjskem slogu je klju\u010dnega pomena, da si vzamete trenutek zase, da se sprostite in sprostite. Ne glede na to, ali ste navdu\u0161en bralec, filmski navdu\u0161enec ali nekdo, ki u\u017eiva v udobju lastne postelje, je na\u0161a blazina Bed Wedge zasnovana tako, da izbolj\u0161a va\u0161o sprostitveno izku\u0161njo. Ta vsestranska blazina ni le navaden dodatek; je prelomnica pri doseganju osebnega udobja v va\u0161em prostoru.<\/p>\n<p>Neprimerljiva podpora za sedenje v postelji<\/p>\n<p>Na\u0161a vzglavna blazina Bed Wedge je skrbno izdelana, da vam nudi neprimerljivo oporo, medtem ko se v postelji prepu\u0161\u010date svojim najljub\u0161im dejavnostim. Ne glede na to, ali berete, delate, gledate televizijo ali preprosto spro\u0161\u010date, vam bo ta blazina dobesedno stala ob strani. Njena izjemno visoka zasnova, ki zna\u0161a impresivnih 60 cm, nudi vrhunsko oporo va\u0161i glavi in zgornjemu delu telesa, zaradi \u010desar je idealna za uporabo ob vzglavjih postelje, kav\u010dih in kav\u010dih.<\/p>\n<p>Vrhunska kakovost in slog<\/p>\n<p>Na\u0161a bralna blazina, izdelana iz visokokakovostnega bomba\u017ea 100%, ni le podporna, ampak je tudi trpe\u017ena in mehka na dotik. Prevleka iz potiskanega blaga doda eleganten pridih vsaki spalnici ali dnevni sobi, se neopazno zlije z dekorjem va\u0161ega doma in hkrati zagotavlja udobje, ki si ga \u017eelite. Oblika z ukrivljenostjo ne le podpira va\u0161 hrbet in vrat, temve\u010d tudi izbolj\u0161a estetski videz blazine.<\/p>\n<p>Udobje na dosegu roke<\/p>\n<p>Ker razumemo pomen udobja v dana\u0161njem svetu, ima na\u0161a klinasta bralna blazina priro\u010den stranski \u017eep. Ta premi\u0161ljen dodatek ponuja idealen prostor za shranjevanje telefona, tablice ali drugih manj\u0161ih predmetov, tako da jih imate na dosegu roke, ko se spro\u0161\u010date. Majhne stvari so tiste, ki naredijo veliko razliko, in ta stranski \u017eep je dokaz tega.<\/p>\n<p>Vsestranskost in prenosljivost<\/p>\n<p>Ena od izjemnih lastnosti na\u0161e bralne blazine je njena lahka in prenosna zasnova. Zaradi te vsestranskosti jo lahko brez te\u017eav premikate po domu in si tako zagotovite potrebno oporo, kjer koli jo potrebujete. Ne glede na to, ali gre za prehod iz spalnice v dnevno sobo ali pa jo vzamete s seboj na potovanja, je na\u0161a blazina zasnovana za enostavno uporabo in prenosljivost.<\/p>\n<p>Zadovoljstvo strank pove veliko<\/p>\n<p>Na\u0161a vzglavna blazina Bed Wedge je pritegnila pozornost iz vseh pravih razlogov. Od trikotne zasnove vzglavnika do dodatnega udobja vzorca blaga, ki spominja na zemljevid, so na\u0161e stranke delile svoje zadovoljstvo. Tukaj je nekaj poudarkov iz komentarjev o izdelku, ki veliko povedo o na\u0161em izdelku:<\/p>\n<p>\u2013 \u201cDodatna vi\u0161ina je prelomnica za moje bralne seanse pred spanjem.\u201d<br \/>\n\u2013 \u201cNisem vedel\/a, da to potrebujem, dokler je nisem dobil\/a. Zdaj je to moja najljub\u0161a blazina za gledanje televizije.\u201d<br \/>\n\u2013 \u201cStranski \u017eep je neverjetno priro\u010den za moj telefon. Obo\u017eujem ga!\u201d<br \/>\n\u2013 \u201cKakovost in udobje se sre\u010data s stilom. To ni samo vzglavnik; to je kos dekorja.\u201d<\/p>\n<p>Z na\u0161o blazino Bed Wedge, zasnovano z mislijo na va\u0161o sprostitev, si privo\u0161\u010dite vrhunsko udobje in oporo. Zaradi vrhunskih materialov, priro\u010dnih funkcij in vsestranske zasnove je nepogre\u0161ljiva za vse, ki \u017eelijo izbolj\u0161ati svojo izku\u0161njo sprostitve. Pridru\u017eite se mno\u017eici zadovoljnih strank in odkrijte novo raven udobja in priro\u010dnosti v svojem domu.<\/p>","protected":false},"excerpt":{"rendered":"<ul>\n<li>Idealno za sedenje v postelji: Na\u0161a udobna klinasta bralna blazina nudi odli\u010dno oporo za hrbet tistim, ki radi berejo ali delajo v postelji, gledajo televizijo ali se spro\u0161\u010dajo. Idealna je za vzglavja, dnevne postelje in kav\u010de, saj zagotavlja udobno in podporno hrbti\u0161\u010de.<\/li>\n<li>Izjemno visoka zasnova: Na\u0161a bralna blazina ima edinstveno ukrivljeno zasnovo, ki zagotavlja dodatno oporo hrbtu in vratu. Z vi\u0161ino 60 cm je na\u0161a klinasta blazina vi\u0161ja od ve\u010dine tradicionalnih klinastih blazin in zagotavlja vrhunsko oporo za glavo in zgornji del telesa.<\/li>\n<li>Vrhunski materiali: Na\u0161a blazina je napolnjena z visokokakovostnim bomba\u017eem 100%, ki je mehak, nudi oporo in je trpe\u017een. Prevleka s potiskanim blagom doda pridih stila va\u0161i spalnici ali dnevni sobi. Napolnjena blazina za hrbet zagotavlja popolno oporo in bla\u017eenje za va\u0161 hrbet in vrat.<\/li>\n<li>Priro\u010den stranski \u017eep: Na\u0161a bralna blazina v obliki klina ima stranski \u017eep, ki ponuja priro\u010den prostor za shranjevanje telefona, tablice ali drugih majhnih predmetov, medtem ko se spro\u0161\u010date v postelji.<\/li>\n<li>Vsestranska in prenosna: Na\u0161a bralna blazina je lahka in enostavna za premikanje, zato je idealna za uporabo v razli\u010dnih delih va\u0161ega doma. Lahko jo uporabljate v spalnici, dnevni sobi ali pa jo celo vzamete s seboj na potovanja.<\/li>\n<li>Velikost: 60*27*60 cm.<\/li>\n<\/ul>","protected":false},"featured_media":1348,"comment_status":"open","ping_status":"closed","template":"","meta":[],"product_brand":[],"product_cat":[29],"product_tag":[66,60,70,73,74,59,72,71],"class_list":{"0":"post-1354","1":"product","2":"type-product","3":"status-publish","4":"has-post-thumbnail","6":"product_cat-large-reading-pillow","7":"product_tag-back-support-pillow","8":"product_tag-backrest-pillow","9":"product_tag-bed-wedge-pillow","10":"product_tag-bedroom-pillow","11":"product_tag-living-room-pillow","12":"product_tag-reading-pillow","13":"product_tag-travel-pillow","14":"product_tag-tv-pillow","16":"first","17":"instock","18":"featured","19":"shipping-taxable","20":"purchasable","21":"product-type-simple"},"_links":{"self":[{"href":"https:\/\/www.largepillow.com\/sl\/wp-json\/wp\/v2\/product\/1354","targetHints":{"allow":["GET"]}}],"collection":[{"href":"https:\/\/www.largepillow.com\/sl\/wp-json\/wp\/v2\/product"}],"about":[{"href":"https:\/\/www.largepillow.com\/sl\/wp-json\/wp\/v2\/types\/product"}],"replies":[{"embeddable":true,"href":"https:\/\/www.largepillow.com\/sl\/wp-json\/wp\/v2\/comments?post=1354"}],"wp:featuredmedia":[{"embeddable":true,"href":"https:\/\/www.largepillow.com\/sl\/wp-json\/wp\/v2\/media\/1348"}],"wp:attachment":[{"href":"https:\/\/www.largepillow.com\/sl\/wp-json\/wp\/v2\/media?parent=1354"}],"wp:term":[{"taxonomy":"product_brand","embeddable":true,"href":"https:\/\/www.largepillow.com\/sl\/wp-json\/wp\/v2\/product_brand?post=1354"},{"taxonomy":"product_cat","embeddable":true,"href":"https:\/\/www.largepillow.com\/sl\/wp-json\/wp\/v2\/product_cat?post=1354"},{"taxonomy":"product_tag","embeddable":true,"href":"https:\/\/www.largepillow.com\/sl\/wp-json\/wp\/v2\/product_tag?post=1354"}],"curies":[{"name":"wp","href":"https:\/\/api.w.org\/{rel}","templated":true}]}}