{"id":1415,"date":"2022-09-20T02:47:33","date_gmt":"2022-09-20T02:47:33","guid":{"rendered":"https:\/\/www.largepillow.com\/product\/huge-rock-pillows-living-stones-pillows-pebble-pillows-living-pillows-pre-filled-christmas-present-light-gray-9001"},"modified":"2024-11-13T23:31:08","modified_gmt":"2024-11-13T23:31:08","slug":"kamnite-blazine","status":"publish","type":"product","link":"https:\/\/www.largepillow.com\/sl\/product\/stone-pillows","title":{"rendered":"Kamnite blazine"},"content":{"rendered":"[zc_getpagecontent mb=&#8221;mb_aplus&#8221; apid=&#8221;21&#8243;]\n","protected":false},"excerpt":{"rendered":"<ul>\n<li><strong>Verisimilar 3D zunanja blazina:<\/strong> Na prvi pogled ne boste nikoli pomislili, da gre le za okrasno blazino. Z domiselno zasnovo smo udobno blazino in \u201ckamen\u201d popolnoma zdru\u017eili. Elipsasta oblika in vitka krivulja ju naredita videti kot prava kamenja. Me\u0161anje in usklajevanje temnih in svetlih barv lahko va\u0161i sobi doda bogate vizualne spremembe in jo naredi zabavne. Te \u017eivahne okrasne blazine naredijo na\u0161 dom zanimiv kraj.<\/li>\n<li><strong>Dekorativne blazine za razli\u010dne prilo\u017enosti:<\/strong> Na\u0161e blazine lahko uporabite kot dekoracijo za razli\u010dne potrebe ob razli\u010dnih prilo\u017enostih. Postavite jih v notranjost, da prostoru daste naraven pridih. Postavite jih zunaj na vrt, teraso, bazen itd. Z njimi se lahko vrnete k pravi, popolni integraciji in se po\u010dutite udobno; Uporabljajo se za okrasitev otro\u0161ke sobe, lahko pa ustvarijo tudi igralni park.<\/li>\n<li><strong>Ve\u010dnamenske ustvarjalne blazine:<\/strong> Na\u0161e mehke blazine se ne morejo uporabljati le kot okrasne blazine v katerem koli kotu notranjosti\/zunanje blazine za uporabo na prostem, temve\u010d se lahko uporabljajo tudi kot otro\u0161ke igra\u010de, tako da se otroci lahko igrajo z njimi po mili volji in ob\u010dutkih. Velike blazine za kav\u010d se lahko uporabljajo tudi kot ustvarjalne sede\u017ene garniture in majhne blazine za kav\u010d. Dekorativne blazine razli\u010dnih oblik so tudi dobra izbira za foto rekvizite.<\/li>\n<li><strong>Visokokakovostna simulacijska kamnita blazina:<\/strong> Izbrane super mehke kratke \u017eametne tkanine, mehke in udobne. Dekorativne blazine s polnilom (poliestrsko polnilo), ki je puhasto in mehko ter ima dobro elasti\u010dnost. Zasnova z nevidno zadrgo omogo\u010da tudi enostavno razstavljanje prevleke za blazino. Z reaktivno tehnologijo tiskanja in barvanja je vsak korak strogo izveden, od izbire materiala do fiksiranja barv, razkosanja, oblikovanja do kon\u010dnega izdelka.<\/li>\n<li><strong>Paket in velikost:<\/strong> Vsak paket vsebuje 1 komplet 6 razli\u010dnih velikosti zunanjih blazin, ki so oblikovane v nepravilnih ovalnih oblikah, da so bolj podobne kamnom. Velikosti so: 100\u00d750 \/ 50\u00d735 \/ 50\u00d725 \/ 35\u00d723 \/ 30\u00d715 \/ 18x10cm.<\/li>\n<\/ul>","protected":false},"featured_media":1406,"comment_status":"open","ping_status":"closed","template":"","meta":[],"product_brand":[],"product_cat":[30],"product_tag":[58,57,53,56,52,54,51,55,50],"class_list":{"0":"post-1415","1":"product","2":"type-product","3":"status-publish","4":"has-post-thumbnail","6":"product_cat-large-rock-pillow","7":"product_tag-floor-cushion","8":"product_tag-floor-pillow","9":"product_tag-livingstones","10":"product_tag-pebble-cushion","11":"product_tag-pebble-pillow","12":"product_tag-rock-cushion","13":"product_tag-rock-pillow","14":"product_tag-stone-cushion","15":"product_tag-stone-pillow","17":"first","18":"instock","19":"featured","20":"shipping-taxable","21":"purchasable","22":"product-type-variable","23":"has-default-attributes"},"_links":{"self":[{"href":"https:\/\/www.largepillow.com\/sl\/wp-json\/wp\/v2\/product\/1415","targetHints":{"allow":["GET"]}}],"collection":[{"href":"https:\/\/www.largepillow.com\/sl\/wp-json\/wp\/v2\/product"}],"about":[{"href":"https:\/\/www.largepillow.com\/sl\/wp-json\/wp\/v2\/types\/product"}],"replies":[{"embeddable":true,"href":"https:\/\/www.largepillow.com\/sl\/wp-json\/wp\/v2\/comments?post=1415"}],"wp:featuredmedia":[{"embeddable":true,"href":"https:\/\/www.largepillow.com\/sl\/wp-json\/wp\/v2\/media\/1406"}],"wp:attachment":[{"href":"https:\/\/www.largepillow.com\/sl\/wp-json\/wp\/v2\/media?parent=1415"}],"wp:term":[{"taxonomy":"product_brand","embeddable":true,"href":"https:\/\/www.largepillow.com\/sl\/wp-json\/wp\/v2\/product_brand?post=1415"},{"taxonomy":"product_cat","embeddable":true,"href":"https:\/\/www.largepillow.com\/sl\/wp-json\/wp\/v2\/product_cat?post=1415"},{"taxonomy":"product_tag","embeddable":true,"href":"https:\/\/www.largepillow.com\/sl\/wp-json\/wp\/v2\/product_tag?post=1415"}],"curies":[{"name":"wp","href":"https:\/\/api.w.org\/{rel}","templated":true}]}}