{"id":14837,"date":"2025-10-10T03:47:18","date_gmt":"2025-10-10T03:47:18","guid":{"rendered":"https:\/\/www.largepillow.com\/product\/large-bean-bag-chair-for-adults-with-filler-comfy-floor-sofa-couch"},"modified":"2025-10-10T03:58:04","modified_gmt":"2025-10-10T03:58:04","slug":"velik-fotelj-vreca-za-odrasle-s-polnilom-udoben-talni-kavc","status":"publish","type":"product","link":"https:\/\/www.largepillow.com\/sl\/product\/large-bean-bag-chair-for-adults-with-filler-comfy-floor-sofa-couch","title":{"rendered":"Velik naslanja\u010d z vre\u010do za odrasle s polnilom, udoben kav\u010d na tleh"},"content":{"rendered":"[zc_getpagecontent mb=&#8221;mb_aplus&#8221; apid=&#8221;145&#8243;]\n","protected":false},"excerpt":{"rendered":"<ul>\n<li>Vrhunsko udobje in podpora: Ta vre\u010da za sedenje ima elegantno poligonalno obliko za sodoben videz. Njegova edinstvena zasnova zagotavlja udobje celotnega telesa z mo\u010dno oporo za vrat, pas in noge, poleg tega pa zagotavlja stabilnost in maksimalno svobodo nog.<\/li>\n<li>Vrhunska tkanina in polnilo: Izdelano iz teksturiranega \u017eameta za mehak in ko\u017ei prijazen dotik. Polnjeno z visokokakovostnim PP bomba\u017eem ponuja odpornost, vzdr\u017eljivost in puhast, prijeten ob\u010dutek, ki ohranja udobje skozi \u010das.<\/li>\n<li>Predimenzionirana in stabilna zasnova: Ta vre\u010da za sedenje z dimenzijami 122 cm (D) \u00d7 94 cm (\u0160) \u00d7 72 cm (V) sprejme do dve osebi. Idealna je za pare ali udobno samostojno spro\u0161\u010danje. Uravnote\u017eena struktura zagotavlja stabilnost brez naslanjanja na steno.<\/li>\n<li>Trpe\u017ene podrobnosti in enostavna uporaba: Ta vre\u010da za sedenje, izdelana z robustno zadrgo, oja\u010danimi \u0161ivi, enostavnim ro\u010dajem za prena\u0161anje in nedrse\u010dim dnom, zdru\u017euje premi\u0161ljene podrobnosti s trajno vzdr\u017eljivostjo za vsakodnevno uporabo.<\/li>\n<li>Enostavno vzdr\u017eevanje in brez sestavljanja: Za udobje je dobavljeno vakuumsko pakirano. Preprosto razpakirajte in pustite, da se raz\u0161iri 24\u201348 ur. Za \u010di\u0161\u010denje povr\u0161ino preprosto obri\u0161ite z blagim \u010distilom, da ostane sve\u017ea in videti kot nova.<\/li>\n<\/ul>","protected":false},"featured_media":14829,"comment_status":"open","ping_status":"closed","template":"","meta":[],"product_brand":[],"product_cat":[228],"product_tag":[],"class_list":{"0":"post-14837","1":"product","2":"type-product","3":"status-publish","4":"has-post-thumbnail","6":"product_cat-cushions","8":"first","9":"instock","10":"sold-individually","11":"shipping-taxable","12":"purchasable","13":"product-type-simple"},"_links":{"self":[{"href":"https:\/\/www.largepillow.com\/sl\/wp-json\/wp\/v2\/product\/14837","targetHints":{"allow":["GET"]}}],"collection":[{"href":"https:\/\/www.largepillow.com\/sl\/wp-json\/wp\/v2\/product"}],"about":[{"href":"https:\/\/www.largepillow.com\/sl\/wp-json\/wp\/v2\/types\/product"}],"replies":[{"embeddable":true,"href":"https:\/\/www.largepillow.com\/sl\/wp-json\/wp\/v2\/comments?post=14837"}],"wp:featuredmedia":[{"embeddable":true,"href":"https:\/\/www.largepillow.com\/sl\/wp-json\/wp\/v2\/media\/14829"}],"wp:attachment":[{"href":"https:\/\/www.largepillow.com\/sl\/wp-json\/wp\/v2\/media?parent=14837"}],"wp:term":[{"taxonomy":"product_brand","embeddable":true,"href":"https:\/\/www.largepillow.com\/sl\/wp-json\/wp\/v2\/product_brand?post=14837"},{"taxonomy":"product_cat","embeddable":true,"href":"https:\/\/www.largepillow.com\/sl\/wp-json\/wp\/v2\/product_cat?post=14837"},{"taxonomy":"product_tag","embeddable":true,"href":"https:\/\/www.largepillow.com\/sl\/wp-json\/wp\/v2\/product_tag?post=14837"}],"curies":[{"name":"wp","href":"https:\/\/api.w.org\/{rel}","templated":true}]}}