{"id":15372,"date":"2025-11-08T12:38:12","date_gmt":"2025-11-08T12:38:12","guid":{"rendered":"https:\/\/www.largepillow.com\/product\/ergonomic-reading-pillow-with-arm-rest-for-back-neck-shoulder-support"},"modified":"2025-11-09T08:50:23","modified_gmt":"2025-11-09T08:50:23","slug":"ergonomska-bralna-blazina-z-naslonom-za-roke-za-oporo-hrbta-vratu-in-ramen","status":"publish","type":"product","link":"https:\/\/www.largepillow.com\/sl\/product\/ergonomic-reading-pillow-with-arm-rest-for-back-neck-shoulder-support","title":{"rendered":"Ergonomska bralna blazina z naslonom za roke za oporo hrbta, vratu in ramen"},"content":{"rendered":"[zc_getpagecontent mb=&#8221;mb_aplus&#8221; apid=&#8221;148&#8243;]\n","protected":false},"excerpt":{"rendered":"<ul>\n<li>Napredna razli\u010dica v obliki \u010drke H: Stranska spalna blazina v obliki \u010drke H je la\u017eja in bolj prilagodljiva od blazine v obliki \u010drke U, hkrati pa ohranja svoje glavne prednosti. Re\u0161uje te\u017eave z dihanjem blazin v obliki \u010drke U, ki jih ni mogo\u010de nastaviti, poleg tega pa ima manj\u0161e omejitve vi\u0161ine, zato je primerna za vse uporabnike ne glede na vi\u0161ino ali tip postave.<\/li>\n<li>Sistem vzglavnika za spanje na boku 3 v 1: Zdru\u017euje klinasto podlago, vzglavnik v obliki \u010drke H in fleksibilen vzglavnik. Klinasti vzglavnik dvigne zgornji del hrbta in se tako bori proti refluksu kisline. Vzglavnik v obliki \u010drke H zagotavlja stabilno oporo skozi vso no\u010d ter laj\u0161a bole\u010dine v ramenih, vratu in hrbtu. Sistem 3 v 1 lahko u\u010dinkovito prilagodi dr\u017eo celotnega telesa in optimizira va\u0161 vzorec spanja.<\/li>\n<li>Izjemno udobna vzglavna blazina: Zagotavlja popolno ravnovesje med ergonomijo in prilagojenim udobjem, oporo za spanje na hrbtu, boku, ramenih in trebuhu ter vam pomaga do bla\u017eenega spanca, ki si ga zaslu\u017eite.<\/li>\n<li>Pralna prevleka: Izdelek ima snemljivo in pralno zasnovo, ki jo je enostavno odstraniti, kar omogo\u010da enostavno odstranjevanje prahu in made\u017eev ter ohranja izdelek \u010dist.<\/li>\n<\/ul>","protected":false},"featured_media":15392,"comment_status":"open","ping_status":"closed","template":"","meta":[],"product_brand":[],"product_cat":[228],"product_tag":[],"class_list":{"0":"post-15372","1":"product","2":"type-product","3":"status-publish","4":"has-post-thumbnail","6":"product_cat-cushions","8":"first","9":"instock","10":"sold-individually","11":"shipping-taxable","12":"purchasable","13":"product-type-variable","14":"has-default-attributes"},"_links":{"self":[{"href":"https:\/\/www.largepillow.com\/sl\/wp-json\/wp\/v2\/product\/15372","targetHints":{"allow":["GET"]}}],"collection":[{"href":"https:\/\/www.largepillow.com\/sl\/wp-json\/wp\/v2\/product"}],"about":[{"href":"https:\/\/www.largepillow.com\/sl\/wp-json\/wp\/v2\/types\/product"}],"replies":[{"embeddable":true,"href":"https:\/\/www.largepillow.com\/sl\/wp-json\/wp\/v2\/comments?post=15372"}],"wp:featuredmedia":[{"embeddable":true,"href":"https:\/\/www.largepillow.com\/sl\/wp-json\/wp\/v2\/media\/15392"}],"wp:attachment":[{"href":"https:\/\/www.largepillow.com\/sl\/wp-json\/wp\/v2\/media?parent=15372"}],"wp:term":[{"taxonomy":"product_brand","embeddable":true,"href":"https:\/\/www.largepillow.com\/sl\/wp-json\/wp\/v2\/product_brand?post=15372"},{"taxonomy":"product_cat","embeddable":true,"href":"https:\/\/www.largepillow.com\/sl\/wp-json\/wp\/v2\/product_cat?post=15372"},{"taxonomy":"product_tag","embeddable":true,"href":"https:\/\/www.largepillow.com\/sl\/wp-json\/wp\/v2\/product_tag?post=15372"}],"curies":[{"name":"wp","href":"https:\/\/api.w.org\/{rel}","templated":true}]}}