{"id":15408,"date":"2025-11-08T13:13:48","date_gmt":"2025-11-08T13:13:48","guid":{"rendered":"https:\/\/www.largepillow.com\/product\/oversized-bean-bag-chair-for-adults-high-back-corduroy-floor-sofa-lounger"},"modified":"2025-11-09T08:47:35","modified_gmt":"2025-11-09T08:47:35","slug":"prevelika-vreca-za-sedenje-za-odrasle-visok-hrbet-zamet-talni-kavc","status":"publish","type":"product","link":"https:\/\/www.largepillow.com\/sl\/product\/oversized-bean-bag-chair-for-adults-high-back-corduroy-floor-sofa-lounger","title":{"rendered":"Velik vre\u010da za sedenje za odrasle, kav\u010d z visokim naslonjalom iz korduroja"},"content":{"rendered":"[zc_getpagecontent mb=&#8221;mb_aplus&#8221; apid=&#8221;149&#8243;]\n","protected":false},"excerpt":{"rendered":"<ul>\n<li>Udobje za celotno telo, prevelika oblika: Ta ogromna vre\u010da za sedenje je napolnjena s puhastim PP bomba\u017eem za udobje, podobno oblaku. Njena velikodu\u0161na velikost 147 x 91 x 89 cm vam ponuja prostor za sedenje, raztegovanje ali crkljanje.<\/li>\n<li>3-stranski visok hrbet za oporo in varnost: Tristranski visok hrbet zagotavlja oporo za va\u0161a ramena, roke in hrbet \u2013 ovija vas v kokon udobja in daje ob\u010dutek varnosti.<\/li>\n<li>Prijeten koti\u010dek za dru\u017eenje v dru\u017eini: Idealen za filmske ve\u010dere, igralne maratone ali lenobne vikende. Ta vre\u010da za sedenje je primerna za dva odrasla ali par z otroki \u2013 ustvari prijeten skupen prostor za dru\u017eenje.<\/li>\n<li>Mehka prevleka iz korduroja, topla in trpe\u017ena: Izdelana iz vrhunske korduro tkanine, ki je mehka na dotik, prijazna do ko\u017ee in odporna proti obrabi. Tekstura doda va\u0161emu bivalnemu prostoru eleganten in topel poudarek.<\/li>\n<li>Brez sestavljanja, samo razrahljanje in sprostitev: Prispe popolnoma napolnjeno \u2013 razpakirajte, razrahljajte in pripravljeno je. Idealno za dnevne sobe, spalnice ali bralne koti\u010dke. (Prevleka ni odstranljiva; samo \u010di\u0161\u010denje made\u017eev.)<\/li>\n<\/ul>","protected":false},"featured_media":15393,"comment_status":"open","ping_status":"closed","template":"","meta":[],"product_brand":[],"product_cat":[228],"product_tag":[],"class_list":{"0":"post-15408","1":"product","2":"type-product","3":"status-publish","4":"has-post-thumbnail","6":"product_cat-cushions","8":"first","9":"instock","10":"sold-individually","11":"shipping-taxable","12":"purchasable","13":"product-type-simple"},"_links":{"self":[{"href":"https:\/\/www.largepillow.com\/sl\/wp-json\/wp\/v2\/product\/15408","targetHints":{"allow":["GET"]}}],"collection":[{"href":"https:\/\/www.largepillow.com\/sl\/wp-json\/wp\/v2\/product"}],"about":[{"href":"https:\/\/www.largepillow.com\/sl\/wp-json\/wp\/v2\/types\/product"}],"replies":[{"embeddable":true,"href":"https:\/\/www.largepillow.com\/sl\/wp-json\/wp\/v2\/comments?post=15408"}],"wp:featuredmedia":[{"embeddable":true,"href":"https:\/\/www.largepillow.com\/sl\/wp-json\/wp\/v2\/media\/15393"}],"wp:attachment":[{"href":"https:\/\/www.largepillow.com\/sl\/wp-json\/wp\/v2\/media?parent=15408"}],"wp:term":[{"taxonomy":"product_brand","embeddable":true,"href":"https:\/\/www.largepillow.com\/sl\/wp-json\/wp\/v2\/product_brand?post=15408"},{"taxonomy":"product_cat","embeddable":true,"href":"https:\/\/www.largepillow.com\/sl\/wp-json\/wp\/v2\/product_cat?post=15408"},{"taxonomy":"product_tag","embeddable":true,"href":"https:\/\/www.largepillow.com\/sl\/wp-json\/wp\/v2\/product_tag?post=15408"}],"curies":[{"name":"wp","href":"https:\/\/api.w.org\/{rel}","templated":true}]}}