{"id":15419,"date":"2025-11-08T13:23:19","date_gmt":"2025-11-08T13:23:19","guid":{"rendered":"https:\/\/www.largepillow.com\/product\/folding-futon-sofa-bed-convertible-sleeper-chair-for-living-room-bedroom"},"modified":"2026-03-12T02:42:39","modified_gmt":"2026-03-12T02:42:39","slug":"zlozljiv-kavc-futon-raztegljiv-fotelj-za-dnevno-sobo-spalnico","status":"publish","type":"product","link":"https:\/\/www.largepillow.com\/sl\/product\/folding-futon-sofa-bed-convertible-sleeper-chair-for-living-room-bedroom\/","title":{"rendered":"Zlo\u017eljiv kav\u010d Futon, raztegljiv fotelj za dnevno sobo in spalnico"},"content":{"rendered":"[zc_getpagecontent mb=&#8221;mb_aplus&#8221; apid=&#8221;150&#8243;]\n","protected":false},"excerpt":{"rendered":"<ul>\n<li>Edinstvena estetska oblika: Ta zlo\u017eljiva sede\u017ena garnitura se pona\u0161a z ne\u017eno, toplo rjavo in osve\u017eujo\u010do be\u017e barvno kombinacijo. Barvna kombinacija je preprosta, a moderna ter se brezhibno zlije z razli\u010dnimi slogi notranje opreme. Njeno edinstveno, zaobljeno naslonjalo in gladke, ukrivljene stranske linije se oddaljujejo od togega in dolgo\u010dasnega videza tradicionalnih zlo\u017eljivih sede\u017enih garnitur ter va\u0161emu bivalnemu prostoru vdahnejo izvrsten okus, dizajn in slog.<\/li>\n<li>Preprosta preobrazba: Raztegljiv kav\u010d lahko enostavno zlo\u017eite in razgrnete ali pa ga premaknete na balkon ali teraso, kjer ga lahko uporabite kot udoben sede\u017e ali kot prostoren le\u017ealnik. Ne glede na to, ali gledate televizijo, se spro\u0161\u010date ali dremate, se ta zlo\u017eljiv kav\u010d v trenutku prilagodi va\u0161emu \u017eivljenjskemu slogu.<\/li>\n<li>Vrhunsko udobje: Raztegljiv naslanja\u010d je izdelan iz mehke in udobne tkanine v obla\u010dnem \u017eametu. Notranjost je bogato napolnjena z visokokakovostnim PP bomba\u017eem, ki ponuja udobje brez pritiska, hkrati pa zagotavlja stabilno in dolgotrajno oporo, ki se ne splo\u0161\u010di, tudi po dolgotrajnem sedenju ali le\u017eanju. \u0160ir\u0161a in debelej\u0161a zasnova u\u010dinkovito porazdeli telesni pritisk in zagotavlja resni\u010dno globoko sprostitev za dalj\u0161i po\u010ditek.<\/li>\n<li>Uporaba v ve\u010d prizorih: Naslonjalo kav\u010da ima edinstveno, odebeljeno trikotno strukturo za stabilno in nedeformirajo\u010do se oporo, kar pomeni, da ga je mogo\u010de uporabljati kjer koli, ne da bi se bilo treba naslanjati na steno. Popolnoma se prilega enojnim stanovanjem, dnevnim sobam, doma\u010dim pisarnam, igralnicam, spalnicam ali sobam za goste, zaradi \u010desar je idealen za ustvarjanje va\u0161ega osebnega prijetnega koti\u010dka.<\/li>\n<li>Sestavljanje ni potrebno: Kav\u010d z raztegljivim le\u017ei\u0161\u010dem je dostavljen v stisnjeni in vakuumsko zaprti embala\u017ei, zato ga ni treba zapleteno sestavljati. Preprosto odprite embala\u017eo, ne\u017eno potrepljajte izdelek in ga pred uporabo pustite 48 ur, da se popolnoma povrne v prvotno obliko.<\/li>\n<\/ul>","protected":false},"featured_media":15409,"comment_status":"open","ping_status":"closed","template":"","meta":[],"product_brand":[],"product_cat":[228],"product_tag":[],"class_list":{"0":"post-15419","1":"product","2":"type-product","3":"status-publish","4":"has-post-thumbnail","6":"product_cat-cushions","8":"first","9":"instock","10":"sold-individually","11":"shipping-taxable","12":"purchasable","13":"product-type-simple"},"_links":{"self":[{"href":"https:\/\/www.largepillow.com\/sl\/wp-json\/wp\/v2\/product\/15419","targetHints":{"allow":["GET"]}}],"collection":[{"href":"https:\/\/www.largepillow.com\/sl\/wp-json\/wp\/v2\/product"}],"about":[{"href":"https:\/\/www.largepillow.com\/sl\/wp-json\/wp\/v2\/types\/product"}],"replies":[{"embeddable":true,"href":"https:\/\/www.largepillow.com\/sl\/wp-json\/wp\/v2\/comments?post=15419"}],"wp:featuredmedia":[{"embeddable":true,"href":"https:\/\/www.largepillow.com\/sl\/wp-json\/wp\/v2\/media\/15409"}],"wp:attachment":[{"href":"https:\/\/www.largepillow.com\/sl\/wp-json\/wp\/v2\/media?parent=15419"}],"wp:term":[{"taxonomy":"product_brand","embeddable":true,"href":"https:\/\/www.largepillow.com\/sl\/wp-json\/wp\/v2\/product_brand?post=15419"},{"taxonomy":"product_cat","embeddable":true,"href":"https:\/\/www.largepillow.com\/sl\/wp-json\/wp\/v2\/product_cat?post=15419"},{"taxonomy":"product_tag","embeddable":true,"href":"https:\/\/www.largepillow.com\/sl\/wp-json\/wp\/v2\/product_tag?post=15419"}],"curies":[{"name":"wp","href":"https:\/\/api.w.org\/{rel}","templated":true}]}}