{"id":15439,"date":"2025-11-08T13:57:20","date_gmt":"2025-11-08T13:57:20","guid":{"rendered":"https:\/\/www.largepillow.com\/product\/bed-backrest-pillow-tufted-headboard-cushion-for-reading-and-lounging"},"modified":"2025-11-09T08:47:35","modified_gmt":"2025-11-09T08:47:35","slug":"blazina-za-naslonjalo-postelje-vzglavna-blazina-s-presitim-vzglavjem-za-branje-in-sproscanje","status":"publish","type":"product","link":"https:\/\/www.largepillow.com\/sl\/product\/bed-backrest-pillow-tufted-headboard-cushion-for-reading-and-lounging","title":{"rendered":"Blazina za naslonjalo postelje, blazina za vzglavje s \u010dopi\u010dem za branje in spro\u0161\u010danje"},"content":{"rendered":"[zc_getpagecontent mb=&#8221;mb_aplus&#8221; apid=&#8221;152&#8243;]\n","protected":false},"excerpt":{"rendered":"<ul>\n<li>Elegantna dekoracija: Ta vzglavnik za hrbet je idealna izbira za vse, ki i\u0161\u010dejo udobje in stil. Njegovo elegantno barvno shemo poudarjajo izvrstno v\u0161iti gumbi, edinstveni valoviti zeleni nabori pa se prelivajo s svetlobo in ustvarjajo izrazite plasti ter edinstven tridimenzionalen videz. Ta dizajn se oddaljuje od monotonosti tradicionalnih blazin in va\u0161i spalnici ali dnevni sobi doda pridih sodobne prefinjenosti.<\/li>\n<li>Vrhunsko udobje: Ta vzglavnik je popoln spremljevalec za branje ali gledanje televizije, saj nudi vrhunsko oporo za hrbet in glavo. Pomaga ohranjati udobno dr\u017eo med po\u010ditkom, branjem ali gledanjem filmov, u\u010dinkovito laj\u0161a utrujenost vratu in zmanj\u0161uje pritisk na hrbet. 8-pal\u010dna odebeljena zasnova zagotavlja udobno in dolgotrajno oporo ter se popolnoma prilega \u010dlove\u0161kemu telesu, zato vam ni treba skrbeti za deformacijo. Odli\u010den je za uporabo kot vzglavnik za branje in po\u010ditek v postelji.<\/li>\n<li>Vrhunski materiali in izdelava: Prevleka za vzglavnik je izdelana iz mehkega nizozemskega velurja, ki je na otip prijeten in prijeten na dotik. Polnjena je z visokokakovostnim PP bomba\u017eem in se pod pritiskom hitro vrne v prvotno obliko. Kombinacija izdelave gumbov in \u0161ivanja pove\u010da strukturno stabilnost blazine, zaradi \u010desar je lepa in funkcionalna \u0161e vrsto let. To je va\u0161a trpe\u017ena prevleka za vzglavje.<\/li>\n<li>Vsestranska prilagodljivost glede na prizor: Ne glede na to, ali je postavljena na posteljo, raztegljiv kav\u010d ali tla, ta vzglavnik slu\u017ei tudi kot vzglavnik za branje in po\u010ditek v postelji ter kot vzglavnik za televizijo za sedenje v postelji, saj nudi funkcionalno oporo med gledanjem televizije, delom na prenosniku ali igranjem iger in vam pomaga, da se popolnoma sprostite. Prav tako se brezhibno spremeni v elegantno vzglavje, zaradi \u010desar je nepogre\u0161ljiv za \u0161tudentske sobe in spalnice, saj izbolj\u0161a tako dekor kot udobje prostora.<\/li>\n<li>Velikost: Queen (59x8x22 palcev, 150*20*56 cm). Dostava je stisnjena, zato po razpakiranju blazino pobo\u017eajte, da ji povrnete puhastost. Pred uporabo pustite 48 ur, da se popolnoma obnovi. Nasvet za \u010di\u0161\u010denje: Zaradi majhnih gumbnic in kompleksne izdelave nagubane prevleke, za ohranitev strukturne stabilnosti in estetike, lokalno ne\u017eno obri\u0161ite z vla\u017eno krpo in se izogibajte pranju celotne prevleke v pralnem stroju.<\/li>\n<\/ul>","protected":false},"featured_media":15431,"comment_status":"open","ping_status":"closed","template":"","meta":[],"product_brand":[],"product_cat":[228],"product_tag":[],"class_list":{"0":"post-15439","1":"product","2":"type-product","3":"status-publish","4":"has-post-thumbnail","6":"product_cat-cushions","8":"first","9":"instock","10":"sold-individually","11":"shipping-taxable","12":"purchasable","13":"product-type-simple"},"_links":{"self":[{"href":"https:\/\/www.largepillow.com\/sl\/wp-json\/wp\/v2\/product\/15439","targetHints":{"allow":["GET"]}}],"collection":[{"href":"https:\/\/www.largepillow.com\/sl\/wp-json\/wp\/v2\/product"}],"about":[{"href":"https:\/\/www.largepillow.com\/sl\/wp-json\/wp\/v2\/types\/product"}],"replies":[{"embeddable":true,"href":"https:\/\/www.largepillow.com\/sl\/wp-json\/wp\/v2\/comments?post=15439"}],"wp:featuredmedia":[{"embeddable":true,"href":"https:\/\/www.largepillow.com\/sl\/wp-json\/wp\/v2\/media\/15431"}],"wp:attachment":[{"href":"https:\/\/www.largepillow.com\/sl\/wp-json\/wp\/v2\/media?parent=15439"}],"wp:term":[{"taxonomy":"product_brand","embeddable":true,"href":"https:\/\/www.largepillow.com\/sl\/wp-json\/wp\/v2\/product_brand?post=15439"},{"taxonomy":"product_cat","embeddable":true,"href":"https:\/\/www.largepillow.com\/sl\/wp-json\/wp\/v2\/product_cat?post=15439"},{"taxonomy":"product_tag","embeddable":true,"href":"https:\/\/www.largepillow.com\/sl\/wp-json\/wp\/v2\/product_tag?post=15439"}],"curies":[{"name":"wp","href":"https:\/\/api.w.org\/{rel}","templated":true}]}}