{"id":16475,"date":"2026-02-08T03:05:13","date_gmt":"2026-02-08T03:05:13","guid":{"rendered":"https:\/\/www.largepillow.com\/product\/decorative-modern-ottoman-cube-foot-stool-for-home-accent-seating-red-brick"},"modified":"2026-02-11T02:58:28","modified_gmt":"2026-02-11T02:58:28","slug":"dekorativni-moderni-otomanski-stolcek-iz-kocke-za-domace-poudarjene-sedeze-iz-rdece-opeke","status":"publish","type":"product","link":"https:\/\/www.largepillow.com\/sl\/product\/decorative-modern-ottoman-cube-foot-stool-for-home-accent-seating-red-brick","title":{"rendered":"Dekorativni moderni otomanski stol\u010dek v obliki kocke za poudarjeno sedenje v domu (rde\u010da opeka)"},"content":{"rendered":"<p>Mere tega modernega kockastega tabureja so pribli\u017eno 55 * 55 * 40 cm (22\u2033 D x 22\u2033 \u0160 x 17\u2033 V). Ta kockasti tabure vam zagotavlja bolj realisti\u010den videz. Ta tabure ni le naslon za noge, ampak ga lahko uporabite kot sede\u017e, klubsko mizico, stransko mizico ali no\u010dno omarico, saj lahko v va\u0161e vsakdanje \u017eivljenje vnese prijetno udobje, zaradi \u010desar je ve\u010dnamenski okrasni element, ki se prilagaja potrebam va\u0161ega bivalnega prostora.<\/p>","protected":false},"excerpt":{"rendered":"<ul>\n<li>Vsestranski dizajn: Sodoben otoman v obliki kocke, ki slu\u017ei kot podno\u017eje, dodatno sedenje ali dekorativni element z vpadljivim vzorcem zrnatosti.<\/li>\n<li>Premium velikost: Mere 55 * 55 * 40 cm (22 x 22 x 17 palcev), idealne za dnevne sobe, spalnice ali kateri koli prostor, ki potrebuje stilsko funkcionalnost.<\/li>\n<li>Udobna podpora: Izdelana z visokokakovostnim penastim oblazinjenjem za optimalno udobje in vzdr\u017eljivost, hkrati pa ohranja svojo obliko.<\/li>\n<li>Izstopajo\u010d kos: Prepoznaven vzorec v tonih ustvarja privla\u010den poudarek za vsako sobo.<\/li>\n<\/ul>","protected":false},"featured_media":16468,"comment_status":"open","ping_status":"closed","template":"","meta":[],"product_brand":[],"product_cat":[228],"product_tag":[],"class_list":{"0":"post-16475","1":"product","2":"type-product","3":"status-publish","4":"has-post-thumbnail","6":"product_cat-cushions","8":"first","9":"instock","10":"shipping-taxable","11":"purchasable","12":"product-type-simple"},"_links":{"self":[{"href":"https:\/\/www.largepillow.com\/sl\/wp-json\/wp\/v2\/product\/16475","targetHints":{"allow":["GET"]}}],"collection":[{"href":"https:\/\/www.largepillow.com\/sl\/wp-json\/wp\/v2\/product"}],"about":[{"href":"https:\/\/www.largepillow.com\/sl\/wp-json\/wp\/v2\/types\/product"}],"replies":[{"embeddable":true,"href":"https:\/\/www.largepillow.com\/sl\/wp-json\/wp\/v2\/comments?post=16475"}],"wp:featuredmedia":[{"embeddable":true,"href":"https:\/\/www.largepillow.com\/sl\/wp-json\/wp\/v2\/media\/16468"}],"wp:attachment":[{"href":"https:\/\/www.largepillow.com\/sl\/wp-json\/wp\/v2\/media?parent=16475"}],"wp:term":[{"taxonomy":"product_brand","embeddable":true,"href":"https:\/\/www.largepillow.com\/sl\/wp-json\/wp\/v2\/product_brand?post=16475"},{"taxonomy":"product_cat","embeddable":true,"href":"https:\/\/www.largepillow.com\/sl\/wp-json\/wp\/v2\/product_cat?post=16475"},{"taxonomy":"product_tag","embeddable":true,"href":"https:\/\/www.largepillow.com\/sl\/wp-json\/wp\/v2\/product_tag?post=16475"}],"curies":[{"name":"wp","href":"https:\/\/api.w.org\/{rel}","templated":true}]}}