{"id":16523,"date":"2026-02-08T03:33:34","date_gmt":"2026-02-08T03:33:34","guid":{"rendered":"https:\/\/www.largepillow.com\/product\/multi-functional-ottoman-pouf-cube-footstool-for-home-decor-colorful-flooring"},"modified":"2026-02-11T02:58:28","modified_gmt":"2026-02-11T02:58:28","slug":"vecnamenski-otomanski-tabure-kockasti-podnoznik-za-dekoracijo-doma-pisana-tla","status":"publish","type":"product","link":"https:\/\/www.largepillow.com\/sl\/product\/multi-functional-ottoman-pouf-cube-footstool-for-home-decor-colorful-flooring\/","title":{"rendered":"Ve\u010dnamenski otomanski tabure \u2013 kockasti podno\u017enik za dekoracijo doma (barvita tla)"},"content":{"rendered":"<p>Preobrazite svoj bivalni prostor s tem vsestranskim in elegantnim taburejem v obliki kocke, ki slu\u017ei tako kot funkcionalen tabure kot dekorativni element. Ta tabure z osupljivimi vzorci lesa, ki ustvarjajo razko\u0161en, naraven videz, meri 55 * 55 * 40 cm (22 x 22 x 17 palcev) \u2013 idealen je za vsako sobo. Kockasta zasnova se pona\u0161a z zapletenimi vrtin\u010dastimi vzorci v bogatih rjavih in zlatih tonih, zaradi \u010desar je vsak kos edinstven. Izdelan je iz visokokakovostnega penastega polnila in zagotavlja udobno oporo, ne glede na to, ali ga uporabljate kot naslon za noge, dodaten sede\u017e ali stransko mizico. Sodoben dizajn se brez te\u017eav poda k razli\u010dnim notranjim slogom, od sodobnega do rustikalnega. Zaradi precej\u0161nje velikosti je idealna izbira tako za prakti\u010dno uporabo kot tudi kot izstopajo\u010d kos opreme v va\u0161em domu. Na voljo je v razli\u010dnih vzorcih, z mo\u017enostmi oblikovanja po meri, ki ustrezajo va\u0161im specifi\u010dnim estetskim potrebam. Vsestranska vi\u0161ina in robustna konstrukcija zagotavljata, da lahko ta tabure slu\u017ei ve\u010d namenom, od priro\u010dnega naslona za noge do improvizirane klubske mizice ali dodatnega sede\u017ea za pogostitev gostov.<\/p>","protected":false},"excerpt":{"rendered":"<ul>\n<li>Vsestranska oblika: Sodoben otoman v obliki kocke, ki slu\u017ei kot podno\u017eje, dodatno sedenje ali dekorativni element z vpadljivim vzorcem lesa.<\/li>\n<li>Premium velikost: Mere 55 * 55 * 40 cm (22 x 22 x 17 palcev), idealne za dnevne sobe, spalnice ali kateri koli prostor, ki potrebuje stilsko funkcionalnost.<\/li>\n<li>Mo\u017enosti po meri: Na voljo v razli\u010dnih vzorcih z mo\u017enostjo zasebnih vzorcev po meri, ki ustrezajo va\u0161im edinstvenim potrebam notranje opreme.<\/li>\n<li>Udobna podpora: Izdelana z visokokakovostnim penastim oblazinjenjem za optimalno udobje in vzdr\u017eljivost, hkrati pa ohranja svojo obliko.<\/li>\n<li>Izjemen kos: Izrazit vzorec lesa v temnih in svetlih tonih ustvarja privla\u010den poudarek za vsako sobo.<\/li>\n<\/ul>","protected":false},"featured_media":16516,"comment_status":"open","ping_status":"closed","template":"","meta":[],"product_brand":[],"product_cat":[228],"product_tag":[],"class_list":{"0":"post-16523","1":"product","2":"type-product","3":"status-publish","4":"has-post-thumbnail","6":"product_cat-cushions","8":"first","9":"instock","10":"shipping-taxable","11":"purchasable","12":"product-type-simple"},"_links":{"self":[{"href":"https:\/\/www.largepillow.com\/sl\/wp-json\/wp\/v2\/product\/16523","targetHints":{"allow":["GET"]}}],"collection":[{"href":"https:\/\/www.largepillow.com\/sl\/wp-json\/wp\/v2\/product"}],"about":[{"href":"https:\/\/www.largepillow.com\/sl\/wp-json\/wp\/v2\/types\/product"}],"replies":[{"embeddable":true,"href":"https:\/\/www.largepillow.com\/sl\/wp-json\/wp\/v2\/comments?post=16523"}],"wp:featuredmedia":[{"embeddable":true,"href":"https:\/\/www.largepillow.com\/sl\/wp-json\/wp\/v2\/media\/16516"}],"wp:attachment":[{"href":"https:\/\/www.largepillow.com\/sl\/wp-json\/wp\/v2\/media?parent=16523"}],"wp:term":[{"taxonomy":"product_brand","embeddable":true,"href":"https:\/\/www.largepillow.com\/sl\/wp-json\/wp\/v2\/product_brand?post=16523"},{"taxonomy":"product_cat","embeddable":true,"href":"https:\/\/www.largepillow.com\/sl\/wp-json\/wp\/v2\/product_cat?post=16523"},{"taxonomy":"product_tag","embeddable":true,"href":"https:\/\/www.largepillow.com\/sl\/wp-json\/wp\/v2\/product_tag?post=16523"}],"curies":[{"name":"wp","href":"https:\/\/api.w.org\/{rel}","templated":true}]}}