{"id":16552,"date":"2026-02-08T07:50:38","date_gmt":"2026-02-08T07:50:38","guid":{"rendered":"https:\/\/www.largepillow.com\/product\/convertible-modular-floor-sofa-floor-pillow-couch-lounge-chair-for-home"},"modified":"2026-02-11T02:58:33","modified_gmt":"2026-02-11T02:58:33","slug":"modularni-talni-kavc-s-talno-blazino-za-kavc-za-dom","status":"publish","type":"product","link":"https:\/\/www.largepillow.com\/sl\/product\/convertible-modular-floor-sofa-floor-pillow-couch-lounge-chair-for-home","title":{"rendered":"Modularni talni kav\u010d, talni vzglavnik, le\u017ealnik za dom"},"content":{"rendered":"[zc_getpagecontent mb=&#8221;mb_aplus&#8221; apid=&#8221;156&#8243;]\n","protected":false},"excerpt":{"rendered":"<ul>\n<li>Modularna in prostorsko var\u010dna zasnova: Ta 4-delni komplet sede\u017enih garnitur vklju\u010duje 2 preveliki blazini za sede\u017e in 2 naslonjala \u2013 ogrodje ni potrebno! Po \u017eelji jih lahko kombinirate kot talno sede\u017eno garnituro ob steni, uporabite kot velike blazine za sede\u017eno garnituro ali pa jih preuredite v le\u017ealnik, sekcijsko sede\u017eno garnituro ali prostor za sedenje, da se prilegajo va\u0161emu prostoru. Idealen je za majhna stanovanja, spalnice ali prijetne koti\u010dke, saj prihrani prostor in hkrati ponuja maksimalno udobje.<\/li>\n<li>Navdihnjen s toastom, narejen za udobje: Ta talna sede\u017ena garnitura, ki \u010drpa navdih iz mehke, zlate teksture sve\u017ee pe\u010denega toasta, se pona\u0161a s toplo be\u017e-zlato barvo in ultra mehkim polnilom. V trenutku, ko sedete, se boste po\u010dutili, kot da se potopite v oblak sprostitve \u2013 idealno za ustvarjanje mirnega, prijetnega vzdu\u0161ja v katerem koli prostoru.<\/li>\n<li>Obostranske barve in vrhunska tkanina: Dvobarvne obrnljive prevleke (oran\u017ena in be\u017e) so izdelane iz mehkega nizozemskega \u017eameta, ki zagotavljata dva elegantna videza in prijeten pridih, ki se ujemata z va\u0161o opremo.<\/li>\n<li>Udobje, podobno oblaku, podpora: Vsaka blazina je obilno oblazinjena s puhastim PP bomba\u017eem, ki ponuja debelo, podporo in odli\u010den odboj. Ne glede na to, ali berete, igrate igre, dremate ali se spro\u0161\u010date, ta talni kav\u010d zagotavlja vrhunsko udobje na tleh.<\/li>\n<li>Prilagodljivo in prenosno: Lahka zasnova s skritimi ro\u010daji omogo\u010da enostavno premikanje in preoblikovanje. Modularne blazine navdihujejo ustvarjalnost in prilagodljivost v va\u0161em bivalnem prostoru.<\/li>\n<li>Enostavna nega in postavitev: Prilo\u017eene so snemljive in pralne prevleke za enostavno \u010di\u0161\u010denje. Komplet je vakuumsko pakiran v dveh lo\u010denih paketih; po razpakiranju pustite 24\u201372 ur, da se popolnoma raz\u0161iri, da boste lahko izkusili njegovo pravo mehkobo.<\/li>\n<\/ul>","protected":false},"featured_media":16535,"comment_status":"open","ping_status":"closed","template":"","meta":[],"product_brand":[],"product_cat":[228],"product_tag":[],"class_list":{"0":"post-16552","1":"product","2":"type-product","3":"status-publish","4":"has-post-thumbnail","6":"product_cat-cushions","8":"first","9":"outofstock","10":"sold-individually","11":"shipping-taxable","12":"purchasable","13":"product-type-simple"},"_links":{"self":[{"href":"https:\/\/www.largepillow.com\/sl\/wp-json\/wp\/v2\/product\/16552","targetHints":{"allow":["GET"]}}],"collection":[{"href":"https:\/\/www.largepillow.com\/sl\/wp-json\/wp\/v2\/product"}],"about":[{"href":"https:\/\/www.largepillow.com\/sl\/wp-json\/wp\/v2\/types\/product"}],"replies":[{"embeddable":true,"href":"https:\/\/www.largepillow.com\/sl\/wp-json\/wp\/v2\/comments?post=16552"}],"wp:featuredmedia":[{"embeddable":true,"href":"https:\/\/www.largepillow.com\/sl\/wp-json\/wp\/v2\/media\/16535"}],"wp:attachment":[{"href":"https:\/\/www.largepillow.com\/sl\/wp-json\/wp\/v2\/media?parent=16552"}],"wp:term":[{"taxonomy":"product_brand","embeddable":true,"href":"https:\/\/www.largepillow.com\/sl\/wp-json\/wp\/v2\/product_brand?post=16552"},{"taxonomy":"product_cat","embeddable":true,"href":"https:\/\/www.largepillow.com\/sl\/wp-json\/wp\/v2\/product_cat?post=16552"},{"taxonomy":"product_tag","embeddable":true,"href":"https:\/\/www.largepillow.com\/sl\/wp-json\/wp\/v2\/product_tag?post=16552"}],"curies":[{"name":"wp","href":"https:\/\/api.w.org\/{rel}","templated":true}]}}