{"id":185,"date":"2022-09-15T06:35:24","date_gmt":"2022-09-15T06:35:24","guid":{"rendered":"https:\/\/www.largepillow.com\/product\/triangle-bolster-pillow"},"modified":"2025-11-05T02:15:26","modified_gmt":"2025-11-05T02:15:26","slug":"trikotna-blazina","status":"publish","type":"product","link":"https:\/\/www.largepillow.com\/sl\/product\/triangular-pillow","title":{"rendered":"Trikotna blazina"},"content":{"rendered":"<p>Odkrijte vrhunsko udobje z vsestransko trikotno blazino<\/p>\n<p>Prepustite se neprimerljivemu udobju z inovativno trikotno blazino, zasnovano za bolj\u0161o sprostitev in oporo.<\/p>\n<p>Neprimerljivo udobje in podpora<\/p>\n<p>Ergonomska trikotna oblika tega vzglavnika se popolnoma prilega va\u0161emu hrbtu in pasu, kar zagotavlja izjemno oporo in zmanj\u0161uje pritisk na ledveni del. Ne glede na to, ali ure in ure le\u017eite v postelji, berete, delate ali gledate televizijo, ta vzglavnik zagotavlja spro\u0161\u010den polo\u017eaj brez napetosti.<\/p>\n<p>Ve\u010dnamenska zasnova 3 v 1<\/p>\n<p>Izkoristite vsestranskost trikotne blazine. Uporabite jo pokonci kot podporno vzglavje, polo\u017eite jo vodoravno za bolj\u0161i spanec kot klinasto blazino ali pa dvignite noge za bolj\u0161o cirkulacijo kot blazino za noge. Je popolna re\u0161itev za pare, ki i\u0161\u010dejo popolno udobje v postelji.<\/p>\n<p>Eleganten in funkcionalen<\/p>\n<p>Eleganten videz korduroja in mehka poliestrska sestava prevleke za vzglavnik iz\u017earevata eleganco, hkrati pa zagotavljata zra\u010dnost in udobje. Vzglavnik brez napora ohranja svojo obliko, kar zagotavlja dolgotrajno udobje in oporo. Stranski \u017eepi na vsaki strani priro\u010dno sprejmejo va\u0161 telefon ali knjigo.<\/p>\n<p>Enostavno vzdr\u017eevanje<\/p>\n<p>\u010ci\u0161\u010denje trikotne blazine je izjemno preprosto. Njena snemljiva prevleka ima zadrgo za enostavno pranje. Preprosto jo odstranite in jo vrzite v stroj za temeljito \u010di\u0161\u010denje, ki bo va\u0161o blazino ohranilo sve\u017eo in privla\u010dno.<\/p>\n<p>Pri\u010devanja strank<\/p>\n<p>Ne verjemite nam kar na besedo. Tukaj je tisto, kar pravijo zadovoljne stranke:<\/p>\n<p>\u201cTa blazina je neverjetna! Uporabljam jo kot vzglavje postelje, je tako mehka in nudi oporo. V\u0161e\u010d mi je barva korduroja in je popoln dodatek k moji spalnici.\u201d<br \/>\n\u201cSpim na boku in ta blazina mi je re\u0161ila \u017eivljenje. Dr\u017ei mojo glavo in vrat poravnana, poleg tega pa sem opazila veliko razliko v kakovosti spanca.\u201d<br \/>\n\u201cV\u0161e\u010d mi je vsestranskost te blazine. \u010cez dan jo uporabljam kot vzglavnik za posteljo, nato pa jo splo\u0161\u010dim in jo uporabim kot klinasto oblikovano blazino za spanje. Je tako udobna in priro\u010dna.\u201d<\/p>\n<p>Poskrbite za svoje udobje in sprostitev \u0161e danes s trikotno blazino. Zaradi njene neprimerljive vsestranskosti, vrhunske izdelave in kakovosti, ki so jo potrdile stranke, je nepogre\u0161ljiv dodatek v vsaki spalnici.<\/p>","protected":false},"excerpt":{"rendered":"<ul>\n<li><strong>Vrhunsko udobje:<\/strong> Ta vzglavna blazina nudi odli\u010dno udobje zaradi svoje trikotne oblike. Blazina za podporo postelje se lepo prilega hrbtu in pasu ter zmanj\u0161uje pritisk na ledveni del\/hrbet. Ta klinasta bralna blazina vam lahko pomaga, da ostanete spro\u0161\u010deni v postelji ali na kav\u010du, kar je idealno za no\u010dne ptice, knji\u017ene molje in gledanje televizije v postelji. Ta ekstra velika blazina za podporo je edina klinasta vzglavna blazina, ki lahko sprejme dve osebi.<\/li>\n<li><strong>3 v 1 velika vzglavna blazina:<\/strong> Vzglavnik lahko uporabite pokonci kot vzglavnik za oporo hrbta med sedenjem v postelji ali pa ga polo\u017eite ravno na posteljo in ga uporabite kot velik klinast vzglavnik med spanjem na hrbtu ali boku ali kot vzglavnik za dvig nog. \u010ce \u017eelite velik vzglavnik, ki nudi oporo vam in va\u0161emu zakoncu, je to odli\u010dna alternativa.<\/li>\n<li><strong>Ve\u010dnamenska zasnova:<\/strong> Nekateri uporabljajo veliko trikotno blazino kot vzglavje postelje, drugi pa jo uporabljajo kot odbija\u010d, lahko pa slu\u017ei tudi kot opora za naslonjalo kav\u010da ali postelje. Je elegantna in funkcionalna, zaradi \u010desar je odli\u010den dodatek k vsaki spalnici.<\/li>\n<li><strong>Vrhunska izdelava:<\/strong> Prevleka za vzglavnik je iz \u017eametnega videza, sestava pa je poliester 100%. Na\u0161a vzglavna blazina je zra\u010dna in dovolj udobna, da ohrani svojo obliko in je s\u010dasoma ne izgubi. Stranski \u017eep na vsaki strani omogo\u010da, da vanjo spravite knjigo ali telefon.<\/li>\n<li><strong>Enostavno pranje:<\/strong> Prevleka za bralno blazino je pritrjena na blazino z gumbi in jo je enostavno odstraniti z zadrgo. Zaradi tega je \u010di\u0161\u010denje enostavno. Preprosto odstranite prevleko in jo na hitro operite v pralnem stroju, da bo va\u0161a blazina videti kot nova.<\/li>\n<li><strong>Velikost:<\/strong> 45 cm (D45 x \u016020 x V50 | 0 gumbov), 60 cm (D60 x \u016020 x V50 | 0 gumbov), 80 cm (D80 x \u016020 x V50 | 2 gumba), 100 cm (D100 x \u016020 x V50 | 3 gumbi), 120 cm (D120 x \u016020 x V50 | 4 gumbi), 140 cm (D140 x \u016020 x V50 | 4 gumbi), 160 cm (D160 x \u016020 x V50 | 5 gumbov), 180 cm (D180 x \u016020 x V50 | 6 gumbov), 200 cm (D200 x \u016020 x V50 | 7 gumbov).<\/li>\n<\/ul>","protected":false},"featured_media":166,"comment_status":"open","ping_status":"closed","template":"","meta":[],"product_brand":[],"product_cat":[15],"product_tag":[205,204,206,218,207,209,223,199,163,68],"class_list":{"0":"post-185","1":"product","2":"type-product","3":"status-publish","4":"has-post-thumbnail","6":"product_cat-large-wedge-pillow","7":"product_tag-back-support-headboard-pillow","8":"product_tag-bed-support-cushion","9":"product_tag-bumper-pillow","10":"product_tag-corduroy-pillow","11":"product_tag-daybed-backrest-bolster-pillow","12":"product_tag-extra-large-bolster-pillow","13":"product_tag-large-bolster","14":"product_tag-large-wedge-pillow","15":"product_tag-leg-pillow","16":"product_tag-wedge-reading-pillow","18":"first","19":"instock","20":"featured","21":"shipping-taxable","22":"purchasable","23":"product-type-variable"},"_links":{"self":[{"href":"https:\/\/www.largepillow.com\/sl\/wp-json\/wp\/v2\/product\/185","targetHints":{"allow":["GET"]}}],"collection":[{"href":"https:\/\/www.largepillow.com\/sl\/wp-json\/wp\/v2\/product"}],"about":[{"href":"https:\/\/www.largepillow.com\/sl\/wp-json\/wp\/v2\/types\/product"}],"replies":[{"embeddable":true,"href":"https:\/\/www.largepillow.com\/sl\/wp-json\/wp\/v2\/comments?post=185"}],"wp:featuredmedia":[{"embeddable":true,"href":"https:\/\/www.largepillow.com\/sl\/wp-json\/wp\/v2\/media\/166"}],"wp:attachment":[{"href":"https:\/\/www.largepillow.com\/sl\/wp-json\/wp\/v2\/media?parent=185"}],"wp:term":[{"taxonomy":"product_brand","embeddable":true,"href":"https:\/\/www.largepillow.com\/sl\/wp-json\/wp\/v2\/product_brand?post=185"},{"taxonomy":"product_cat","embeddable":true,"href":"https:\/\/www.largepillow.com\/sl\/wp-json\/wp\/v2\/product_cat?post=185"},{"taxonomy":"product_tag","embeddable":true,"href":"https:\/\/www.largepillow.com\/sl\/wp-json\/wp\/v2\/product_tag?post=185"}],"curies":[{"name":"wp","href":"https:\/\/api.w.org\/{rel}","templated":true}]}}