{"id":3222,"date":"2024-07-22T04:17:50","date_gmt":"2024-07-22T04:17:50","guid":{"rendered":"https:\/\/www.largepillow.com\/product\/car-seat-booster-seat-for-dogs-pet-travel-bed"},"modified":"2026-03-12T10:57:57","modified_gmt":"2026-03-12T10:57:57","slug":"avtosedez-za-pse-potovalna-postelja-za-hisne-ljubljencke","status":"publish","type":"product","link":"https:\/\/www.largepillow.com\/sl\/product\/car-seat-booster-seat-for-dogs-pet-travel-bed","title":{"rendered":"Avtosede\u017e za pse, potovalna postelja za hi\u0161ne ljubljen\u010dke"},"content":{"rendered":"[zc_getpagecontent mb=&#8221;mb_aplus&#8221; apid=&#8221;37&#8243;]\n","protected":false},"excerpt":{"rendered":"<ul>\n<li><strong>Visokokakovosten material<\/strong>Izdelano iz visokokakovostnega bomba\u017enega lana, zra\u010dno in udobno, ne grize, trpe\u017eno in enostavno za \u010di\u0161\u010denje. Polnjeno s premium poliestrom, visokokakovostno in pro\u017eno, ki zagotavlja trdno oporo z udobjem in mehkobo. Ohranja obliko in \u010dvrstost za dolgotrajno uporabo.<\/li>\n<li><strong>Ve\u010dnamenski avtosede\u017e za pse<\/strong>Nastavljiva zaponka pasjega avtosede\u017ea se lahko uporablja tudi kot ro\u010dni trak, kar je priro\u010dno za prena\u0161anje na prostem, lahko se uporablja tudi kot pasja postelja doma; lahko se uporablja tudi na kav\u010du za za\u0161\u010dito kav\u010da pred po\u0161kodbami zaradi psov.<\/li>\n<li><strong>Enostavna namestitev<\/strong>Majhen avtosede\u017e za pse je opremljen s trakom za hrbet sede\u017ea, ki ga preprosto pritrdite na zadnji del sprednjega sede\u017ea in prilagodite dol\u017eino trakov. Srednje velik avtosede\u017e za pse lahko namestite tako, da na sprednji oziroma zadnji sede\u017e avtomobila obesite dva nastavljiva prenosna ro\u010daja, kar je primerno za razli\u010dne tipe avtomobilov. Nedrse\u010da podlaga prepre\u010duje, da bi avtosede\u017e za pse drsel v avtomobilu, kar zagotavlja varnej\u0161e okolje za hi\u0161ne ljubljen\u010dke.<\/li>\n<li><strong>Dimenzije sede\u017ea<\/strong>Majhna velikost: 52 cm (dol\u017eina) x 52 cm (\u0161irina) x 42 cm (vi\u0161ina), Velika velikost: 76 cm (dol\u017eina) x 52 cm (\u0161irina) x 39 cm (vi\u0161ina). Pasji avtosede\u017e velikosti S je primeren za sprednji sede\u017e avtomobila. Pasji avtosede\u017e velikosti L je primeren za namestitev na zadnji sede\u017e vseh vrst avtomobilov. Pasji avtosede\u017e je opremljen z varnostnimi pasovi, ki zagotavljajo varnost va\u0161ega ljubljen\u010dka, zato vam ni treba skrbeti, da bi vas ljubljen\u010dek motil med vo\u017enjo.<\/li>\n<li><strong>Enostavno \u010di\u0161\u010denje<\/strong>Ta avtosede\u017e za hi\u0161ne ljubljen\u010dke je popolnoma snemljiv, na 4 vogalih ima nevidne zadrge, samo odprite zadrgo in vzemite ven PP bomba\u017e, prevleko za avtosede\u017e za hi\u0161ne ljubljen\u010dke pa dajte v pralni stroj za \u010di\u0161\u010denje; med vsakodnevnim \u010di\u0161\u010denjem lahko uporabite tudi sesalnik za \u010di\u0161\u010denje povr\u0161inskih ne\u010disto\u010d ali dlak avtosede\u017ea za hi\u0161ne ljubljen\u010dke.<\/li>\n<li><strong>Topli nasveti<\/strong>Pasji avtosede\u017e je vakuumsko pakiran za po\u0161iljanje, zato je dodanega ve\u010d polnila, da se ohrani oblika sede\u017ea in zagotovi njegova vzdr\u017eljivost in funkcionalnost. \u010ce menite, da je polnilo pasjega avtosede\u017ea preve\u010d za hi\u0161ne ljubljen\u010dke, ga lahko sami odstranite, da dose\u017eete \u017eeleno raven udobja za svojega ljubljen\u010dka. Po razpakiranju po\u010dakajte 24\u201348 ur, da se sede\u017e vrne v prvotno debelino in obliko.<\/li>\n<\/ul>","protected":false},"featured_media":3569,"comment_status":"open","ping_status":"closed","template":"","meta":[],"product_brand":[],"product_cat":[227],"product_tag":[],"class_list":{"0":"post-3222","1":"product","2":"type-product","3":"status-publish","4":"has-post-thumbnail","6":"product_cat-pet-supplies","8":"first","9":"instock","10":"shipping-taxable","11":"purchasable","12":"product-type-variable","13":"has-default-attributes"},"_links":{"self":[{"href":"https:\/\/www.largepillow.com\/sl\/wp-json\/wp\/v2\/product\/3222","targetHints":{"allow":["GET"]}}],"collection":[{"href":"https:\/\/www.largepillow.com\/sl\/wp-json\/wp\/v2\/product"}],"about":[{"href":"https:\/\/www.largepillow.com\/sl\/wp-json\/wp\/v2\/types\/product"}],"replies":[{"embeddable":true,"href":"https:\/\/www.largepillow.com\/sl\/wp-json\/wp\/v2\/comments?post=3222"}],"wp:featuredmedia":[{"embeddable":true,"href":"https:\/\/www.largepillow.com\/sl\/wp-json\/wp\/v2\/media\/3569"}],"wp:attachment":[{"href":"https:\/\/www.largepillow.com\/sl\/wp-json\/wp\/v2\/media?parent=3222"}],"wp:term":[{"taxonomy":"product_brand","embeddable":true,"href":"https:\/\/www.largepillow.com\/sl\/wp-json\/wp\/v2\/product_brand?post=3222"},{"taxonomy":"product_cat","embeddable":true,"href":"https:\/\/www.largepillow.com\/sl\/wp-json\/wp\/v2\/product_cat?post=3222"},{"taxonomy":"product_tag","embeddable":true,"href":"https:\/\/www.largepillow.com\/sl\/wp-json\/wp\/v2\/product_tag?post=3222"}],"curies":[{"name":"wp","href":"https:\/\/api.w.org\/{rel}","templated":true}]}}