{"id":3243,"date":"2024-07-22T11:29:58","date_gmt":"2024-07-22T11:29:58","guid":{"rendered":"https:\/\/www.largepillow.com\/product\/u-shaped-side-sleeper-pillow-with-arm-hole-for-pain-relief"},"modified":"2026-03-05T22:26:27","modified_gmt":"2026-03-05T22:26:27","slug":"vzglavnik-za-spanje-na-boku-v-obliki-crke-u-z-odprtino-za-roke-za-lajsanje-bolecin","status":"publish","type":"product","link":"https:\/\/www.largepillow.com\/sl\/product\/u-shaped-side-sleeper-pillow-with-arm-hole-for-pain-relief","title":{"rendered":"Vzglavnik za spanje na boku v obliki \u010drke U z odprtino za roke za laj\u0161anje bole\u010din"},"content":{"rendered":"[zc_getpagecontent mb=&#8221;mb_aplus&#8221; apid=&#8221;67&#8243;]\nSide Sleeper Pillow with arm Hole for Adults, Large U-Shaped Shoulder Pillow Body Pillow for Neck and Shoulder Pain Relief, Acid Reflux and GERD Pillow, Ergonomic Support Pillows<\/p>\n","protected":false},"excerpt":{"rendered":"<ul>\n<li><strong>Komplet vzglavnikov 2 v 1:<\/strong> Komplet vzglavnikov za spanje na boku vklju\u010duje trikotni vzglavnik in vzglavnik v obliki polmeseca, dol\u017eina in \u0161irina vzglavnika pa sta 116 x 76 x 30 cm. Vzglavnik v obliki \u010drke U nadomesti druge majhne vzglavnike v va\u0161i postelji. Ta vzglavnik v obliki \u010drke U sledi obliki va\u0161ega telesa in pomaga podpirati va\u0161e telo, kot so hrbet, trebuh, boki in kolena.<\/li>\n<li><strong>Kakovosten material:<\/strong> Vzglavnik za spanje na boku je izdelan iz kakovostnega kratkega pli\u0161astega blaga, ki je zaradi svoje mehkobe in vzdr\u017eljivosti odli\u010dna izbira za vzglavnik za spanje na boku. Zaradi kratkih vlaken je prijeten in udoben na ko\u017ei, gosto tkanje pa zagotavlja odli\u010dno oporo za glavo in vrat. Prevleko je mogo\u010de prati v pralnem stroju.<\/li>\n<li><strong>Oblika roke:<\/strong>\u00a0Vzglavnik za spanje na boku za bole\u010dine v vratu in ramenih ima obliko roke, ki se prilagaja navadi spanja na boku, lahko zmanj\u0161a pritisk na ramena in roke ter se izogne otrplosti rok zaradi pomanjkanja krvnega obtoka.<\/li>\n<li><strong>Ergonomska udobna blazina:<\/strong> Ukrivljena oblika okrasne blazine v obliki \u010drke U se prilega va\u0161emu telesu in zagotavlja udobno oporo. Omogo\u010da vam spanje na hrbtu, boku ali trebuhu, hkrati pa pomaga poravnati hrbtenico za pravilen bo\u010dni spalni polo\u017eaj za pomirjujo\u010de udobje, zagotavlja mehak, dolgotrajen in prijeten objem, tako da boste vedno v pravilnem polo\u017eaju za dober spanec.<\/li>\n<li><strong>Idealen polo\u017eaj za spanje:<\/strong> Vzglavnik za spanje na boku laj\u0161a pritisk z va\u0161e spodnje roke\/rame in je u\u010dinkovit pri podpori telesa, spanju, po\u010ditku in sprostitvi, okrevanju po operaciji, refluksu kisline, proti smr\u010danju in laj\u0161anju bole\u010din, da zagotovi udoben in miren spanec v idealnem polo\u017eaju za naravno laj\u0161anje refluksa, kar vam omogo\u010da, da spite do zore.<\/li>\n<\/ul>","protected":false},"featured_media":3236,"comment_status":"open","ping_status":"closed","template":"","meta":[],"product_brand":[],"product_cat":[228],"product_tag":[],"class_list":{"0":"post-3243","1":"product","2":"type-product","3":"status-publish","4":"has-post-thumbnail","6":"product_cat-cushions","8":"first","9":"instock","10":"featured","11":"shipping-taxable","12":"purchasable","13":"product-type-simple"},"_links":{"self":[{"href":"https:\/\/www.largepillow.com\/sl\/wp-json\/wp\/v2\/product\/3243","targetHints":{"allow":["GET"]}}],"collection":[{"href":"https:\/\/www.largepillow.com\/sl\/wp-json\/wp\/v2\/product"}],"about":[{"href":"https:\/\/www.largepillow.com\/sl\/wp-json\/wp\/v2\/types\/product"}],"replies":[{"embeddable":true,"href":"https:\/\/www.largepillow.com\/sl\/wp-json\/wp\/v2\/comments?post=3243"}],"wp:featuredmedia":[{"embeddable":true,"href":"https:\/\/www.largepillow.com\/sl\/wp-json\/wp\/v2\/media\/3236"}],"wp:attachment":[{"href":"https:\/\/www.largepillow.com\/sl\/wp-json\/wp\/v2\/media?parent=3243"}],"wp:term":[{"taxonomy":"product_brand","embeddable":true,"href":"https:\/\/www.largepillow.com\/sl\/wp-json\/wp\/v2\/product_brand?post=3243"},{"taxonomy":"product_cat","embeddable":true,"href":"https:\/\/www.largepillow.com\/sl\/wp-json\/wp\/v2\/product_cat?post=3243"},{"taxonomy":"product_tag","embeddable":true,"href":"https:\/\/www.largepillow.com\/sl\/wp-json\/wp\/v2\/product_tag?post=3243"}],"curies":[{"name":"wp","href":"https:\/\/api.w.org\/{rel}","templated":true}]}}