{"id":3295,"date":"2024-07-22T14:31:24","date_gmt":"2024-07-22T14:31:24","guid":{"rendered":"https:\/\/www.largepillow.com\/product\/2-in-1-memory-foam-dog-human-bed-foldable-washable"},"modified":"2024-11-24T18:36:48","modified_gmt":"2024-11-24T18:36:48","slug":"2-v-1-pasja-cloveska-postelja-iz-spominske-pene-zlozljiva-in-pralna","status":"publish","type":"product","link":"https:\/\/www.largepillow.com\/sl\/product\/2-in-1-memory-foam-dog-human-bed-foldable-washable","title":{"rendered":"Postelja za pse in ljudi iz spominske pene 2 v 1 \u2013 zlo\u017eljiva in pralna"},"content":{"rendered":"[zc_getpagecontent mb=&#8221;mb_aplus&#8221; apid=&#8221;76&#8243;]\n","protected":false},"excerpt":{"rendered":"<ul>\n<li><strong>Hlajenje in zra\u010dno:<\/strong> Povr\u0161ina na\u0161e pasje postelje je izdelana iz hladilnih vlaken razreda A PE, ki u\u010dinkovito zni\u017eujejo temperaturo in ohranjajo temperaturo ko\u017ee v udobnem stanju. Poleti ohranjajo hlajenje za hi\u0161ne ljubljen\u010dke, otroke in odrasle; medtem pa izjemna tekstilna izdelava zagotavlja edinstven 3D-reliefni videz, ki izbolj\u0161a prepustnost zraka in ko\u017ei ponuja dovolj prostora za dihanje.<\/li>\n<li><strong>Zasnova 2 v 1:<\/strong> Ta dvojnamenska postelja za \u010dlove\u0161kega ljubljen\u010dka je zasnovana za udobje tako ljudi kot psov, saj se enostavno pretvori iz talne postelje v prostorsko var\u010den lenoben kav\u010d. Ponuja hladno in udobno zato\u010di\u0161\u010de za po\u010ditek in sprostitev v poletni vro\u010dini, medtem ko njena zlo\u017eljiva zasnova u\u010dinkovito prihrani prostor v va\u0161i sobi.<\/li>\n<li><strong>Ortopedska pasja postelja:<\/strong> Izbolj\u0161ajte po\u010ditek svojega ljubljen\u010dka z na\u0161im ortopedskim pasjim kav\u010dem, izdelanim za vrhunsko udobje in oporo. Spominska pena visoke gostote enakomerno porazdeli te\u017eo va\u0161ega ljubljen\u010dka, kar zagotavlja optimalno laj\u0161anje pritiska in bla\u017eenje sklepov za miren in pomlajujo\u010d spanec.<\/li>\n<li><strong>Maksimalno udobje:<\/strong> Na\u0161 pasji kav\u010d ima tristransko zasnovo z vzglavniki, ki zagotavlja udoben in varen ob\u010dutek ter ponuja \u0161tevilne udobne polo\u017eaje, v katere se lahko va\u0161 ljubljen\u010dek namesti. Dobro napolnjeni vzglavniki iz PP bomba\u017ea podpirajo glavo in vrat va\u0161ega ljubljen\u010dka ter spodbujajo mirnej\u0161i spanec. Poleg tega zni\u017ean vhod olaj\u0161a dostop in \u0161\u010diti sklepe va\u0161ega ljubljen\u010dka, zaradi \u010desar je idealen za hi\u0161ne ljubljen\u010dke vseh starosti in stopenj mobilnosti.<\/li>\n<li><strong>Enostavna zasnova za nego:<\/strong>\u00a0Na\u0161e prevleke za pasje postelje so priro\u010dno snemljive in pralne v pralnem stroju \u2013 idealne za hi\u0161ne ljubljen\u010dke, ki se radi valjajo v umazaniji in \u010dofotajo po blatu. Preprosto odprite zadrgo in prevleke vrzite v pralni stroj na hladen cikel z blagim detergentom. Ne pozabite, IZOGIBAJTE SE UPORABI SU\u0160ILNEGA STROJA; namesto tega pustite, da se prevleke posu\u0161ijo na zraku naravno, da ohranijo svojo kakovost in udobje.<\/li>\n<\/ul>","protected":false},"featured_media":3278,"comment_status":"open","ping_status":"closed","template":"","meta":[],"product_brand":[],"product_cat":[227],"product_tag":[],"class_list":{"0":"post-3295","1":"product","2":"type-product","3":"status-publish","4":"has-post-thumbnail","6":"product_cat-pet-supplies","8":"first","9":"outofstock","10":"featured","11":"shipping-taxable","12":"purchasable","13":"product-type-simple"},"_links":{"self":[{"href":"https:\/\/www.largepillow.com\/sl\/wp-json\/wp\/v2\/product\/3295","targetHints":{"allow":["GET"]}}],"collection":[{"href":"https:\/\/www.largepillow.com\/sl\/wp-json\/wp\/v2\/product"}],"about":[{"href":"https:\/\/www.largepillow.com\/sl\/wp-json\/wp\/v2\/types\/product"}],"replies":[{"embeddable":true,"href":"https:\/\/www.largepillow.com\/sl\/wp-json\/wp\/v2\/comments?post=3295"}],"wp:featuredmedia":[{"embeddable":true,"href":"https:\/\/www.largepillow.com\/sl\/wp-json\/wp\/v2\/media\/3278"}],"wp:attachment":[{"href":"https:\/\/www.largepillow.com\/sl\/wp-json\/wp\/v2\/media?parent=3295"}],"wp:term":[{"taxonomy":"product_brand","embeddable":true,"href":"https:\/\/www.largepillow.com\/sl\/wp-json\/wp\/v2\/product_brand?post=3295"},{"taxonomy":"product_cat","embeddable":true,"href":"https:\/\/www.largepillow.com\/sl\/wp-json\/wp\/v2\/product_cat?post=3295"},{"taxonomy":"product_tag","embeddable":true,"href":"https:\/\/www.largepillow.com\/sl\/wp-json\/wp\/v2\/product_tag?post=3295"}],"curies":[{"name":"wp","href":"https:\/\/api.w.org\/{rel}","templated":true}]}}