{"id":3330,"date":"2024-07-23T00:38:46","date_gmt":"2024-07-23T00:38:46","guid":{"rendered":"https:\/\/www.largepillow.com\/product\/folding-floor-sofa-bed-with-filling-sleeper-guest-couch"},"modified":"2024-10-03T16:31:25","modified_gmt":"2024-10-03T16:31:25","slug":"zlozljiva-sedezna-garnitura-s-polnilom-za-goste","status":"publish","type":"product","link":"https:\/\/www.largepillow.com\/sl\/product\/folding-floor-sofa-bed-with-filling-sleeper-guest-couch","title":{"rendered":"Zlo\u017eljiva sede\u017ena garnitura s polnilom, kav\u010d za goste"},"content":{"rendered":"<p>Dvignite svojo sprostitev na vi\u0161jo raven z na\u0161o vre\u010do za sedenje za odrasle. Ta raztegljiv naslanja\u010d, zasnovan za vrhunsko udobje, se brez napora zlo\u017ei iz stola v posteljo. Blazina je na dnu priro\u010dno zlo\u017eena, kar omogo\u010da enostavno preklapljanje med sede\u017eno in spalno razporeditvijo, zaradi \u010desar je idealen za namestitev nepri\u010dakovanih gostov ali za maksimalno izkori\u0161\u010danje prostora v va\u0161em domu.<\/p>\n<p>Na\u0161a prevleka za vzglavnik je izdelana iz visokokakovostnih materialov in je izdelana iz poliestra 100% s prepleteno teksturo in izvrstnimi \u0161ivi, ki so po vsem obodu trdni. Oblazinjenje je izdelano iz visokokakovostnih poliestrskih vlaken visoke gostote, ki prepre\u010dujejo pove\u0161anje tudi po mesecih uporabe. Snemljiva prevleka je mehka na dotik, pralna v pralnem stroju in odporna na vodo, made\u017ee in razbarvanje za enostavno vzdr\u017eevanje.<\/p>\n<p>Na\u0161a vre\u010da za sedenje je odli\u010dna za tiste, ki se radi sprostijo in po\u010divajo doma, \u0161e posebej za mlade in dru\u017eine. Ne glede na to, ali ste v dnevni sobi, spalnici, delovni sobi, salonu, terasi ali vrtu, je na\u0161a vre\u010da za sedenje popoln dodatek va\u0161emu domu. Pli\u0161aste blazine in robustna konstrukcija vam bodo dale ob\u010dutek, kot da sedite na oblaku.<\/p>\n<p>Zakaj bi torej \u010dakali? Z na\u0161o vre\u010do za sedenje svoj bivalni prostor spremenite v prijetno in udobno zato\u010di\u0161\u010de. Poslovite se od neudobnih sede\u017enih garnitur in pozdravite popolno sprostitev. Kupite zdaj in se prepustite vrhunskemu udobju.<\/p>","protected":false},"excerpt":{"rendered":"<ul>\n<li><strong>Do\u017eivite udobje kot v oblaku<\/strong>Ne i\u0161\u010dite dlje od na\u0161ega kav\u010da z raztegljivim le\u017ei\u0161\u010dem! Ta kav\u010d z raztegljivim le\u017ei\u0161\u010dem, zasnovan z mislijo na va\u0161e udobje, je popoln za spro\u0161\u010danje, branje, gledanje televizije in \u0161e ve\u010d. Z udobno zasnovo in robustno konstrukcijo se boste po\u010dutili, kot da sedite na oblaku.<\/li>\n<li><strong>Z lahkoto od kav\u010da do postelje<\/strong>Preoblikovanje tega pohi\u0161tva v udobno talno le\u017ei\u0161\u010de je izjemno preprosto \u2013 samo izvlecite zlo\u017eljivo sede\u017eno blazino na dnu! Ta inovativna zasnova vam omogo\u010da enostavno preklapljanje med sede\u017eno in spalno razporeditvijo, zaradi \u010desar je idealna za sprejem nepri\u010dakovanih gostov ali pove\u010danje prostora v va\u0161em domu.<\/li>\n<li><strong>Visokokakovostni materiali<\/strong>Na\u0161a prevleka za vzglavnik je izdelana iz poliestra 100% s prepleteno teksturo in izvrstnimi \u0161ivi, ki so po vsem obodu trdni. Oblazinjenje je izdelano iz visokokakovostnih poliestrskih vlaken visoke gostote, ki prepre\u010dujejo pove\u0161anje tudi po ve\u010dmese\u010dni uporabi.<\/li>\n<li><strong>Enostavno pranje<\/strong>Snemljiva prevleka je mehka na dotik, pralna v pralnem stroju in odporna na vodo, made\u017ee in razbarvanje za enostavno vzdr\u017eevanje.<\/li>\n<li><strong>Primerno za ve\u010d prilo\u017enosti<\/strong>Na\u0161a kav\u010d-le\u017eaj na tleh je idealna za tiste, ki se radi sprostijo in po\u010divajo doma, \u0161e posebej za mlade in dru\u017eine. Zelo primerna je za postavitev v dnevne sobe, spalnice, delovne sobe, salone in druge prostore, lahko pa jo postavite tudi na prostem, na terase ali vrtove.<\/li>\n<\/ul>","protected":false},"featured_media":3566,"comment_status":"open","ping_status":"closed","template":"","meta":[],"product_brand":[],"product_cat":[228],"product_tag":[],"class_list":{"0":"post-3330","1":"product","2":"type-product","3":"status-publish","4":"has-post-thumbnail","6":"product_cat-cushions","8":"first","9":"instock","10":"shipping-taxable","11":"purchasable","12":"product-type-simple"},"_links":{"self":[{"href":"https:\/\/www.largepillow.com\/sl\/wp-json\/wp\/v2\/product\/3330","targetHints":{"allow":["GET"]}}],"collection":[{"href":"https:\/\/www.largepillow.com\/sl\/wp-json\/wp\/v2\/product"}],"about":[{"href":"https:\/\/www.largepillow.com\/sl\/wp-json\/wp\/v2\/types\/product"}],"replies":[{"embeddable":true,"href":"https:\/\/www.largepillow.com\/sl\/wp-json\/wp\/v2\/comments?post=3330"}],"wp:featuredmedia":[{"embeddable":true,"href":"https:\/\/www.largepillow.com\/sl\/wp-json\/wp\/v2\/media\/3566"}],"wp:attachment":[{"href":"https:\/\/www.largepillow.com\/sl\/wp-json\/wp\/v2\/media?parent=3330"}],"wp:term":[{"taxonomy":"product_brand","embeddable":true,"href":"https:\/\/www.largepillow.com\/sl\/wp-json\/wp\/v2\/product_brand?post=3330"},{"taxonomy":"product_cat","embeddable":true,"href":"https:\/\/www.largepillow.com\/sl\/wp-json\/wp\/v2\/product_cat?post=3330"},{"taxonomy":"product_tag","embeddable":true,"href":"https:\/\/www.largepillow.com\/sl\/wp-json\/wp\/v2\/product_tag?post=3330"}],"curies":[{"name":"wp","href":"https:\/\/api.w.org\/{rel}","templated":true}]}}