{"id":3369,"date":"2024-07-23T01:20:37","date_gmt":"2024-07-23T01:20:37","guid":{"rendered":"https:\/\/www.largepillow.com\/product\/luxury-elevated-dog-couch-3pcs-with-pillow-soft-pet-mat"},"modified":"2025-02-16T16:56:35","modified_gmt":"2025-02-16T16:56:35","slug":"luksuzni-dvignjen-pasji-kavc-3-kosi-z-blazino-mehka-podloga-za-hisne-ljubljencke","status":"publish","type":"product","link":"https:\/\/www.largepillow.com\/sl\/product\/luxury-elevated-dog-couch-3pcs-with-pillow-soft-pet-mat","title":{"rendered":"Luksuzni dvignjen pasji kav\u010d, 3 kosi z blazino in mehko podlogo za hi\u0161ne ljubljen\u010dke"},"content":{"rendered":"[zc_getpagecontent mb=&#8221;mb_aplus&#8221; apid=&#8221;72&#8243;]\n","protected":false},"excerpt":{"rendered":"<ul>\n<li>Sodoben dizajn in kombinacija barv: Ta dvignjen pasji kav\u010d se pona\u0161a z modernim dizajnom z elegantno kombinacijo temno modre in modne temno oran\u017ene barve, ki doda ob\u010dutek stila in vitalnosti va\u0161emu domu.<\/li>\n<li>Popolno udobje: Pasji kav\u010d je zasnovan z dvignjenimi stranicami za vrhunsko udobje in varnost. Ponuja razli\u010dne udobne polo\u017eaje, v katere se lahko va\u0161i ljubljen\u010dki stisnejo, stranske blazine pa podpirajo njihovo glavo in vrat, kar jim omogo\u010da bolj trden spanec. Pena visoke gostote, debeline 7,6 cm, in mehka podloga za hi\u0161ne ljubljen\u010dke, debeline 5 cm, zagotavljata dvojno za\u0161\u010dito in pomagata enakomerno porazdeliti te\u017eo.<\/li>\n<li>Snemljiva podloga za hi\u0161ne ljubljen\u010dke: Sodoben pasji kav\u010d ima snemljivo in super mehko podlogo za pse, ki jo lahko lo\u010deno uporabljate kot le\u017ei\u0161\u010de za hi\u0161ne ljubljen\u010dke. To omogo\u010da, da ve\u010d ma\u010dk in psov v va\u0161em gospodinjstvu hkrati u\u017eiva v udobnem po\u010divali\u0161\u010du.<\/li>\n<li>Enostavna monta\u017ea: Na\u0161 luksuzni kav\u010d za hi\u0161ne ljubljen\u010dke je zasnovan za enostavno monta\u017eo, ki traja le nekaj minut. Poleg tega je opremljen z udobno blazino za izbolj\u0161anje po\u010ditka va\u0161ega ljubljen\u010dka.<\/li>\n<li>Primerno za majhne in srednje velike pse: Ta pasji kav\u010d je primeren za majhne in srednje velike pse, kot so francoski buldogi, \u010divave, bostonski terierji, pudlji, beagli in vse ma\u010dke. Zagotavlja veliko prostora in opore, kar va\u0161im ljubljen\u010dkom omogo\u010da udoben po\u010ditek in spanje.<\/li>\n<\/ul>","protected":false},"featured_media":3361,"comment_status":"open","ping_status":"closed","template":"","meta":[],"product_brand":[],"product_cat":[227],"product_tag":[],"class_list":{"0":"post-3369","1":"product","2":"type-product","3":"status-publish","4":"has-post-thumbnail","6":"product_cat-pet-supplies","8":"first","9":"outofstock","10":"featured","11":"shipping-taxable","12":"purchasable","13":"product-type-simple"},"_links":{"self":[{"href":"https:\/\/www.largepillow.com\/sl\/wp-json\/wp\/v2\/product\/3369","targetHints":{"allow":["GET"]}}],"collection":[{"href":"https:\/\/www.largepillow.com\/sl\/wp-json\/wp\/v2\/product"}],"about":[{"href":"https:\/\/www.largepillow.com\/sl\/wp-json\/wp\/v2\/types\/product"}],"replies":[{"embeddable":true,"href":"https:\/\/www.largepillow.com\/sl\/wp-json\/wp\/v2\/comments?post=3369"}],"wp:featuredmedia":[{"embeddable":true,"href":"https:\/\/www.largepillow.com\/sl\/wp-json\/wp\/v2\/media\/3361"}],"wp:attachment":[{"href":"https:\/\/www.largepillow.com\/sl\/wp-json\/wp\/v2\/media?parent=3369"}],"wp:term":[{"taxonomy":"product_brand","embeddable":true,"href":"https:\/\/www.largepillow.com\/sl\/wp-json\/wp\/v2\/product_brand?post=3369"},{"taxonomy":"product_cat","embeddable":true,"href":"https:\/\/www.largepillow.com\/sl\/wp-json\/wp\/v2\/product_cat?post=3369"},{"taxonomy":"product_tag","embeddable":true,"href":"https:\/\/www.largepillow.com\/sl\/wp-json\/wp\/v2\/product_tag?post=3369"}],"curies":[{"name":"wp","href":"https:\/\/api.w.org\/{rel}","templated":true}]}}