{"id":3413,"date":"2024-07-23T03:06:14","date_gmt":"2024-07-23T03:06:14","guid":{"rendered":"https:\/\/www.largepillow.com\/product\/ergonomic-wedge-pillow-with-arm-hole-for-shoulder-pain-relief"},"modified":"2025-04-29T06:10:15","modified_gmt":"2025-04-29T06:10:15","slug":"ergonomska-klinasta-blazina-z-odprtino-za-roke-za-lajsanje-bolecin-v-ramenih","status":"publish","type":"product","link":"https:\/\/www.largepillow.com\/sl\/product\/ergonomic-wedge-pillow-with-arm-hole-for-shoulder-pain-relief","title":{"rendered":"Ergonomska klinasta blazina z odprtino za roke za laj\u0161anje bole\u010din v ramenih"},"content":{"rendered":"","protected":false},"excerpt":{"rendered":"<ul>\n<li><strong>Nastavljiva penasta blazina za konturiranje:<\/strong> Vzglavnik v obliki \u010drke U in bla\u017eilec nagiba na\u0161e blazine za spanje na boku ohranjata va\u0161o hrbtenico nevtralno, saj u\u010dinkovito prilagajata in popravljata bo\u010dni polo\u017eaj spanja, laj\u0161ata pritisk na ramena, roke in hrbet ter spro\u0161\u010data ve\u010d prostora za po\u010ditek ramen, tako da lahko udobno spite na obeh straneh.<\/li>\n<li><strong>Vzglavnik za oblikovanje ramen:<\/strong> Znanstveno zasnovani utori v predelu za ramena so primerni za ljudi, ki spijo na boku. Zmanj\u0161ajo pritisk na ramena med spanjem na boku in prepre\u010dujejo sklju\u010deno spalno dr\u017eo. Klinasta blazina je dovolj \u0161iroka, da vanjo namesti roke, tako da se med spanjem na boku roke ne bodo zdele vise\u010de. Velikost: 55*60*19 cm<\/li>\n<li><strong>Ukrivljen vzglavnik:<\/strong> Na\u0161a spalna blazina ima obliko \u010drke U. Oblika zagotavlja trdno oporo vratni hrbtenici in glavi ter se naravno prilega dr\u017ei glave med spanjem na boku in hrbtu, tako da je va\u0161 vrat pravilno poravnan s preostalim telesom in laj\u0161a bole\u010dine v vratu in ramenih. Spalna blazina zagotavlja bolj\u0161o oporo za glavo in vrat. Velikost: 20 * 39 * 10 cm<\/li>\n<li><strong>Polnilo in tkanina:<\/strong> Beli del je iz pletene, zra\u010dne tkanine, prijazne do ko\u017ee in ne zadu\u0161ljive, primerne za vse letne \u010dase. Be\u017e del je izdelan iz mehke matirane \u017eametne tkanine. Klinasta blazina za telo je napolnjena z visoko gostoto pene, ki zagotavlja dolgotrajno in u\u010dinkovito oporo, z mo\u010dno nosilnostjo in se ne deformira zlahka. Vzglavnik je izdelan iz vrhunske spominske pene s po\u010dasnim odbojem, ki enakomerno absorbira udarno silo in razpr\u0161i pritisk, ter ima uravnote\u017eeno mehkobo.<\/li>\n<li><strong>\u0160iroka uporaba:<\/strong> Ta vzglavnik za podporo vratu je zelo primeren za starej\u0161e, pisarni\u0161ke delavce, u\u010ditelje in tiste, ki trpijo zaradi motenj spanja. \u010ce ob\u010dasno menite, da obi\u010dajni spanec ne more laj\u0161ati bole\u010din in utrujenosti v ramenih in vratu, bo ta ergonomski vzglavnik za vas najbolj\u0161a izbira. Znanstveno zasnovan kot in oblika vam zagotavljata udoben spanec in laj\u0161anje bole\u010din v ramenih.<\/li>\n<li><strong>Idealen polo\u017eaj za spanje:<\/strong>\u00a0Pravilna spalna dr\u017ea izbolj\u0161a kakovost spanca in hitro laj\u0161a fizi\u010dno utrujenost in du\u0161evni stres. Na\u0161a oblikovana konturna blazina u\u010dinkovito laj\u0161a bole\u010dine v vratu, ramenih, hrbtu in pasu.<\/li>\n<\/ul>","protected":false},"featured_media":3405,"comment_status":"open","ping_status":"closed","template":"","meta":[],"product_brand":[],"product_cat":[228],"product_tag":[],"class_list":{"0":"post-3413","1":"product","2":"type-product","3":"status-publish","4":"has-post-thumbnail","6":"product_cat-cushions","8":"first","9":"outofstock","10":"featured","11":"shipping-taxable","12":"purchasable","13":"product-type-simple"},"_links":{"self":[{"href":"https:\/\/www.largepillow.com\/sl\/wp-json\/wp\/v2\/product\/3413","targetHints":{"allow":["GET"]}}],"collection":[{"href":"https:\/\/www.largepillow.com\/sl\/wp-json\/wp\/v2\/product"}],"about":[{"href":"https:\/\/www.largepillow.com\/sl\/wp-json\/wp\/v2\/types\/product"}],"replies":[{"embeddable":true,"href":"https:\/\/www.largepillow.com\/sl\/wp-json\/wp\/v2\/comments?post=3413"}],"wp:featuredmedia":[{"embeddable":true,"href":"https:\/\/www.largepillow.com\/sl\/wp-json\/wp\/v2\/media\/3405"}],"wp:attachment":[{"href":"https:\/\/www.largepillow.com\/sl\/wp-json\/wp\/v2\/media?parent=3413"}],"wp:term":[{"taxonomy":"product_brand","embeddable":true,"href":"https:\/\/www.largepillow.com\/sl\/wp-json\/wp\/v2\/product_brand?post=3413"},{"taxonomy":"product_cat","embeddable":true,"href":"https:\/\/www.largepillow.com\/sl\/wp-json\/wp\/v2\/product_cat?post=3413"},{"taxonomy":"product_tag","embeddable":true,"href":"https:\/\/www.largepillow.com\/sl\/wp-json\/wp\/v2\/product_tag?post=3413"}],"curies":[{"name":"wp","href":"https:\/\/api.w.org\/{rel}","templated":true}]}}