{"id":3508,"date":"2024-07-25T03:34:29","date_gmt":"2024-07-25T03:34:29","guid":{"rendered":"https:\/\/www.largepillow.com\/product\/large-folding-daybed-sofa-with-adjustable-headboard"},"modified":"2024-10-03T16:31:25","modified_gmt":"2024-10-03T16:31:25","slug":"velika-zlozljiva-sedezna-garnitura-z-nastavljivim-vzglavjem","status":"publish","type":"product","link":"https:\/\/www.largepillow.com\/sl\/product\/large-folding-daybed-sofa-with-adjustable-headboard","title":{"rendered":"Velika zlo\u017eljiva sede\u017ena garnitura z nastavljivim vzglavjem"},"content":{"rendered":"","protected":false},"excerpt":{"rendered":"<ul>\n<li>VRHUNSKI UDOBJE: U\u017eivajte v neprimerljivem udobju z nastavljivim raztegljivim kav\u010dem ob postelji. Ta zlo\u017eljivi kav\u010d s prevleko iz poliestra in oblazinjenjem iz visoko elasti\u010dne pene zagotavlja maksimalno udobje, ne glede na to, ali sedite in spro\u0161\u010date, gledate televizijo ali se spro\u0161\u010date po napornem dnevu.<\/li>\n<li>VRHUNSKA IZDELAVA: S prevleko iz poliestra in oblazinjenjem iz visoko elasti\u010dne pene ta sekcijska sede\u017ena garnitura zdru\u017euje prakti\u010dnost in udobje za razko\u0161no in vzdr\u017eljivo izku\u0161njo. Enostavno jo je razstaviti in sestaviti ter zagotavlja trajno eleganco v vsakem prostoru.<\/li>\n<li>STABILNA PODPORA: U\u017eivajte v mirni sprostitvi z na\u0161im talnim kav\u010dem. Pena visoke gostote zagotavlja odli\u010dno oporo in bla\u017eenje, ki se prilega telesnim oblinam in laj\u0161a pritisk na to\u010dke. Stabilnost zlo\u017eljivega kav\u010da zagotavlja varnost in zanesljivost, kar vam omogo\u010da dolgotrajno udobje in vzdr\u017eljivost.<\/li>\n<li>EDINSTVENA OBLIKA IN ENOSTAVNO \u010cI\u0160\u010cENJE: Ta kav\u010d ni le udoben, ampak ga je tudi enostavno vzdr\u017eevati. Nevidna zadrga omogo\u010da enostavno odstranitev in \u010di\u0161\u010denje, kar ohranja kav\u010d urejen. Omogo\u010da vam udobno u\u017eivanje v prostem \u010dasu.<\/li>\n<li>IDEALNA VELIKOST ZA UDOBJE: Na\u0161 zlo\u017eljivi kav\u010d meri 190 * 76 * 55 cm, kar je idealna velikost za naslanja\u010d, poleg tega pa je enostaven za shranjevanje in prihranek prostora.<\/li>\n<\/ul>","protected":false},"featured_media":3492,"comment_status":"open","ping_status":"closed","template":"","meta":[],"product_brand":[],"product_cat":[228],"product_tag":[],"class_list":{"0":"post-3508","1":"product","2":"type-product","3":"status-publish","4":"has-post-thumbnail","6":"product_cat-cushions","8":"first","9":"outofstock","10":"shipping-taxable","11":"purchasable","12":"product-type-simple"},"_links":{"self":[{"href":"https:\/\/www.largepillow.com\/sl\/wp-json\/wp\/v2\/product\/3508","targetHints":{"allow":["GET"]}}],"collection":[{"href":"https:\/\/www.largepillow.com\/sl\/wp-json\/wp\/v2\/product"}],"about":[{"href":"https:\/\/www.largepillow.com\/sl\/wp-json\/wp\/v2\/types\/product"}],"replies":[{"embeddable":true,"href":"https:\/\/www.largepillow.com\/sl\/wp-json\/wp\/v2\/comments?post=3508"}],"wp:featuredmedia":[{"embeddable":true,"href":"https:\/\/www.largepillow.com\/sl\/wp-json\/wp\/v2\/media\/3492"}],"wp:attachment":[{"href":"https:\/\/www.largepillow.com\/sl\/wp-json\/wp\/v2\/media?parent=3508"}],"wp:term":[{"taxonomy":"product_brand","embeddable":true,"href":"https:\/\/www.largepillow.com\/sl\/wp-json\/wp\/v2\/product_brand?post=3508"},{"taxonomy":"product_cat","embeddable":true,"href":"https:\/\/www.largepillow.com\/sl\/wp-json\/wp\/v2\/product_cat?post=3508"},{"taxonomy":"product_tag","embeddable":true,"href":"https:\/\/www.largepillow.com\/sl\/wp-json\/wp\/v2\/product_tag?post=3508"}],"curies":[{"name":"wp","href":"https:\/\/api.w.org\/{rel}","templated":true}]}}