{"id":3516,"date":"2024-07-25T03:42:01","date_gmt":"2024-07-25T03:42:01","guid":{"rendered":"https:\/\/www.largepillow.com\/product\/ear-piercing-pillow-for-side-sleepers-memory-foam-with-holes"},"modified":"2026-04-06T12:03:16","modified_gmt":"2026-04-06T12:03:16","slug":"blazina-za-prebadanje-uses-za-spanje-na-boku-iz-spominske-pene-z-luknjami","status":"publish","type":"product","link":"https:\/\/www.largepillow.com\/sl\/product\/ear-piercing-pillow-for-side-sleepers-memory-foam-with-holes","title":{"rendered":"Blazina za prebadanje u\u0161es iz spominske pene z luknjami za spanje na boku"},"content":{"rendered":"[zc_getpagecontent mb=&#8221;mb_aplus&#8221; apid=&#8221;65&#8243;]\n","protected":false},"excerpt":{"rendered":"<ul>\n<li><strong>Podrobnosti o velikosti:<\/strong> Premer u\u0161esne blazinice je pribli\u017eno 54 * 35 * 10 cm v dol\u017eino, \u0161irino in debelino, notranji premer u\u0161esne odprtine je pribli\u017eno 15 * 10 cm v dol\u017eino in \u0161irino, dve veliki odprtini pa pomenita ve\u010dje udobje, na\u0161a blazina skoraj ne pritiska na u\u0161esa, omogo\u010da, da se va\u0161 vrat in glava popolnoma sprostita ter odpravita napetost in stres, tako da lahko hitro zaspite, hkrati pa je dovolj velika, da vanjo namestite slu\u0161alke za dodatno udobje in udobje.<\/li>\n<li><strong>Popolno udobje za u\u0161esa:<\/strong> Blazina za prebadanje u\u0161es je izdelana iz spominske pene, ki je mehka in nudi dobre podporne lastnosti, kar omogo\u010da spanje kot na oblaku. Prevleka za blazino je izdelana iz zra\u010dno plastnega bomba\u017enega blaga, ki je mehko, zra\u010dno in hladilno. Vsi materiali so prijazni do ko\u017ee in varni, zato se boste zjutraj zbudili s sijo\u010dim obrazom.<\/li>\n<li><strong>Laj\u0161anje bole\u010din v u\u0161esih:<\/strong> Blazina za prebadanje u\u0161es je zelo koristna za laj\u0161anje bole\u010din v u\u0161esih med spanjem. Ko imate prebadano uho ali po\u0161kodbo u\u0161esa. Ko ste navajeni nositi \u010depke za u\u0161esa ali slu\u0161alke med spanjem, dale\u010d stran od hrupa ali smr\u010danja va\u0161ega partnerja, je ta blazina za u\u0161esno luknjo posebno presene\u010denje za vas, saj vam omogo\u010da miren spanec ali zaspati ob glasbi brez bole\u010din v u\u0161esih.<\/li>\n<li><strong>Vsestranska zasnova:<\/strong> Bo\u010dni del blazine za spanje z dvojno odprtino za u\u0161esa za tiste, ki spijo na boku in nosijo piercing v u\u0161esih ter slu\u0161alke, pomaga laj\u0161ati bole\u010dine v u\u0161esih. Hrbtni del za spanje podpira va\u0161 vrat za sladek spanec vso no\u010d. Ukrivljena oblika za bolj ergonomsko prileganje vratu in ramenom, majhna odprtina na sredini blazine pa se popolnoma prilega va\u0161im u\u0161esom in vam zagotavlja prijeten spanec.<\/li>\n<li><strong>\u0160iroka uporaba:<\/strong> Blazina za prebadanje u\u0161es je ve\u010d kot le blazina; je celovita re\u0161itev. Velika odprtina za uho udobno sprejme uhane, slu\u0161ne aparate, u\u0161esne \u010depke z odpravljanjem \u0161umov in slu\u0161alke, zaradi \u010desar je idealna izbira za tiste z razli\u010dnimi potrebami, povezanimi z u\u0161esi.<\/li>\n<\/ul>","protected":false},"featured_media":3509,"comment_status":"open","ping_status":"closed","template":"","meta":[],"product_brand":[],"product_cat":[228],"product_tag":[],"class_list":{"0":"post-3516","1":"product","2":"type-product","3":"status-publish","4":"has-post-thumbnail","6":"product_cat-cushions","8":"first","9":"instock","10":"shipping-taxable","11":"purchasable","12":"product-type-simple"},"_links":{"self":[{"href":"https:\/\/www.largepillow.com\/sl\/wp-json\/wp\/v2\/product\/3516","targetHints":{"allow":["GET"]}}],"collection":[{"href":"https:\/\/www.largepillow.com\/sl\/wp-json\/wp\/v2\/product"}],"about":[{"href":"https:\/\/www.largepillow.com\/sl\/wp-json\/wp\/v2\/types\/product"}],"replies":[{"embeddable":true,"href":"https:\/\/www.largepillow.com\/sl\/wp-json\/wp\/v2\/comments?post=3516"}],"wp:featuredmedia":[{"embeddable":true,"href":"https:\/\/www.largepillow.com\/sl\/wp-json\/wp\/v2\/media\/3509"}],"wp:attachment":[{"href":"https:\/\/www.largepillow.com\/sl\/wp-json\/wp\/v2\/media?parent=3516"}],"wp:term":[{"taxonomy":"product_brand","embeddable":true,"href":"https:\/\/www.largepillow.com\/sl\/wp-json\/wp\/v2\/product_brand?post=3516"},{"taxonomy":"product_cat","embeddable":true,"href":"https:\/\/www.largepillow.com\/sl\/wp-json\/wp\/v2\/product_cat?post=3516"},{"taxonomy":"product_tag","embeddable":true,"href":"https:\/\/www.largepillow.com\/sl\/wp-json\/wp\/v2\/product_tag?post=3516"}],"curies":[{"name":"wp","href":"https:\/\/api.w.org\/{rel}","templated":true}]}}