{"id":3541,"date":"2024-07-25T04:17:47","date_gmt":"2024-07-25T04:17:47","guid":{"rendered":"https:\/\/www.largepillow.com\/product\/dog-car-seat-and-pet-carrier-for-small-and-medium-dogs"},"modified":"2024-12-04T22:51:12","modified_gmt":"2024-12-04T22:51:12","slug":"avtosedez-in-transporter-za-male-in-srednje-pse","status":"publish","type":"product","link":"https:\/\/www.largepillow.com\/sl\/product\/dog-car-seat-and-pet-carrier-for-small-and-medium-dogs","title":{"rendered":"Pasji avtosede\u017e in transporter za male in srednje velike pse"},"content":{"rendered":"[zc_getpagecontent mb=&#8221;mb_aplus&#8221; apid=&#8221;63&#8243;]\n","protected":false},"excerpt":{"rendered":"<ul>\n<li><strong>Avtosede\u017e za pse za vo\u017enjo:<\/strong> Avtosede\u017e za majhne pse daje prednost varnosti. Varnostni pas trdno dr\u017ei prenosni avtosede\u017e na mestu in prepre\u010duje, da bi drsel po avtomobilu. Va\u0161 ljubljen\u010dek vas med vo\u017enjo ne bo motil. Nastavljivi trakovi so primerni za ve\u010dino avtomobilov, osebnih avtomobilov in \u0161portnih terencev. Kavlji za pas dodajo dodatno plast varnosti, ki prepre\u010dujejo, da bi va\u0161 ljubljen\u010dek sko\u010dil ven.<\/li>\n<li><strong>Ve\u010dnamenska zasnova 3 v 1:<\/strong> Torba za hi\u0161ne ljubljen\u010dke ni le prevoznik za hi\u0161ne ljubljen\u010dke, temve\u010d tudi udobna postelja za hi\u0161ne ljubljen\u010dke in pasji avtosede\u017e! Preprosto zlo\u017eite ve\u010dnamensko zasnovo in jo spremenite v udobno posteljo za hi\u0161ne ljubljen\u010dke.<\/li>\n<li><strong>Mehka transportna torba za pse:<\/strong> Ta mehka transportna torba za pse z dimenzijami 45 * 30 * 34 cm (D x \u0160 x V) je zasnovana za majhne do srednje velike pse ali velike ma\u010dke. Je lahka in prenosna za potovanja, sprehode in trening. Prilo\u017eena podloga zagotavlja maksimalno udobje.<\/li>\n<li><strong>Izvrsten dizajn:<\/strong> Prenosnik za srednje velike pse je luksuzne zasnove, izdelane posebej za majhne hi\u0161ne ljubljen\u010dke, kot so ma\u010dke in psi. Ro\u010daj iz umetnega usnja te ma\u010dje torbe za prena\u0161anje poudarja modni element te mehke ma\u010dje torbe za prena\u0161anje.<\/li>\n<li><strong>Dvostranska blazina:<\/strong> Ta transporter za srednje velike pse ima na eni strani pli\u0161asto tkanino, na drugi pa zra\u010den material. Ta transporter za ma\u010dke se lahko prilagodi letnemu \u010dasu in vremenu.<\/li>\n<li><strong>Prakti\u010dno in ve\u010dnamensko:<\/strong> Poleg tega, da slu\u017ei kot torba za prena\u0161anje majhnih psov na prostem, lahko ta torba za prena\u0161anje mladi\u010dkov za majhne pse slu\u017ei tudi kot avtosede\u017e za majhne pse, ki zagotavlja udoben prostor za hi\u0161ne ljubljen\u010dke med nakupovanjem, potovanjem ali celo med vo\u017enjo z avtomobilom.<\/li>\n<li><strong>Visokokakovosten material:<\/strong> Uporaba udobne, zra\u010dne tkanine in trdnega podpornega PP bomba\u017enega polnila te torbice za prena\u0161anje psov za majhne pse ne le daje elegantno strukturo in pridih torbi, temve\u010d zagotavlja tudi njeno udobje.<\/li>\n<li><strong>Idealno darilo:<\/strong> Torbica za mladi\u010dke za majhne pse va\u0161im ljubljen\u010dkom nudi udobje doma med aktivnostmi na prostem. Je zelo prakti\u010dna za izlete, nakupovanje, obiske veterinarja ali sprehode.<\/li>\n<li><strong>Navodila za nego:<\/strong> Preprosto lo\u010dite blazino od vre\u010dke in jo dajte v pralni stroj, konec zlomljenih zadrg pri odstranjevanju pregrinjala, blazina je dvostranska in snemljiva, zato lahko dodate najljub\u0161o posteljnino svojega psa.<\/li>\n<li><strong>Opomba:<\/strong> Podloga za avto za hi\u0161ne ljubljen\u010dke je pakirana v vakuumsko stisnjeno embala\u017eo, zato se lahko ob odprtju nekoliko deformira, kar je normalno in ne predstavlja te\u017eave s kakovostjo.<\/li>\n<\/ul>","protected":false},"featured_media":3527,"comment_status":"open","ping_status":"closed","template":"","meta":[],"product_brand":[],"product_cat":[227],"product_tag":[],"class_list":{"0":"post-3541","1":"product","2":"type-product","3":"status-publish","4":"has-post-thumbnail","6":"product_cat-pet-supplies","8":"first","9":"outofstock","10":"shipping-taxable","11":"purchasable","12":"product-type-simple"},"_links":{"self":[{"href":"https:\/\/www.largepillow.com\/sl\/wp-json\/wp\/v2\/product\/3541","targetHints":{"allow":["GET"]}}],"collection":[{"href":"https:\/\/www.largepillow.com\/sl\/wp-json\/wp\/v2\/product"}],"about":[{"href":"https:\/\/www.largepillow.com\/sl\/wp-json\/wp\/v2\/types\/product"}],"replies":[{"embeddable":true,"href":"https:\/\/www.largepillow.com\/sl\/wp-json\/wp\/v2\/comments?post=3541"}],"wp:featuredmedia":[{"embeddable":true,"href":"https:\/\/www.largepillow.com\/sl\/wp-json\/wp\/v2\/media\/3527"}],"wp:attachment":[{"href":"https:\/\/www.largepillow.com\/sl\/wp-json\/wp\/v2\/media?parent=3541"}],"wp:term":[{"taxonomy":"product_brand","embeddable":true,"href":"https:\/\/www.largepillow.com\/sl\/wp-json\/wp\/v2\/product_brand?post=3541"},{"taxonomy":"product_cat","embeddable":true,"href":"https:\/\/www.largepillow.com\/sl\/wp-json\/wp\/v2\/product_cat?post=3541"},{"taxonomy":"product_tag","embeddable":true,"href":"https:\/\/www.largepillow.com\/sl\/wp-json\/wp\/v2\/product_tag?post=3541"}],"curies":[{"name":"wp","href":"https:\/\/api.w.org\/{rel}","templated":true}]}}