{"id":3741,"date":"2024-09-03T04:01:58","date_gmt":"2024-09-03T04:01:58","guid":{"rendered":"https:\/\/www.largepillow.com\/product\/3d-planet-throw-pillows-solar-system-decor-soft-cushion-jupiter"},"modified":"2025-11-20T13:38:59","modified_gmt":"2025-11-20T13:38:59","slug":"3d-okrasne-blazine-za-planete-dekoracija-soncnega-sistema-mehka-blazina-jupiter","status":"publish","type":"product","link":"https:\/\/www.largepillow.com\/sl\/product\/3d-planet-throw-pillows-solar-system-decor-soft-cushion-jupiter","title":{"rendered":"3D okrasne blazine z motivom planetov, dekoracija son\u010dnega sistema, mehka blazina (Jupiter)"},"content":{"rendered":"","protected":false},"excerpt":{"rendered":"<ul>\n<li><strong>Oblikovanje s tematiko planetov:<\/strong>\u00a0Ustvarite edinstveno dekoracijo v svojem domu s temi blazinami z motivi son\u010dnega sistema, ki prikazujejo Sonce, Zemljo, Luno, Venero, Jupiter, Merkur, Mars, Saturn, Uran, Neptun in Pluton. Vsaka blazina ima edinstven planetarni dizajn, ki vam daje svobodo kombiniranja za personaliziran videz.<\/li>\n<li><strong>Prakti\u010dna talna blazina:<\/strong> Te okrasne blazine z motivom planeta se lahko uporabljajo kot vsestranski rekviziti v foto studiu ali kot udobne blazine za tla, okrasne blazine, blazine za kav\u010d, klinaste blazine in blazine za kav\u010d za okrasitev va\u0161ega doma, vrta in vrtca. Ponujajo udobno blazino za glavo ali hrbet, medtem ko se spro\u0161\u010date in odklopujete, zaradi \u010desar so idealne za uporabo kot dekorativni poudarek ali kot dodatno sedenje. Odli\u010dne so tudi za jogo ali meditacijo.<\/li>\n<li><strong>Dekorativna talna blazina:<\/strong> Te blazine z motivom planeta so idealne za dodajanje pridiha elegance in udobja va\u0161i spalnici, dnevni sobi ali kateremu koli drugemu prostoru v va\u0161em domu. \u017divahne barve in edinstveni dizajni jih naredijo za povod za pogovor, poleg tega pa jih je mogo\u010de enostavno kombinirati z drugimi okrasnimi predmeti za celovit videz. Z me\u0161anjem in kombiniranjem razli\u010dnih stilov lahko ustvarite dekor po meri, ki odra\u017ea va\u0161o osebnost in slog.<\/li>\n<li><strong>Kot darilo:<\/strong> Blazina z motivom planetov je odli\u010dno darilo za vse, ki imajo radi vesolje, astronomijo ali znanost. Popolna je za otroke, najstnike, \u0161tudente ali odrasle, ki \u017eelijo v svojo sobo dodati zabaven in funkcionalen predmet. Lahko jo podarite tudi ob posebnih prilo\u017enostih, kot so rojstni dnevi, bo\u017ei\u010d ali diploma.<\/li>\n<li><strong>Navodila za pranje:<\/strong> Blazina Planet je izdelana iz visokokakovostne debele \u017eametne tkanine, ki zagotavlja vzdr\u017eljivost in kakovost. Ima zadrgo za enostavno \u010di\u0161\u010denje, zaradi \u010desar je vzdr\u017eevanje izjemno preprosto. Polnilo je iz poliestra 100% za izjemno raztegljivost. Pranje v pralnem stroju s hladno vodo, samo v ne\u017enem programu, ne beliti, su\u0161enje v su\u0161ilnem stroju pri nizki temperaturi, po potrebi su\u0161enje v su\u0161ilnem stroju pri nizki temperaturi. Ko\u017ei prijazna in mehka tkanina bo najbolj\u0161a izbira za dru\u017eino, prijatelje in otroke.<\/li>\n<li><strong>Velikost:<\/strong>\u00a0Velika (16 \u00d7 16 palcev | 41 \u00d7 41 cm), Srednja (10 \u00d7 10 palcev | 25 \u00d7 25 cm)<\/li>\n<\/ul>","protected":false},"featured_media":3734,"comment_status":"open","ping_status":"closed","template":"","meta":[],"product_brand":[],"product_cat":[231],"product_tag":[],"class_list":{"0":"post-3741","1":"product","2":"type-product","3":"status-publish","4":"has-post-thumbnail","6":"product_cat-throw-pillows","8":"first","9":"instock","10":"shipping-taxable","11":"purchasable","12":"product-type-variable","13":"has-default-attributes"},"_links":{"self":[{"href":"https:\/\/www.largepillow.com\/sl\/wp-json\/wp\/v2\/product\/3741","targetHints":{"allow":["GET"]}}],"collection":[{"href":"https:\/\/www.largepillow.com\/sl\/wp-json\/wp\/v2\/product"}],"about":[{"href":"https:\/\/www.largepillow.com\/sl\/wp-json\/wp\/v2\/types\/product"}],"replies":[{"embeddable":true,"href":"https:\/\/www.largepillow.com\/sl\/wp-json\/wp\/v2\/comments?post=3741"}],"wp:featuredmedia":[{"embeddable":true,"href":"https:\/\/www.largepillow.com\/sl\/wp-json\/wp\/v2\/media\/3734"}],"wp:attachment":[{"href":"https:\/\/www.largepillow.com\/sl\/wp-json\/wp\/v2\/media?parent=3741"}],"wp:term":[{"taxonomy":"product_brand","embeddable":true,"href":"https:\/\/www.largepillow.com\/sl\/wp-json\/wp\/v2\/product_brand?post=3741"},{"taxonomy":"product_cat","embeddable":true,"href":"https:\/\/www.largepillow.com\/sl\/wp-json\/wp\/v2\/product_cat?post=3741"},{"taxonomy":"product_tag","embeddable":true,"href":"https:\/\/www.largepillow.com\/sl\/wp-json\/wp\/v2\/product_tag?post=3741"}],"curies":[{"name":"wp","href":"https:\/\/api.w.org\/{rel}","templated":true}]}}