{"id":3792,"date":"2024-09-03T04:31:56","date_gmt":"2024-09-03T04:31:56","guid":{"rendered":"https:\/\/www.largepillow.com\/product\/y-shaped-reading-pillow-with-arm-rests-memory-foam-support"},"modified":"2025-05-05T18:57:03","modified_gmt":"2025-05-05T18:57:03","slug":"bralna-blazina-v-obliki-crke-y-z-nasloni-za-roke-in-oporo-iz-spominske-pene","status":"publish","type":"product","link":"https:\/\/www.largepillow.com\/sl\/product\/y-shaped-reading-pillow-with-arm-rests-memory-foam-support","title":{"rendered":"Bralna blazina v obliki \u010drke Y z nasloni za roke in oporo iz spominske pene"},"content":{"rendered":"[zc_getpagecontent mb=&#8221;mb_aplus&#8221; apid=&#8221;87&#8243;]\n","protected":false},"excerpt":{"rendered":"<ul>\n<li><strong>Inovativna zasnova:<\/strong> Novo nadgrajena bralna blazina v obliki \u010drke Y za odrasle v postelji ima inovativno zasnovo, ki osnovnim funkcijam doda \u0161e funkcijo le\u017ee\u010dega polo\u017eaja. Namestili smo prostor za roke, ki omogo\u010da, da ko le\u017eite na njej, va\u0161e roke potegnete skozi bralno blazino. Ne glede na to, ali berete, se u\u010dite ali se igrate z mobilnim telefonom, se bodo va\u0161e roke sprostile, nelagodje v vratu pa bo zmanj\u0161ano. Kadar koli lahko preklopite v udoben polo\u017eaj.<\/li>\n<li><strong>Maksimalno udobje:<\/strong> Ukrivljena oblika te blazine za podporo hrbta se prilagaja naravnim krivuljam va\u0161ega telesa in zagotavlja izjemno udobje ter oporo za hrbet, pas in vrat. Ne glede na to, ali berete, gledate televizijo ali delate, ta blazina zagotavlja udobnej\u0161o izku\u0161njo.<\/li>\n<li><strong>Ve\u010dnamenska podpora:<\/strong> Ta vsestranska blazina nudi celovito oporo za va\u0161 vrat, hrbet, pas in noge. Uporablja se lahko kot oporna blazina za hrbet, blazina za obraz navzdol, blazina za posteljo in blazina za noge, zaradi \u010desar je odli\u010dna izbira za razli\u010dne dejavnosti in zdravstvene potrebe.<\/li>\n<li><strong>Vrhunski materiali:<\/strong> Ta vzglavnik, izdelan iz visoko gostote spominske pene s po\u010dasnim odbojem, zagotavlja stabilno oporo, hkrati pa ohranja svojo prvotno obliko in gostoto. Po stiskanju med po\u0161iljanjem bo ponovno pridobil svojo polno obliko v 24\u201348 urah.<\/li>\n<li><strong>Enostavno \u010di\u0161\u010denje:<\/strong> Snemljiva prevleka za vzglavnik je izdelana iz mehke, udobne tkanine z mre\u017easto povr\u0161ino, zaradi \u010desar je trpe\u017ena in enostavna za \u010di\u0161\u010denje. Preprosto odprite zadrgo prevleke za vzglavnik in jo odstranite iz vzglavnika iz spominske pene, ko ga je treba oprati.<\/li>\n<\/ul>","protected":false},"featured_media":3784,"comment_status":"open","ping_status":"closed","template":"","meta":[],"product_brand":[],"product_cat":[228],"product_tag":[],"class_list":{"0":"post-3792","1":"product","2":"type-product","3":"status-publish","4":"has-post-thumbnail","6":"product_cat-cushions","8":"first","9":"instock","10":"shipping-taxable","11":"purchasable","12":"product-type-variable","13":"has-default-attributes"},"_links":{"self":[{"href":"https:\/\/www.largepillow.com\/sl\/wp-json\/wp\/v2\/product\/3792","targetHints":{"allow":["GET"]}}],"collection":[{"href":"https:\/\/www.largepillow.com\/sl\/wp-json\/wp\/v2\/product"}],"about":[{"href":"https:\/\/www.largepillow.com\/sl\/wp-json\/wp\/v2\/types\/product"}],"replies":[{"embeddable":true,"href":"https:\/\/www.largepillow.com\/sl\/wp-json\/wp\/v2\/comments?post=3792"}],"wp:featuredmedia":[{"embeddable":true,"href":"https:\/\/www.largepillow.com\/sl\/wp-json\/wp\/v2\/media\/3784"}],"wp:attachment":[{"href":"https:\/\/www.largepillow.com\/sl\/wp-json\/wp\/v2\/media?parent=3792"}],"wp:term":[{"taxonomy":"product_brand","embeddable":true,"href":"https:\/\/www.largepillow.com\/sl\/wp-json\/wp\/v2\/product_brand?post=3792"},{"taxonomy":"product_cat","embeddable":true,"href":"https:\/\/www.largepillow.com\/sl\/wp-json\/wp\/v2\/product_cat?post=3792"},{"taxonomy":"product_tag","embeddable":true,"href":"https:\/\/www.largepillow.com\/sl\/wp-json\/wp\/v2\/product_tag?post=3792"}],"curies":[{"name":"wp","href":"https:\/\/api.w.org\/{rel}","templated":true}]}}