{"id":3816,"date":"2024-09-04T02:42:30","date_gmt":"2024-09-04T02:42:30","guid":{"rendered":"https:\/\/www.largepillow.com\/product\/office-chair-back-support-ergonomic-lumbar-pillow-3d-mesh"},"modified":"2025-03-15T17:25:00","modified_gmt":"2025-03-15T17:25:00","slug":"ergonomska-ledvena-blazina-za-podporo-pisarniskega-stola-iz-3d-mreze","status":"publish","type":"product","link":"https:\/\/www.largepillow.com\/sl\/product\/office-chair-back-support-ergonomic-lumbar-pillow-3d-mesh","title":{"rendered":"Podpora za hrbet pisarni\u0161kega stola, ergonomska ledvena blazina, 3D mre\u017ea"},"content":{"rendered":"[zc_getpagecontent mb=&#8221;mb_aplus&#8221; apid=&#8221;83&#8243;]\n","protected":false},"excerpt":{"rendered":"<ul>\n<li><strong>Kakovosten material:<\/strong> Hrbetna blazina na\u0161ega pisarni\u0161kega stola je izdelana iz zra\u010dne tkanine in polnjena s PP bomba\u017eem, ki je zra\u010den, mehak in udoben, debel in poln ter se ne deformira. Ta blazina dobro ohranja kro\u017eenje zraka, ohranja va\u0161 hrbet ves \u010das hladen in udoben ter zagotavlja dobro oporo za hrbet.<\/li>\n<li><strong>Ergonomska zasnova hrbtne opore:<\/strong>\u00a0Ledvena oporna blazina je ergonomsko zasnovana za laj\u0161anje bole\u010din ali zategnjenosti v zgornjem, srednjem in spodnjem delu hrbta, zagotavlja udobno oporo za zdravo dr\u017eo pri sedenju in zmanj\u0161uje pritisk na hrbtenico. \u010ce dolgo \u010dasa sedite na pisarni\u0161kem stolu, igralnem stolu, mizi ali ra\u010dunalni\u0161kem stolu ali se vozite v avtomobilu ali tovornjaku, vam bo ta blazina za hrbet avtomobilskega sede\u017ea zelo v pomo\u010d.<\/li>\n<li><strong>Podpira celoten hrbet:<\/strong> Ledvena oporna blazina meri 21,6\u2033x14,2\u2033 v vi\u0161ino in \u0161irino. Raz\u0161irjene in odebeljene stranice v celoti ovijejo celoten pas in hrbet ter podpirajo va\u0161o zadnjico. Osrednja izboklina se popolnoma prilega naravni krivulji va\u0161ega hrbta in zagotavlja dodatno oporo hrbtenici. Ergonomsko oblikovana ledvena blazina bo u\u010dinkovito laj\u0161ala bole\u010dine v hrbtu in izbolj\u0161ala va\u0161o dr\u017eo med sedenjem.<\/li>\n<li><strong>Nastavljiva zasnova traku:<\/strong> Na\u0161e ortopedsko naslonjalo z nastavljivim elasti\u010dnim trakom zagotavlja, da hrbtne blazine ostanejo na sede\u017eu brez drsenja ali premikanja. Na\u0161e hrbtne blazine imajo oblikovano krivuljo in 3D obliko, ki objema pas, kar zagotavlja neprekinjeno oporo hrbtu. Nastavljiv trak omogo\u010da, da se naslonjalo popolnoma prilega skoraj vsakemu pisarni\u0161kemu stolu, ra\u010dunalni\u0161kemu stolu, naslanja\u010du, kav\u010du, avtomobilskemu sede\u017eu, tovornjaku, invalidskemu vozi\u010dku ali naslanja\u010du.<\/li>\n<li><strong>Za\u0161\u010ditite svoje zdravje:<\/strong> Z na\u0161o ledveno oporno blazino lahko bolje za\u0161\u010ditite svojo hrbtenico, opora za hrbet pisarni\u0161kega stola pa pomaga laj\u0161ati napetost v spodnjem in srednjem delu hrbta, ki jo povzro\u010da dolgotrajno sedenje ali vo\u017enja. \u010ce pogosto ob\u010dutite bole\u010dine v hrbtu zaradi dolgotrajnega sedenja, vsekakor poskusite z naslonjalom za pisarni\u0161ki stol.<\/li>\n<\/ul>","protected":false},"featured_media":3809,"comment_status":"open","ping_status":"closed","template":"","meta":[],"product_brand":[],"product_cat":[228],"product_tag":[],"class_list":{"0":"post-3816","1":"product","2":"type-product","3":"status-publish","4":"has-post-thumbnail","6":"product_cat-cushions","8":"first","9":"outofstock","10":"shipping-taxable","11":"purchasable","12":"product-type-simple"},"_links":{"self":[{"href":"https:\/\/www.largepillow.com\/sl\/wp-json\/wp\/v2\/product\/3816","targetHints":{"allow":["GET"]}}],"collection":[{"href":"https:\/\/www.largepillow.com\/sl\/wp-json\/wp\/v2\/product"}],"about":[{"href":"https:\/\/www.largepillow.com\/sl\/wp-json\/wp\/v2\/types\/product"}],"replies":[{"embeddable":true,"href":"https:\/\/www.largepillow.com\/sl\/wp-json\/wp\/v2\/comments?post=3816"}],"wp:featuredmedia":[{"embeddable":true,"href":"https:\/\/www.largepillow.com\/sl\/wp-json\/wp\/v2\/media\/3809"}],"wp:attachment":[{"href":"https:\/\/www.largepillow.com\/sl\/wp-json\/wp\/v2\/media?parent=3816"}],"wp:term":[{"taxonomy":"product_brand","embeddable":true,"href":"https:\/\/www.largepillow.com\/sl\/wp-json\/wp\/v2\/product_brand?post=3816"},{"taxonomy":"product_cat","embeddable":true,"href":"https:\/\/www.largepillow.com\/sl\/wp-json\/wp\/v2\/product_cat?post=3816"},{"taxonomy":"product_tag","embeddable":true,"href":"https:\/\/www.largepillow.com\/sl\/wp-json\/wp\/v2\/product_tag?post=3816"}],"curies":[{"name":"wp","href":"https:\/\/api.w.org\/{rel}","templated":true}]}}