{"id":4025,"date":"2024-09-05T04:32:23","date_gmt":"2024-09-05T04:32:23","guid":{"rendered":"https:\/\/www.largepillow.com\/product\/large-wedge-reading-pillow-for-bed-daybed-bolster-backrest-black"},"modified":"2025-03-02T11:48:52","modified_gmt":"2025-03-02T11:48:52","slug":"velika-klinasta-bralna-blazina-za-posteljo-naslonjalo-za-dnevno-posteljo-crna","status":"publish","type":"product","link":"https:\/\/www.largepillow.com\/sl\/product\/large-wedge-reading-pillow-for-bed-daybed-bolster-backrest-black","title":{"rendered":"Velika klinasta bralna blazina za posteljo, dnevno posteljo, naslonjalo za hrbet, \u010drna"},"content":{"rendered":"","protected":false},"excerpt":{"rendered":"<ul>\n<li>Vrhunsko udobje: Ta vzglavnik XL ponuja odli\u010dno udobje zaradi svoje trikotne oblike. Blazina za podporo postelje se lepo prilega hrbtu in pasu ter zmanj\u0161uje pritisk na ledveni del\/hrbet. Ta klinasta bralna blazina vam pomaga, da ostanete brez napetosti v postelji ali na kav\u010du, kar je idealno za no\u010dne ptice, knji\u017ene molje in gledanje televizije v postelji. Ta ekstra velika blazina za podporo je edina klinasta vzglavnik, ki lahko sprejme dve osebi.<\/li>\n<li>3 v 1 velika blazina za vzglavje: Blazino lahko uporabite pokonci kot vzglavje za oporo hrbta med sedenjem v postelji ali pa jo polo\u017eite ravno na posteljo in jo uporabite kot veliko klinasto blazino med spanjem na hrbtu ali boku ali kot blazino za noge, da dvignete noge. \u010ce \u017eelite veliko vzglavje, ki nudi oporo vam in va\u0161emu zakoncu, je to odli\u010dna alternativa.<\/li>\n<li>Ve\u010dnamenska zasnova: Nekateri uporabljajo veliko trikotno blazino kot vzglavje postelje, drugi pa jo uporabljajo kot odbija\u010d, lahko pa slu\u017ei tudi kot opora za hrbet kav\u010da ali postelje. Je elegantna in funkcionalna, zaradi \u010desar je odli\u010den dodatek k vsaki spalnici.<\/li>\n<li>Vrhunska izdelava: Prevleka za vzglavnik je iz \u017eametnega videza, sestava pa je poliester 100%. Na\u0161a vzglavna blazina je zra\u010dna in dovolj udobna, da ohrani svojo obliko in je s\u010dasoma ne izgubi. Stranski \u017eep na vsaki strani omogo\u010da, da vanjo spravite knjigo ali telefon.<\/li>\n<li>Enostavno pranje: Prevleka za bralno blazino je pritrjena na blazino z gumbi in jo je enostavno odstraniti z zadrgo. Zaradi tega je \u010di\u0161\u010denje brez te\u017eav. Preprosto odstranite prevleko in jo na hitro operite v pralnem stroju, da bo va\u0161a blazina videti kot nova.<\/li>\n<li><strong>Velikost:<\/strong> 60 cm (60*20*50 cm, 2 gumba), 80 cm (80*20*50 cm, 2 gumba), 100 cm (100*20*50 cm, 3 gumbi), 120 cm (120*20*50 cm, 4 gumbi), 140 cm (140*20*50 cm, 4 gumbi), 160 cm (160*20*50 cm, 5 gumbov), 180 cm (180*20*50 cm, 6 gumbov), 200 cm (200*20*50 cm, 7 gumbov)<\/li>\n<\/ul>","protected":false},"featured_media":4009,"comment_status":"open","ping_status":"closed","template":"","meta":[],"product_brand":[],"product_cat":[15],"product_tag":[],"class_list":{"0":"post-4025","1":"product","2":"type-product","3":"status-publish","4":"has-post-thumbnail","6":"product_cat-large-wedge-pillow","8":"first","9":"instock","10":"shipping-taxable","11":"purchasable","12":"product-type-variable","13":"has-default-attributes"},"_links":{"self":[{"href":"https:\/\/www.largepillow.com\/sl\/wp-json\/wp\/v2\/product\/4025","targetHints":{"allow":["GET"]}}],"collection":[{"href":"https:\/\/www.largepillow.com\/sl\/wp-json\/wp\/v2\/product"}],"about":[{"href":"https:\/\/www.largepillow.com\/sl\/wp-json\/wp\/v2\/types\/product"}],"replies":[{"embeddable":true,"href":"https:\/\/www.largepillow.com\/sl\/wp-json\/wp\/v2\/comments?post=4025"}],"wp:featuredmedia":[{"embeddable":true,"href":"https:\/\/www.largepillow.com\/sl\/wp-json\/wp\/v2\/media\/4009"}],"wp:attachment":[{"href":"https:\/\/www.largepillow.com\/sl\/wp-json\/wp\/v2\/media?parent=4025"}],"wp:term":[{"taxonomy":"product_brand","embeddable":true,"href":"https:\/\/www.largepillow.com\/sl\/wp-json\/wp\/v2\/product_brand?post=4025"},{"taxonomy":"product_cat","embeddable":true,"href":"https:\/\/www.largepillow.com\/sl\/wp-json\/wp\/v2\/product_cat?post=4025"},{"taxonomy":"product_tag","embeddable":true,"href":"https:\/\/www.largepillow.com\/sl\/wp-json\/wp\/v2\/product_tag?post=4025"}],"curies":[{"name":"wp","href":"https:\/\/api.w.org\/{rel}","templated":true}]}}