{"id":4160,"date":"2024-09-12T03:12:48","date_gmt":"2024-09-12T03:12:48","guid":{"rendered":"https:\/\/www.largepillow.com\/product\/headboard-pillow-white-plush-large-wedge-reading-pillow"},"modified":"2025-08-27T10:53:28","modified_gmt":"2025-08-27T10:53:28","slug":"headboard-pillow-white-plush-large-wedge-reading-pillow","status":"publish","type":"product","link":"https:\/\/www.largepillow.com\/sl\/product\/headboard-pillow-white-plush-large-wedge-reading-pillow","title":{"rendered":"Vzglavna blazina iz belega pli\u0161astega velikega klinastega bralne blazine"},"content":{"rendered":"","protected":false},"excerpt":{"rendered":"<ul>\n<li><strong>VE\u010cNAMENSKOST:<\/strong> Na\u0161a klinasta zasnova vzglavja ni le vzglavnik, temve\u010d podpira razli\u010dne na\u010dine uporabe in je idealna opora za hrbet, dvig nog, branje, gledanje televizije in \u0161tevilne druge polo\u017eaje, ki ustrezajo va\u0161im \u0161tevilnim potrebam.<\/li>\n<li><strong>ERGONOMSKA OBLIKA:<\/strong> intimna nega, ergonomska domiselnost. Zagotavlja vam najudobnej\u0161o oporo, zmanj\u0161uje pritisk na vratna in ledvena vretenca, u\u017eivajte v vsakem trenutku udobja in prijetnosti.<\/li>\n<li><strong>UDOBNOST:<\/strong> Velika trikotna klinasta blazina je izdelana iz visokokakovostnih materialov in ob\u010dutljive tehnologije obdelave, ki zagotavlja mehkobo in udobje klinaste blazine za glavo, tako da lahko u\u017eivate v intimnem prileganju, toplem in udobnem ob\u010dutku.<\/li>\n<li><strong>MATERIAL:<\/strong> Blazine za hrbet postelje so izdelane iz visokokakovostnih tkanin, mehkih in prijaznih do ko\u017ee, odpornih proti gubam in obrabi, kar zagotavlja udoben dotik in odli\u010dno zra\u010dnost, zaradi \u010desar ste suhi in udobni.<\/li>\n<li><strong>ENOSTAVNO \u010cI\u0160\u010cENJE:<\/strong> Vzglavnik v obliki klina ima snemljivo in pralno prevleko za enostavno vzdr\u017eevanje, tako da boste vedno imeli sve\u017ee in urejeno okolje za po\u010ditek.<\/li>\n<li><strong>Velikost:<\/strong> 60cm (60*20*50cm),80cm (80*20*50cm),100cm (100*20*50cm),120cm (120*20*50cm),140cm (140*20*50cm),160cm (160*20*50cm),180cm (180*20*50cm),200cm (200*20*50cm)<\/li>\n<\/ul>","protected":false},"featured_media":4148,"comment_status":"open","ping_status":"closed","template":"","meta":[],"product_brand":[],"product_cat":[15],"product_tag":[],"class_list":{"0":"post-4160","1":"product","2":"type-product","3":"status-publish","4":"has-post-thumbnail","6":"product_cat-large-wedge-pillow","8":"first","9":"instock","10":"shipping-taxable","11":"purchasable","12":"product-type-variable","13":"has-default-attributes"},"_links":{"self":[{"href":"https:\/\/www.largepillow.com\/sl\/wp-json\/wp\/v2\/product\/4160","targetHints":{"allow":["GET"]}}],"collection":[{"href":"https:\/\/www.largepillow.com\/sl\/wp-json\/wp\/v2\/product"}],"about":[{"href":"https:\/\/www.largepillow.com\/sl\/wp-json\/wp\/v2\/types\/product"}],"replies":[{"embeddable":true,"href":"https:\/\/www.largepillow.com\/sl\/wp-json\/wp\/v2\/comments?post=4160"}],"wp:featuredmedia":[{"embeddable":true,"href":"https:\/\/www.largepillow.com\/sl\/wp-json\/wp\/v2\/media\/4148"}],"wp:attachment":[{"href":"https:\/\/www.largepillow.com\/sl\/wp-json\/wp\/v2\/media?parent=4160"}],"wp:term":[{"taxonomy":"product_brand","embeddable":true,"href":"https:\/\/www.largepillow.com\/sl\/wp-json\/wp\/v2\/product_brand?post=4160"},{"taxonomy":"product_cat","embeddable":true,"href":"https:\/\/www.largepillow.com\/sl\/wp-json\/wp\/v2\/product_cat?post=4160"},{"taxonomy":"product_tag","embeddable":true,"href":"https:\/\/www.largepillow.com\/sl\/wp-json\/wp\/v2\/product_tag?post=4160"}],"curies":[{"name":"wp","href":"https:\/\/api.w.org\/{rel}","templated":true}]}}