{"id":4182,"date":"2024-09-12T03:55:25","date_gmt":"2024-09-12T03:55:25","guid":{"rendered":"https:\/\/www.largepillow.com\/product\/triangular-headboard-pillow-for-sleeping-with-side-pocket"},"modified":"2024-10-03T16:31:33","modified_gmt":"2024-10-03T16:31:33","slug":"trikotna-vzglavna-blazina-za-spanje-s-stranskim-zepom","status":"publish","type":"product","link":"https:\/\/www.largepillow.com\/sl\/product\/triangular-headboard-pillow-for-sleeping-with-side-pocket","title":{"rendered":"Trikotna vzglavna blazina za spanje s stranskim \u017eepom"},"content":{"rendered":"","protected":false},"excerpt":{"rendered":"<ul>\n<li><strong>Visokokakovostna izdelava:<\/strong> Da bi bile hrbtne blazine videti bolj popolne in harmoni\u010dne, je oblikovalec izbral okrasni gumb v isti barvi kot prevleka za blazino. Prevleka za blazino je gladka in trpe\u017ena, klinasta blazina pa mehka in elasti\u010dna. Na spodnjem delu je zadrga, polnilo iz bomba\u017ea pa je zapakirano v plast oblazinjenja. PP bomba\u017e lahko med uporabo dodate ali zmanj\u0161ate glede na svoj ob\u010dutek.<\/li>\n<li><strong>Material:<\/strong> Prevleka za vzglavnik s potiskom v obliki klina iz bomba\u017ea 100%. Polnilo je iz poliestrskih vlaken (PP bomba\u017e). Mehka na dotik, barvana na okolju prijazen na\u010din, se ne lu\u0161\u010di in ne bledi. Ne\u017eni potiski bolje okrasijo notranje okolje.<\/li>\n<li><strong>Funkcija:<\/strong>\u00a0Na\u0161e funkcionalne podporne blazine vam lahko nudijo oporo za hrbet med delom ali branjem, da se ne boste po\u010dutili tako utrujeni. Preprosto jih odnesite domov in va\u0161e obi\u010dajne zofe in postelje bodo postale \u0161e bolj prefinjene. Poleg tega lahko na\u0161a vzor\u010dasta pli\u0161asta vzglavna blazina doda sve\u017e in eleganten videz notranjim balkonom v dnevni sobi in zunanjim vrtnim stolom. Mobilne telefone ali druge vsakdanje potreb\u0161\u010dine lahko shranite v stranske \u017eepe blazin.<\/li>\n<li><strong>Velikost:<\/strong> 60 cm (60*20*50 cm), 140 cm (140*20*50 cm), 180 cm (180*20*50 cm)<\/li>\n<li>Upo\u0161tevajte, da gumbi niso odstranljivi in so trdno v\u0161iti v jedro blazine. Pod vsakim gumbom je luknja, ki je namenoma pu\u0161\u010dena zadaj, da je la\u017eje odstraniti prevleko blazine.<\/li>\n<\/ul>","protected":false},"featured_media":4169,"comment_status":"open","ping_status":"closed","template":"","meta":[],"product_brand":[],"product_cat":[15],"product_tag":[],"class_list":{"0":"post-4182","1":"product","2":"type-product","3":"status-publish","4":"has-post-thumbnail","6":"product_cat-large-wedge-pillow","8":"first","9":"instock","10":"shipping-taxable","11":"purchasable","12":"product-type-variable","13":"has-default-attributes"},"_links":{"self":[{"href":"https:\/\/www.largepillow.com\/sl\/wp-json\/wp\/v2\/product\/4182","targetHints":{"allow":["GET"]}}],"collection":[{"href":"https:\/\/www.largepillow.com\/sl\/wp-json\/wp\/v2\/product"}],"about":[{"href":"https:\/\/www.largepillow.com\/sl\/wp-json\/wp\/v2\/types\/product"}],"replies":[{"embeddable":true,"href":"https:\/\/www.largepillow.com\/sl\/wp-json\/wp\/v2\/comments?post=4182"}],"wp:featuredmedia":[{"embeddable":true,"href":"https:\/\/www.largepillow.com\/sl\/wp-json\/wp\/v2\/media\/4169"}],"wp:attachment":[{"href":"https:\/\/www.largepillow.com\/sl\/wp-json\/wp\/v2\/media?parent=4182"}],"wp:term":[{"taxonomy":"product_brand","embeddable":true,"href":"https:\/\/www.largepillow.com\/sl\/wp-json\/wp\/v2\/product_brand?post=4182"},{"taxonomy":"product_cat","embeddable":true,"href":"https:\/\/www.largepillow.com\/sl\/wp-json\/wp\/v2\/product_cat?post=4182"},{"taxonomy":"product_tag","embeddable":true,"href":"https:\/\/www.largepillow.com\/sl\/wp-json\/wp\/v2\/product_tag?post=4182"}],"curies":[{"name":"wp","href":"https:\/\/api.w.org\/{rel}","templated":true}]}}