{"id":4221,"date":"2024-09-13T00:46:56","date_gmt":"2024-09-13T00:46:56","guid":{"rendered":"https:\/\/www.largepillow.com\/product\/space-themed-backrest-cushion-for-kids-headboard-pillow-jupiter"},"modified":"2024-10-03T16:31:23","modified_gmt":"2024-10-03T16:31:23","slug":"vzglavna-blazina-za-hrbet-z-vesoljsko-tematiko-za-otroke-vzglavje-jupiter","status":"publish","type":"product","link":"https:\/\/www.largepillow.com\/sl\/product\/space-themed-backrest-cushion-for-kids-headboard-pillow-jupiter","title":{"rendered":"Blazina za hrbet z vesoljsko tematiko za otroke \u2013 vzglavna blazina (Jupiter)"},"content":{"rendered":"[zc_getpagecontent mb=&#8221;mb_aplus&#8221; apid=&#8221;90&#8243;]\n","protected":false},"excerpt":{"rendered":"<ul>\n<li><strong>Velikost izdelka:<\/strong>\u00a0Na voljo imamo 3 vrste vzglavnikov za podporo hrbta z motivom planeta: Zemlja, Luna in Jupiter, velikosti pribli\u017eno 94 x 49,6 cm. Izberete lahko videz svojih najljub\u0161ih vzglavnikov, ki ustreza va\u0161emu razpolo\u017eenju. Ustvarite sanjsko in domiselno spalnico s tem \u010dudovitim vzglavnikom z motivom planeta, ki je zasnovan tako, da navdihne sanje va\u0161ega mal\u010dka o raziskovanju vesolja.<\/li>\n<li><strong>Mehko in udobno:<\/strong>\u00a0Bralna blazina Planet je izdelana iz kratke pli\u0161aste tkanine, mehke in udobne, ki vam ponuja gladko, toplo in prijetno teksturo; notranji material je PP bomba\u017e, mehak in podprt, lahko ga polo\u017eite na posteljo ali kav\u010d, saj nudi dovolj opore va\u0161emu hrbtu, hkrati pa izbolj\u0161uje dr\u017eo in laj\u0161a mehanske bole\u010dine v hrbtu.<\/li>\n<li><strong>\u017divahna in realisti\u010dna oblika:<\/strong>\u00a0Na\u0161a vzglavna blazina z motivom planetov ima dvostranski potisk z neverjetno temo vesolja in galaksije, planetov vesolja. Otroci se lahko s teksturiranimi detajli u\u010dijo o vsakem planetu in primerjajo njihove velikosti, medtem ko se spro\u0161\u010dajo na mehkih blazinah, ki so idealne za domiselno igro. Te kul dekoracije z motivom vesolja in galaksije dodajo kan\u010dek galakti\u010dnega vzdu\u0161ja dekoraciji va\u0161ega doma z galaksijo. Ustvarite edinstven planet astronavtov, ki okrasi spalnico za fantke in deklice.<\/li>\n<li><strong>Vsestranska uporaba:<\/strong>\u00a0Vzglavniki s 3D simulacijo planetarnega naslonjala in vzorcem Vivid dvostranskega tiska se lahko uporabljajo ne le kot zna\u010dilen okras za dom na tleh, v spalnici, na kav\u010du, v dnevni sobi in pri pohi\u0161tvu, temve\u010d tudi kot zanimiva objemna blazina za va\u0161o dru\u017eino, ki bo polep\u0161ala videz mnogih prostorov.<\/li>\n<li><strong>Skrita zadrga:<\/strong>\u00a0Vsaka prevleka za blazino z motivom planeta ima skrito zadrgo, ki daje brezhiben in ne\u017een videz; poleg tega pa je odstranjevanje in vstavljanje blazin za \u010di\u0161\u010denje ali menjavo izjemno enostavno, zato je to posebno \u010darobno bo\u017ei\u010dno darilo za rojstni dan za fantke in deklice.<\/li>\n<\/ul>","protected":false},"featured_media":4213,"comment_status":"open","ping_status":"closed","template":"","meta":[],"product_brand":[],"product_cat":[228],"product_tag":[],"class_list":{"0":"post-4221","1":"product","2":"type-product","3":"status-publish","4":"has-post-thumbnail","6":"product_cat-cushions","8":"first","9":"instock","10":"shipping-taxable","11":"purchasable","12":"product-type-simple"},"_links":{"self":[{"href":"https:\/\/www.largepillow.com\/sl\/wp-json\/wp\/v2\/product\/4221","targetHints":{"allow":["GET"]}}],"collection":[{"href":"https:\/\/www.largepillow.com\/sl\/wp-json\/wp\/v2\/product"}],"about":[{"href":"https:\/\/www.largepillow.com\/sl\/wp-json\/wp\/v2\/types\/product"}],"replies":[{"embeddable":true,"href":"https:\/\/www.largepillow.com\/sl\/wp-json\/wp\/v2\/comments?post=4221"}],"wp:featuredmedia":[{"embeddable":true,"href":"https:\/\/www.largepillow.com\/sl\/wp-json\/wp\/v2\/media\/4213"}],"wp:attachment":[{"href":"https:\/\/www.largepillow.com\/sl\/wp-json\/wp\/v2\/media?parent=4221"}],"wp:term":[{"taxonomy":"product_brand","embeddable":true,"href":"https:\/\/www.largepillow.com\/sl\/wp-json\/wp\/v2\/product_brand?post=4221"},{"taxonomy":"product_cat","embeddable":true,"href":"https:\/\/www.largepillow.com\/sl\/wp-json\/wp\/v2\/product_cat?post=4221"},{"taxonomy":"product_tag","embeddable":true,"href":"https:\/\/www.largepillow.com\/sl\/wp-json\/wp\/v2\/product_tag?post=4221"}],"curies":[{"name":"wp","href":"https:\/\/api.w.org\/{rel}","templated":true}]}}