{"id":4238,"date":"2024-09-13T01:20:28","date_gmt":"2024-09-13T01:20:28","guid":{"rendered":"https:\/\/www.largepillow.com\/product\/large-adjustable-recliner-multi-piece-folding-sofa-for-home"},"modified":"2024-10-03T16:31:23","modified_gmt":"2024-10-03T16:31:23","slug":"velik-nastavljiv-vecdelni-zlozljiv-kavc-za-dom","status":"publish","type":"product","link":"https:\/\/www.largepillow.com\/sl\/product\/large-adjustable-recliner-multi-piece-folding-sofa-for-home","title":{"rendered":"Velik nastavljiv naslanja\u010d, ve\u010ddelni zlo\u017eljivi kav\u010d za dom"},"content":{"rendered":"","protected":false},"excerpt":{"rendered":"<ul>\n<li>Vsestransko sedenje: Ta ve\u010ddelni zlo\u017eljivi kav\u010d s sede\u017eno garnituro ponuja nastavljivo udobje za spro\u0161\u010danje, branje ali spanje v dnevni sobi ali spalnici.<\/li>\n<li>Prostorna velikost: Z dimenzijami 91,4 * 91,4 * 30,4 cm, ko je sestavljen, zagotavlja veliko prostora za sprostitev.<\/li>\n<li>Prenosna zasnova: Izdelana je iz lahkih, zlo\u017eljivih plo\u0161\u010d, zato jo je mogo\u010de enostavno premikati ali shranjevati, ko ni v uporabi.<\/li>\n<li>Podporna blazina: Debela oblazinjena blazina ponuja udobno in podporno izku\u0161njo sedenja.<\/li>\n<li>Eleganten videz: S svojo be\u017e barvo in modernim dizajnom se ta talna sede\u017ena garnitura brezhibno poda k razli\u010dnim slogom opremljanja.<\/li>\n<\/ul>","protected":false},"featured_media":4231,"comment_status":"open","ping_status":"closed","template":"","meta":[],"product_brand":[],"product_cat":[228],"product_tag":[],"class_list":{"0":"post-4238","1":"product","2":"type-product","3":"status-publish","4":"has-post-thumbnail","6":"product_cat-cushions","8":"first","9":"outofstock","10":"shipping-taxable","11":"purchasable","12":"product-type-simple"},"_links":{"self":[{"href":"https:\/\/www.largepillow.com\/sl\/wp-json\/wp\/v2\/product\/4238","targetHints":{"allow":["GET"]}}],"collection":[{"href":"https:\/\/www.largepillow.com\/sl\/wp-json\/wp\/v2\/product"}],"about":[{"href":"https:\/\/www.largepillow.com\/sl\/wp-json\/wp\/v2\/types\/product"}],"replies":[{"embeddable":true,"href":"https:\/\/www.largepillow.com\/sl\/wp-json\/wp\/v2\/comments?post=4238"}],"wp:featuredmedia":[{"embeddable":true,"href":"https:\/\/www.largepillow.com\/sl\/wp-json\/wp\/v2\/media\/4231"}],"wp:attachment":[{"href":"https:\/\/www.largepillow.com\/sl\/wp-json\/wp\/v2\/media?parent=4238"}],"wp:term":[{"taxonomy":"product_brand","embeddable":true,"href":"https:\/\/www.largepillow.com\/sl\/wp-json\/wp\/v2\/product_brand?post=4238"},{"taxonomy":"product_cat","embeddable":true,"href":"https:\/\/www.largepillow.com\/sl\/wp-json\/wp\/v2\/product_cat?post=4238"},{"taxonomy":"product_tag","embeddable":true,"href":"https:\/\/www.largepillow.com\/sl\/wp-json\/wp\/v2\/product_tag?post=4238"}],"curies":[{"name":"wp","href":"https:\/\/api.w.org\/{rel}","templated":true}]}}