{"id":4248,"date":"2024-09-13T01:54:01","date_gmt":"2024-09-13T01:54:01","guid":{"rendered":"https:\/\/www.largepillow.com\/product\/safe-compact-pet-car-seat-leather-booster-for-small-animals"},"modified":"2024-10-03T16:31:23","modified_gmt":"2024-10-03T16:31:23","slug":"varen-kompakten-usnjen-avtosedez-za-male-zivali","status":"publish","type":"product","link":"https:\/\/www.largepillow.com\/sl\/product\/safe-compact-pet-car-seat-leather-booster-for-small-animals\/","title":{"rendered":"Varen in kompakten avtosede\u017e za hi\u0161ne ljubljen\u010dke \u2013 usnjen booster za male \u017eivali"},"content":{"rendered":"[zc_getpagecontent mb=&#8221;mb_aplus&#8221; apid=&#8221;80&#8243;]\n","protected":false},"excerpt":{"rendered":"<ul>\n<li><strong>Kon\u010dna varnost in za\u0161\u010dita:<\/strong> Na\u0161 vodoodporni avtosede\u017e za pse v sredinski konzoli ponuja 4-kratni varnostni sistem, ki zagotavlja varnost va\u0161ega majhnega psa ali ma\u010dke med vo\u017enjo z avtomobilom. Z dvojnimi varnostnimi pasovi, ki jih je mogo\u010de pritrditi na voznikov sede\u017e, varnostnim pasom za hi\u0161ne ljubljen\u010dke, fiksnimi trakovi za stabilnost in nedrse\u010do podlago ste lahko brez skrbi, saj veste, da je va\u0161 ljubljen\u010dek varno na svojem mestu.<\/li>\n<li><strong>Zasnova proti tesnobi:<\/strong> Na\u0161 avtosede\u017e za pse na sredinski konzoli ima zasnovo z zadrgo na vrhu, ki ustvarja zaprt avtosede\u017e za pse, kar u\u010dinkovito laj\u0161a tesnobo hi\u0161nih ljubljen\u010dkov in obvladuje preve\u010d aktivne \u017eivali, s \u010dimer se pove\u010da varnost vo\u017enje. Hkrati zasnova omogo\u010da, da pasja glava ostane vidna, kar zagotavlja \u0161ir\u0161e vidno polje, da va\u0161 ljubljen\u010dek lahko u\u017eiva v razgledu.<\/li>\n<li><strong>Vodoodporno in enostavno za \u010di\u0161\u010denje:<\/strong> Ta avtosede\u017e, izdelan iz vodoodpornega usnja, je primeren za vse letne \u010dase. U\u010dinkovito \u0161\u010diti va\u0161 avtosede\u017e pred razlitjem, made\u017ei in nesre\u010dami, zaradi \u010desar je \u010di\u0161\u010denje izjemno preprosto. Z lahkoto lahko obri\u0161ete morebitno umazanijo in tako zagotovite \u010disto in higiensko okolje za svojega ljubljen\u010dka.<\/li>\n<li><strong>Udobni materiali:<\/strong> Glavni del tega pasjega avtosede\u017ea v sredinski konzoli je napolnjen z mehko in podporno peno, ki zagotavlja udobje in ohranjanje oblike. Brez kovinskega okvirja ni varnostnega tveganja. Be\u017e obarvane obdajajo\u010de stene so napolnjene s poliestrskim polnilom, ki ga je mogo\u010de dvigniti za bolj zaseben prostor ali spustiti za podporo pasje glave. Poleg tega sta na obeh straneh priro\u010dna \u017eepa za shranjevanje pasjih dodatkov.<\/li>\n<li><strong>Zasnovano za majhne hi\u0161ne ljubljen\u010dke:<\/strong> Ta avtosede\u017e, posebej zasnovan za majhne pse in ma\u010dke, te\u017eje od 6 kg, nudi prijeten in udoben prostor za va\u0161ega kosmatega prijatelja. Prepre\u010duje, da bi se premikal po avtomobilu, zmanj\u0161uje motnje in zagotavlja njegovo varnost med potovanjem. Slu\u017ei tudi kot prevoznik za majhne hi\u0161ne ljubljen\u010dke, kar zagotavlja udobje in prilagodljivost med potovanjem s svojim kosmatim spremljevalcem.<\/li>\n<\/ul>","protected":false},"featured_media":4250,"comment_status":"open","ping_status":"closed","template":"","meta":[],"product_brand":[],"product_cat":[227],"product_tag":[],"class_list":{"0":"post-4248","1":"product","2":"type-product","3":"status-publish","4":"has-post-thumbnail","6":"product_cat-pet-supplies","8":"first","9":"instock","10":"shipping-taxable","11":"purchasable","12":"product-type-simple"},"_links":{"self":[{"href":"https:\/\/www.largepillow.com\/sl\/wp-json\/wp\/v2\/product\/4248","targetHints":{"allow":["GET"]}}],"collection":[{"href":"https:\/\/www.largepillow.com\/sl\/wp-json\/wp\/v2\/product"}],"about":[{"href":"https:\/\/www.largepillow.com\/sl\/wp-json\/wp\/v2\/types\/product"}],"replies":[{"embeddable":true,"href":"https:\/\/www.largepillow.com\/sl\/wp-json\/wp\/v2\/comments?post=4248"}],"wp:featuredmedia":[{"embeddable":true,"href":"https:\/\/www.largepillow.com\/sl\/wp-json\/wp\/v2\/media\/4250"}],"wp:attachment":[{"href":"https:\/\/www.largepillow.com\/sl\/wp-json\/wp\/v2\/media?parent=4248"}],"wp:term":[{"taxonomy":"product_brand","embeddable":true,"href":"https:\/\/www.largepillow.com\/sl\/wp-json\/wp\/v2\/product_brand?post=4248"},{"taxonomy":"product_cat","embeddable":true,"href":"https:\/\/www.largepillow.com\/sl\/wp-json\/wp\/v2\/product_cat?post=4248"},{"taxonomy":"product_tag","embeddable":true,"href":"https:\/\/www.largepillow.com\/sl\/wp-json\/wp\/v2\/product_tag?post=4248"}],"curies":[{"name":"wp","href":"https:\/\/api.w.org\/{rel}","templated":true}]}}