{"id":4269,"date":"2024-09-13T02:16:20","date_gmt":"2024-09-13T02:16:20","guid":{"rendered":"https:\/\/www.largepillow.com\/product\/multi-functional-creative-seat-cushion-folding-floor-bed"},"modified":"2024-10-03T16:31:23","modified_gmt":"2024-10-03T16:31:23","slug":"vecnamenska-kreativna-sedezna-blazina-zlozljiva-talna-postelja","status":"publish","type":"product","link":"https:\/\/www.largepillow.com\/sl\/product\/multi-functional-creative-seat-cushion-folding-floor-bed","title":{"rendered":"Ve\u010dnamenska kreativna sede\u017ena blazina zlo\u017eljiva talna postelja"},"content":{"rendered":"[zc_getpagecontent mb=&#8221;mb_aplus&#8221; apid=&#8221;53&#8243;]\n","protected":false},"excerpt":{"rendered":"<ul>\n<li><strong>Vsestranska kombinacija:<\/strong>\u00a0Na\u0161a raztegljiva sede\u017ena garnitura ima penaste blazine razli\u010dnih velikosti, ki jih lahko kreativno prilagodite svojim potrebam. Uporabite jo kot talno preprogo, okensko blazino ali pa jo za udobje in prilagodljivost sestavite v raztegljivo sede\u017eno garnituro ali talno raztegljivo sede\u017eno garnituro.<\/li>\n<li><strong>Zabavna zlo\u017eljiva sede\u017ena garnitura:<\/strong> Do\u017eivite igrivo bistvo na\u0161ega raztegljivega kav\u010da. Preuredite oblike blazin, sodelujte v ustvarjalnih igrah in u\u017eivajte v edinstveni zabavi. Pustite domi\u0161ljiji prosto pot in si s tem zabavnim kosom pohi\u0161tva osve\u017eite vsak dan.<\/li>\n<li><strong>Prihranek prostora:<\/strong> Na\u0161a kompaktna raztegljiva sede\u017ena garnitura je zasnovana tako, da prihrani prostor. Razgrnete ali zlo\u017eite jo glede na svoje potrebe in se prilagodite razli\u010dnim scenarijem uporabe. Je idealna re\u0161itev za kar najbolj\u0161i izkoristek omejenega doma\u010dega okolja, hkrati pa zagotavlja udoben prostor za po\u010ditek in zabavo.<\/li>\n<li><strong>Vsestranska uporaba:<\/strong> Na\u0161 raztegljiv kav\u010d je primeren za razli\u010dne prilo\u017enosti, kot so majhne dnevne sobe, stanovanja in spalnice, saj slu\u017ei kot blazina za tla, blazina za okno, majhen kav\u010d ali zlo\u017eljiv naslanja\u010d. Zadovolji va\u0161e razli\u010dne potrebe, pa naj gre za branje, igranje ali pre\u017eivljanje \u010dasa s prijatelji.<\/li>\n<li><strong>Enostavno vzdr\u017eevanje:<\/strong> Na\u0161a sede\u017ena garnitura je izdelana iz mehke, zra\u010dne in vodoodporne oksfordske tkanine, zato je prijetna na dotik in enostavna za vzdr\u017eevanje. Za \u010di\u0161\u010denje jo preprosto ne\u017eno obri\u0161ite. Penasto polnilo zagotavlja stabilnost in udobje, snemljiva blazina iz blaga pa je pralna v pralnem stroju, kar vam prihrani \u010das in trud.<\/li>\n<\/ul>","protected":false},"featured_media":4261,"comment_status":"open","ping_status":"closed","template":"","meta":[],"product_brand":[],"product_cat":[228],"product_tag":[],"class_list":{"0":"post-4269","1":"product","2":"type-product","3":"status-publish","4":"has-post-thumbnail","6":"product_cat-cushions","8":"first","9":"instock","10":"shipping-taxable","11":"purchasable","12":"product-type-simple"},"_links":{"self":[{"href":"https:\/\/www.largepillow.com\/sl\/wp-json\/wp\/v2\/product\/4269","targetHints":{"allow":["GET"]}}],"collection":[{"href":"https:\/\/www.largepillow.com\/sl\/wp-json\/wp\/v2\/product"}],"about":[{"href":"https:\/\/www.largepillow.com\/sl\/wp-json\/wp\/v2\/types\/product"}],"replies":[{"embeddable":true,"href":"https:\/\/www.largepillow.com\/sl\/wp-json\/wp\/v2\/comments?post=4269"}],"wp:featuredmedia":[{"embeddable":true,"href":"https:\/\/www.largepillow.com\/sl\/wp-json\/wp\/v2\/media\/4261"}],"wp:attachment":[{"href":"https:\/\/www.largepillow.com\/sl\/wp-json\/wp\/v2\/media?parent=4269"}],"wp:term":[{"taxonomy":"product_brand","embeddable":true,"href":"https:\/\/www.largepillow.com\/sl\/wp-json\/wp\/v2\/product_brand?post=4269"},{"taxonomy":"product_cat","embeddable":true,"href":"https:\/\/www.largepillow.com\/sl\/wp-json\/wp\/v2\/product_cat?post=4269"},{"taxonomy":"product_tag","embeddable":true,"href":"https:\/\/www.largepillow.com\/sl\/wp-json\/wp\/v2\/product_tag?post=4269"}],"curies":[{"name":"wp","href":"https:\/\/api.w.org\/{rel}","templated":true}]}}