{"id":432,"date":"2022-09-16T01:26:03","date_gmt":"2022-09-16T01:26:03","guid":{"rendered":"https:\/\/www.largepillow.com\/product\/headboard-for-bed"},"modified":"2025-11-05T02:15:27","modified_gmt":"2025-11-05T02:15:27","slug":"velika-blazina-za-podporo-hrbta","status":"publish","type":"product","link":"https:\/\/www.largepillow.com\/sl\/product\/large-back-support-pillow","title":{"rendered":"Velika blazina za podporo hrbta"},"content":{"rendered":"<p>Velika blazina za podporo hrbta \u2013 va\u0161a najbolj\u0161a re\u0161itev za udobno in udobno pole\u017eavanje! Ta blazina za vzglavje ima trikotno obliko, ki zagotavlja odli\u010dno oporo hrbtu in pasu ter tako zmanj\u0161uje pritisk na ledveni del in hrbet. Ne glede na to, ali ste no\u010dna ptica, ki rada dela v postelji, knji\u017eni molj, ki u\u017eiva v branju v postelji, ali nekdo, ki rad gleda televizijo v postelji, vam bo ta klinasta bralna blazina pomagala, da ostanete spro\u0161\u010deni in brez napetosti.<\/p>\n<p>Ta velika vzglavna blazina je edina vzglavna blazina s klinastim vzglavjem, ki lahko sprejme dve osebi, zato je idealna za pare, ki se radi stisnejo v posteljo. Zaradi 3-v-1 zasnove jo lahko uporabljate kot vzglavno blazino za oporo hrbta med sedenjem v postelji, veliko vzglavno blazino med spanjem na hrbtu ali boku ali kot vzglavnik za dvig nog.<\/p>\n<p>Ve\u010dnamenska zasnova te trikotne velike blazine jo dela resni\u010dno izjemno. Uporabite jo lahko kot odbija\u010d, naslonjalo za kav\u010d ali dnevno posteljo ali celo kot vzglavje postelje. Je elegantna in funkcionalna, zato je odli\u010den dodatek k vsaki spalnici.<\/p>\n<p>Vrhunska izdelava na\u0161e velike blazine za hrbet se odra\u017ea v njenih materialih in dizajnu. Prevleka za blazino je izdelana iz poliestrskega \u017eameta 100%, ki je mehak, eleganten in udoben na dotik, oblazinjenje pa je iz visokokakovostnih poliestrskih vlaken visoke gostote, ki prepre\u010dujejo pove\u0161anje tudi po ve\u010dmese\u010dni uporabi. Ima celo stranske \u017eepe za shranjevanje knjige ali telefona.<\/p>\n<p>\u010ci\u0161\u010denje te bralne blazine je preprosto. Prevleka je pritrjena na blazino z gumbi in jo je enostavno odstraniti z zadrgo. Preprosto odstranite prevleko in jo na hitro operite v pralnem stroju, da bo va\u0161a blazina videti kot nova.<\/p>\n<p>Na voljo so razli\u010dne velikosti, od 45 cm do 200 cm, tako da lahko izberete idealno velikost, ki ustreza va\u0161im potrebam. Poleg tega lahko z mno\u017eico razpolo\u017eljivih barv veliko blazino za podporo hrbta brez te\u017eav uskladite z barvno shemo va\u0161e spalnice.<\/p>\n<p>Stranke so navdu\u0161ene nad na\u0161o veliko blazino za oporo hrbta, nekatere pa so jo ozna\u010dile za najbolj\u0161o stvar, ki so jo kupile za svojo posteljo. Ena stranka je dejala: \u201cTa blazina je naredila veliko razliko v mojem \u017eivljenju. Zagotavlja odli\u010dno oporo in v\u0161e\u010d mi je, kako izgleda v moji spalnici.\u201d Druga je dejala: \u201cMaterial je tako mehak in udoben. Ne morem si predstavljati spanja brez nje.\u201d<\/p>\n<p>\u010ce i\u0161\u010dete udobje, oporo in stil, potem je velika blazina za podporo hrbta prava izbira. Preizkusite jo sami in se prepri\u010dajte, zakaj je tako pomembna!<\/p>","protected":false},"excerpt":{"rendered":"<ul>\n<li><strong>Vrhunsko udobje:<\/strong> Ta vzglavna blazina nudi odli\u010dno udobje zaradi svoje trikotne oblike. Blazina za podporo postelje se lepo prilega hrbtu in pasu ter zmanj\u0161uje pritisk na ledveni del\/hrbet. Ta klinasta bralna blazina vam lahko pomaga, da ostanete spro\u0161\u010deni v postelji ali na kav\u010du, kar je idealno za no\u010dne ptice, knji\u017ene molje in gledanje televizije v postelji. Ta ekstra velika blazina za podporo je edina klinasta vzglavna blazina, ki lahko sprejme dve osebi.<\/li>\n<li><strong>3 v 1 velika vzglavna blazina:<\/strong> Vzglavnik lahko uporabite pokonci kot vzglavnik za oporo hrbta med sedenjem v postelji ali pa ga polo\u017eite ravno na posteljo in ga uporabite kot velik klinast vzglavnik med spanjem na hrbtu ali boku ali kot vzglavnik za dvig nog. \u010ce \u017eelite velik vzglavnik, ki nudi oporo vam in va\u0161emu zakoncu, je to odli\u010dna alternativa.<\/li>\n<li><strong>Ve\u010dnamenska zasnova:<\/strong> Nekateri uporabljajo veliko trikotno blazino kot vzglavje postelje, drugi pa jo uporabljajo kot odbija\u010d, lahko pa slu\u017ei tudi kot opora za naslonjalo kav\u010da ali postelje. Je elegantna in funkcionalna, zaradi \u010desar je odli\u010den dodatek k vsaki spalnici.<\/li>\n<li><strong>Vrhunska izdelava:<\/strong> Na\u0161a prevleka za vzglavnik je izdelana iz poliestrskega \u017eameta 100%, ki je mehak, eleganten in udoben na dotik. Oblazinjenje je izdelano iz visokokakovostnih poliestrskih vlaken visoke gostote, ki prepre\u010dujejo pove\u0161anje tudi po ve\u010dmese\u010dni uporabi. Poleg tega ima stranske \u017eepe za shranjevanje knjige ali telefona.<\/li>\n<li><strong>Enostavno \u010di\u0161\u010denje:<\/strong> Prevleka za bralno blazino je pritrjena na blazino z gumbi in jo je enostavno odstraniti z zadrgo. Zaradi tega je \u010di\u0161\u010denje enostavno. Preprosto odstranite prevleko in jo na hitro operite v pralnem stroju, da bo va\u0161a blazina videti kot nova.<\/li>\n<li><strong>Velikost:<\/strong> 45 cm (D45 x \u016020 x V50 | 0 gumbov), 60 cm (D60 x \u016020 x V50 | 0 gumbov), 80 cm (D80 x \u016020 x V50 | 2 gumba), 100 cm (D100 x \u016020 x V50 | 3 gumbi), 120 cm (D120 x \u016020 x V50 | 4 gumbi), 140 cm (D140 x \u016020 x V50 | 4 gumbi), 160 cm (D160 x \u016020 x V50 | 5 gumbov), 180 cm (D180 x \u016020 x V50 | 6 gumbov), 200 cm (D200 x \u016020 x V50 | 7 gumbov).<\/li>\n<\/ul>","protected":false},"featured_media":414,"comment_status":"open","ping_status":"closed","template":"","meta":[],"product_brand":[],"product_cat":[15],"product_tag":[205,67,204,168,132,163,112,143,71,65],"class_list":{"0":"post-432","1":"product","2":"type-product","3":"status-publish","4":"has-post-thumbnail","6":"product_cat-large-wedge-pillow","7":"product_tag-back-support-headboard-pillow","8":"product_tag-backrest-reading-pillow","9":"product_tag-bed-support-cushion","10":"product_tag-headboard-pillow","11":"product_tag-large-bolster-pillow","12":"product_tag-leg-pillow","13":"product_tag-lumbar-support-pillow","14":"product_tag-multifunctional-pillow","15":"product_tag-tv-pillow","16":"product_tag-wedge-pillow","18":"first","19":"instock","20":"featured","21":"shipping-taxable","22":"purchasable","23":"product-type-variable"},"_links":{"self":[{"href":"https:\/\/www.largepillow.com\/sl\/wp-json\/wp\/v2\/product\/432","targetHints":{"allow":["GET"]}}],"collection":[{"href":"https:\/\/www.largepillow.com\/sl\/wp-json\/wp\/v2\/product"}],"about":[{"href":"https:\/\/www.largepillow.com\/sl\/wp-json\/wp\/v2\/types\/product"}],"replies":[{"embeddable":true,"href":"https:\/\/www.largepillow.com\/sl\/wp-json\/wp\/v2\/comments?post=432"}],"wp:featuredmedia":[{"embeddable":true,"href":"https:\/\/www.largepillow.com\/sl\/wp-json\/wp\/v2\/media\/414"}],"wp:attachment":[{"href":"https:\/\/www.largepillow.com\/sl\/wp-json\/wp\/v2\/media?parent=432"}],"wp:term":[{"taxonomy":"product_brand","embeddable":true,"href":"https:\/\/www.largepillow.com\/sl\/wp-json\/wp\/v2\/product_brand?post=432"},{"taxonomy":"product_cat","embeddable":true,"href":"https:\/\/www.largepillow.com\/sl\/wp-json\/wp\/v2\/product_cat?post=432"},{"taxonomy":"product_tag","embeddable":true,"href":"https:\/\/www.largepillow.com\/sl\/wp-json\/wp\/v2\/product_tag?post=432"}],"curies":[{"name":"wp","href":"https:\/\/api.w.org\/{rel}","templated":true}]}}