{"id":4340,"date":"2024-09-13T03:20:32","date_gmt":"2024-09-13T03:20:32","guid":{"rendered":"https:\/\/www.largepillow.com\/product\/large-headboard-reading-pillow-bolster-body-pillow-blue"},"modified":"2024-10-03T16:31:33","modified_gmt":"2024-10-03T16:31:33","slug":"velika-vzglavna-blazina-za-branje-modra-blazina-za-telo","status":"publish","type":"product","link":"https:\/\/www.largepillow.com\/sl\/product\/large-headboard-reading-pillow-bolster-body-pillow-blue","title":{"rendered":"Velika vzglavna blazina za branje, modra blazina za telo"},"content":{"rendered":"[zc_getpagecontent mb=&#8221;mb_aplus&#8221; apid=&#8221;60&#8243;]\n","protected":false},"excerpt":{"rendered":"<ul>\n<li>Sodoben dizajn: Oblikovan s tuftanimi gumbi in \u0161ivanimi detajli, zaviti robovi dodajo tudi dodaten dekorativen pridih. Ta prevelika ledvena blazina z obilnim polnilom zagotavlja dodatno udobje in najbolj\u0161o oporo med spro\u0161\u010danjem. Uporabite jo samostojno kot okrasni element ali pa jo kombinirajte z drugimi standardnimi potiskanimi\/enobarvnimi ali vezenimi blazinami za usklajen videz.<\/li>\n<li>Odli\u010dna blazina za oporo hrbta: Ta prevelika okrasna blazina nudi bolj\u0161o oporo kot puhaste okrasne blazine obi\u010dajne velikosti, blazine v stilu boudoir ali euro blazine in je trpe\u017ena, da ohrani svojo obliko. Ta prevelika vzglavna blazina z bogatim polnilom zagotavlja dodatno udobje, v kombinaciji z mehko vzmetnico pa zagotavlja najbolj\u0161o oporo, ko se naslonite nazaj in sprostite. Ta moderna velika vzglavna blazina bo re\u0161ila tudi te\u017eavo, da va\u0161e blazine zdrsnejo med vzmetnico in vzglavjem.<\/li>\n<li>Ve\u010dnamenska uporaba: To veliko blazino za hrbet uporabite kot alternativo vzglavju postelje ali naslonjalu kav\u010da ali pa jo postavite na klop in si zagotovite nov kav\u010d. Ta dolga blazina za posteljo se lahko uporablja tudi kot velika blazina za telo, ki vam bo pomagala pri dobrem spanju. Ta oblazinjena blazina za vzglavje postelje je \u010dudovita, izjemne kakovosti in izjemno udobna za naslonjanje. Hkrati se odli\u010dno poda k razli\u010dnim slogom notranje opreme ter spalnici doda topel in prijeten ob\u010dutek.<\/li>\n<li>Vrhunska izdelava: Dolga okrasna blazina iz poliestra 100% je izjemno mehka in udobna za va\u0161o ko\u017eo. Tradicionalne okrasne blazine se s\u010dasoma ponavadi povesijo, ta bralna blazina pa ima gumbe z v\u0161itimi robovi, ki ne le zagotavljajo sodoben slog, temve\u010d tudi dr\u017eijo polnilo na mestu za ve\u010djo vzdr\u017eljivost. Patchwork \u0161ivi in prirobni robovi dodajo \u0161e dodatno dekoracijo.<\/li>\n<li>Navodila za nego prevlek za vzglavnik: Prevleke za vzglavnik so snemljive, ne zbledijo ali se ne cefrajo, enostavne za vzdr\u017eevanje in pralne v pralnem stroju zaradi zasnove z gumbi in nevidne zadrge.<\/li>\n<\/ul>","protected":false},"featured_media":4322,"comment_status":"open","ping_status":"closed","template":"","meta":[],"product_brand":[],"product_cat":[28],"product_tag":[],"class_list":{"0":"post-4340","1":"product","2":"type-product","3":"status-publish","4":"has-post-thumbnail","6":"product_cat-large-body-pillow","8":"first","9":"instock","10":"shipping-taxable","11":"purchasable","12":"product-type-variable","13":"has-default-attributes"},"_links":{"self":[{"href":"https:\/\/www.largepillow.com\/sl\/wp-json\/wp\/v2\/product\/4340","targetHints":{"allow":["GET"]}}],"collection":[{"href":"https:\/\/www.largepillow.com\/sl\/wp-json\/wp\/v2\/product"}],"about":[{"href":"https:\/\/www.largepillow.com\/sl\/wp-json\/wp\/v2\/types\/product"}],"replies":[{"embeddable":true,"href":"https:\/\/www.largepillow.com\/sl\/wp-json\/wp\/v2\/comments?post=4340"}],"wp:featuredmedia":[{"embeddable":true,"href":"https:\/\/www.largepillow.com\/sl\/wp-json\/wp\/v2\/media\/4322"}],"wp:attachment":[{"href":"https:\/\/www.largepillow.com\/sl\/wp-json\/wp\/v2\/media?parent=4340"}],"wp:term":[{"taxonomy":"product_brand","embeddable":true,"href":"https:\/\/www.largepillow.com\/sl\/wp-json\/wp\/v2\/product_brand?post=4340"},{"taxonomy":"product_cat","embeddable":true,"href":"https:\/\/www.largepillow.com\/sl\/wp-json\/wp\/v2\/product_cat?post=4340"},{"taxonomy":"product_tag","embeddable":true,"href":"https:\/\/www.largepillow.com\/sl\/wp-json\/wp\/v2\/product_tag?post=4340"}],"curies":[{"name":"wp","href":"https:\/\/api.w.org\/{rel}","templated":true}]}}