{"id":4576,"date":"2024-10-25T03:48:45","date_gmt":"2024-10-25T03:48:45","guid":{"rendered":"https:\/\/www.largepillow.com\/product\/3-storey-felt-cat-cave-multi-cat-condo-tunnel-bed"},"modified":"2024-12-20T18:18:54","modified_gmt":"2024-12-20T18:18:54","slug":"3-nadstropna-filcana-macja-jama-za-vec-mack-v-stanovanju","status":"publish","type":"product","link":"https:\/\/www.largepillow.com\/sl\/product\/3-storey-felt-cat-cave-multi-cat-condo-tunnel-bed\/","title":{"rendered":"3-nadstropna filcana ma\u010dja jama, stanovanje za ve\u010d ma\u010dk in tunelska postelja"},"content":{"rendered":"[zc_getpagecontent mb=&#8221;mb_aplus&#8221; apid=&#8221;98&#8243;]\n","protected":false},"excerpt":{"rendered":"<ul>\n<li><strong>Primerno za gospodinjstva z ve\u010d ma\u010dkami:<\/strong> Kartonske ma\u010dje hi\u0161ice so izdelane z mislijo na gospodinjstva z ve\u010d ma\u010dkami in ponujajo dovolj prostora za igro in harmoni\u010dno sobivanje ve\u010d ma\u010dk. Te notranje ma\u010dje hi\u0161ice so zasnovane z ve\u010d okni, ki ne le zadovoljujejo prirojeno ma\u010djo radovednost, temve\u010d jim ponujajo tudi razli\u010dne razgledne to\u010dke za raziskovanje in u\u017eivanje v okolici.<\/li>\n<li><strong>Odporno na praske in trpe\u017eno:<\/strong> Na\u0161e ma\u010dje hi\u0161ice in stanovanja so izdelana iz lahkega filca, ki je ne le odporen na praske, ampak tudi neverjetno vzdr\u017eljiv. Ta material ma\u010dkam zagotavlja idealno povr\u0161ino za praskanje in bru\u0161enje krempljev, ne da bi pri tem po\u0161kodoval konstrukcijo. Zasnova je tudi vodoodporna in odporna na made\u017ee, zato jo je enostavno \u010distiti in vzdr\u017eevati, kar zagotavlja, da ma\u010dja hi\u0161ica ostane v odli\u010dnem stanju z minimalnim naporom.<\/li>\n<li><strong>Enostavna monta\u017ea:<\/strong>\u00a0Notranji ma\u010dji tuneli so zasnovani za enostavno monta\u017eo, kar vam omogo\u010da, da jih hitro postavite glede na svoje in ma\u010dje \u017eelje. Preprost postopek monta\u017ee na\u0161e kartonske ma\u010dje hi\u0161ice obljublja brezskrbno izku\u0161njo. Za navodila po korakih vam priporo\u010damo, da si ogledate prilo\u017eeni videoposnetek o monta\u017ei, s katerim boste zlahka sestavili zabaven in varen prostor za svoje ma\u010dje prijatelje.<\/li>\n<li><strong>Zra\u010dna zasnova:<\/strong> Pona\u0161a se z zra\u010dno zasnovo, ki pove\u010da udobje va\u0161ih ma\u010djih prijateljev. Edinstven filc v kombinaciji s strate\u0161ko postavljenimi okni zagotavlja optimalno prezra\u010devanje, ki omogo\u010da prosto kro\u017eenje sve\u017eega zraka. Ta kartonska praskalnika za ma\u010dke je premi\u0161ljeno izdelana tako, da zagotavlja udoben in dobro prezra\u010den prostor, kjer se lahko va\u0161e ma\u010dke igrajo in spro\u0161\u010dajo, ne da bi se po\u010dutile utesnjene ali zadu\u0161ljive. Zasnova u\u010dinkovito vzdr\u017euje prijetno in zra\u010dno okolje, ki jih poleti hladi, pozimi pa greje.<\/li>\n<li><strong>Prostorna notranjost:<\/strong> \u010cudovito igralno obmo\u010dje, ki je pravzaprav sestavljeno iz treh med seboj povezanih ma\u010djih hi\u0161ic. Skupaj tvorijo obse\u017een prostor z dimenzijami 43 x 43 x 99 cm, ki je idealen za gibanje, igro in raziskovanje ve\u010d ma\u010dk. Ta prostorna notranjost ponuja veliko prostora za va\u0161e ma\u010dke, da se raztegnejo, sprostijo in u\u017eivajo v igrivih nor\u010dijah. S skupno nosilnostjo do 15 kg ta medsebojno povezana ma\u010dja jama zagotavlja, da lahko tudi ve\u010dje ma\u010dke udobno u\u017eivajo v obilnem prostoru. To je popolno zato\u010di\u0161\u010de za va\u0161e ma\u010dje prijatelje, kjer se lahko sprostijo in igrajo, kar ustvarja prijetno in privla\u010dno okolje, ki je hkrati funkcionalno in privla\u010dno.<\/li>\n<\/ul>","protected":false},"featured_media":4563,"comment_status":"open","ping_status":"closed","template":"","meta":[],"product_brand":[],"product_cat":[227],"product_tag":[],"class_list":{"0":"post-4576","1":"product","2":"type-product","3":"status-publish","4":"has-post-thumbnail","6":"product_cat-pet-supplies","8":"first","9":"outofstock","10":"shipping-taxable","11":"purchasable","12":"product-type-simple"},"_links":{"self":[{"href":"https:\/\/www.largepillow.com\/sl\/wp-json\/wp\/v2\/product\/4576","targetHints":{"allow":["GET"]}}],"collection":[{"href":"https:\/\/www.largepillow.com\/sl\/wp-json\/wp\/v2\/product"}],"about":[{"href":"https:\/\/www.largepillow.com\/sl\/wp-json\/wp\/v2\/types\/product"}],"replies":[{"embeddable":true,"href":"https:\/\/www.largepillow.com\/sl\/wp-json\/wp\/v2\/comments?post=4576"}],"wp:featuredmedia":[{"embeddable":true,"href":"https:\/\/www.largepillow.com\/sl\/wp-json\/wp\/v2\/media\/4563"}],"wp:attachment":[{"href":"https:\/\/www.largepillow.com\/sl\/wp-json\/wp\/v2\/media?parent=4576"}],"wp:term":[{"taxonomy":"product_brand","embeddable":true,"href":"https:\/\/www.largepillow.com\/sl\/wp-json\/wp\/v2\/product_brand?post=4576"},{"taxonomy":"product_cat","embeddable":true,"href":"https:\/\/www.largepillow.com\/sl\/wp-json\/wp\/v2\/product_cat?post=4576"},{"taxonomy":"product_tag","embeddable":true,"href":"https:\/\/www.largepillow.com\/sl\/wp-json\/wp\/v2\/product_tag?post=4576"}],"curies":[{"name":"wp","href":"https:\/\/api.w.org\/{rel}","templated":true}]}}