{"id":4585,"date":"2024-10-25T04:02:31","date_gmt":"2024-10-25T04:02:31","guid":{"rendered":"https:\/\/www.largepillow.com\/product\/ergonomic-u-shaped-reading-support-pillow-with-armrests"},"modified":"2025-12-03T14:22:08","modified_gmt":"2025-12-03T14:22:08","slug":"ergonomska-bralna-blazina-v-obliki-crke-u-z-nasloni-za-roke","status":"publish","type":"product","link":"https:\/\/www.largepillow.com\/sl\/product\/ergonomic-u-shaped-reading-support-pillow-with-armrests","title":{"rendered":"Ergonomska igralna in bralna blazina v obliki \u010drke U z nasloni za roke"},"content":{"rendered":"[zc_getpagecontent mb=&#8221;mb_aplus&#8221; apid=&#8221;84&#8243;]\n","protected":false},"excerpt":{"rendered":"<ul>\n<li><strong>Prenosna blazina za naslonjalo za roke:<\/strong>\u00a0Na\u0161a blazina za naslon za roke meri 2,8 \u00d7 2,5 \u00d7 0,6 palca v dol\u017eino, \u0161irino in vi\u0161ino, s prenosnim ro\u010dajem pa jo lahko enostavno prenesete v drugo sobo ali pa jo shranite na tleh. Na\u0161a blazina za naslon za roke je zasnovana z \u017eepi ob straneh, ki so priro\u010dni za odlaganje telefona, daljinskega upravljalnika, zvezka, knjige, revije itd.<\/li>\n<li><strong>Bralna blazina za udobje:<\/strong> \u0160iroki in mehki nasloni za roke slu\u017eijo tudi kot bralna blazina za na kolenih, ki se prilega obliki va\u0161ega telesa in zagotavlja udobje ter oporo za va\u0161e roke in komolce. Je ve\u010dja in udobnej\u0161a, z oporo za roke za sprostitev mo\u010di rok in ravno povr\u0161ino za delo na ra\u010dunalniku. U\u010dinkovito laj\u0161a utrujenost rok in vratu, ki jo povzro\u010da delo, igranje iger, branje ali dolgotrajno gledanje televizije.<\/li>\n<li><strong>Blazina za podporo telesa:<\/strong> Ni le bralna blazina, temve\u010d se lahko uporablja tudi kot spro\u0161\u010dujo\u010da blazina za spanje. Ergonomska oblika v obliki \u010drke U in nagibni bla\u017eilec opore telesa ohranjata va\u0161o hrbtenico nevtralno, kar zagotavlja zadostno oporo za glavo in vrat. Z u\u010dinkovitim prilagajanjem in popravljanjem bo\u010dne lege za spanje na\u0161a blazina v obliki \u010drke U pomaga laj\u0161ati glavobole, napetost v vratni hrbtenici in bole\u010dine v ramenih, tako da lahko udobno spite na obeh straneh.<\/li>\n<li><strong>Premium materiali:<\/strong> Na\u0161a igralna blazina je izdelana iz edinstvene pli\u0161aste \u017eametne tkanine, ob straneh je zra\u010dna in puhasta mre\u017ea, napolnjena pa je s PP bomba\u017eem, ki zagotavlja dolgotrajno oporo in se ob stiskanju lepo vrne nazaj. Zelo velika bralna blazina z nasloni za roke zagotavlja obilo opore za va\u0161e roke in laj\u0161a pritisk na ramena, vrat in noge. Vdolbina v obliki \u010drke U se prilega va\u0161emu telesu in popravlja va\u0161o dr\u017eo.<\/li>\n<li><strong>Ergonomske zasnove:<\/strong> Stranska stran bralne blazine za igranje iger ima gugalnico v obliki loka, sprednjo in zadnjo vi\u0161ino podporne blazine pa je mogo\u010de prilagoditi razli\u010dnim polo\u017eajem sedenja. Ergonomska zasnova omogo\u010da, da so va\u0161e o\u010di na razumni razdalji od telefona in prenosnika, kar \u0161\u010diti va\u0161 vid. Dobro je za va\u0161o hrbtenico in pove\u010duje splo\u0161no udobje za spro\u0161\u010dujo\u010do izku\u0161njo.<\/li>\n<\/ul>","protected":false},"featured_media":4577,"comment_status":"open","ping_status":"closed","template":"","meta":[],"product_brand":[],"product_cat":[228],"product_tag":[],"class_list":{"0":"post-4585","1":"product","2":"type-product","3":"status-publish","4":"has-post-thumbnail","6":"product_cat-cushions","8":"first","9":"outofstock","10":"shipping-taxable","11":"purchasable","12":"product-type-simple"},"_links":{"self":[{"href":"https:\/\/www.largepillow.com\/sl\/wp-json\/wp\/v2\/product\/4585","targetHints":{"allow":["GET"]}}],"collection":[{"href":"https:\/\/www.largepillow.com\/sl\/wp-json\/wp\/v2\/product"}],"about":[{"href":"https:\/\/www.largepillow.com\/sl\/wp-json\/wp\/v2\/types\/product"}],"replies":[{"embeddable":true,"href":"https:\/\/www.largepillow.com\/sl\/wp-json\/wp\/v2\/comments?post=4585"}],"wp:featuredmedia":[{"embeddable":true,"href":"https:\/\/www.largepillow.com\/sl\/wp-json\/wp\/v2\/media\/4577"}],"wp:attachment":[{"href":"https:\/\/www.largepillow.com\/sl\/wp-json\/wp\/v2\/media?parent=4585"}],"wp:term":[{"taxonomy":"product_brand","embeddable":true,"href":"https:\/\/www.largepillow.com\/sl\/wp-json\/wp\/v2\/product_brand?post=4585"},{"taxonomy":"product_cat","embeddable":true,"href":"https:\/\/www.largepillow.com\/sl\/wp-json\/wp\/v2\/product_cat?post=4585"},{"taxonomy":"product_tag","embeddable":true,"href":"https:\/\/www.largepillow.com\/sl\/wp-json\/wp\/v2\/product_tag?post=4585"}],"curies":[{"name":"wp","href":"https:\/\/api.w.org\/{rel}","templated":true}]}}